{"id":7753,"date":"2024-06-04T10:55:02","date_gmt":"2024-06-04T13:55:02","guid":{"rendered":"https:\/\/www.sigmatools.com.br\/site\/?post_type=product&#038;p=7753"},"modified":"2026-02-12T14:57:07","modified_gmt":"2026-02-12T17:57:07","slug":"sgt-8517-lanterna-de-inspecao","status":"publish","type":"product","link":"https:\/\/www.sigmatools.com.br\/site\/produto\/sgt-8517-lanterna-de-inspecao\/","title":{"rendered":"SGT-8517 &#8211; LANTERNA DE INSPE\u00c7\u00c3O"},"content":{"rendered":"","protected":false},"excerpt":{"rendered":"<p><strong>C\u00f3digo de Produto<\/strong>: 0703851700<br \/>\n<strong>C\u00f3digo de Barras<\/strong>: 7908276630781<\/p>\n<p>&nbsp;<\/p>\n<iframe title=\"YouTube video player\" src=\"https:\/\/www.youtube.com\/embed\/NSOjNqGL-W8?si=-M7HtdzVlrqCQBdx\" width=\"560\" height=\"315\" frameborder=\"0\" allowfullscreen=\"allowfullscreen\"><\/iframe>\n<p>&nbsp;<\/p>\n<p><strong>CARACTER\u00cdSTICAS<\/strong><br \/>\n\u2022 Port\u00e1til, leve e compacta;<br \/>\n\u2022 Maior capacidade de reprodu\u00e7\u00e3o das cores reais;<br \/>\n\u2022 Lanterna em corpo extremamente robusto e resistente;<br \/>\n\u2022 Gancho com al\u00e7a ajust\u00e1vel 180\u00ba e base magn\u00e9tica articulada;<br \/>\n\u2022 Recarreg\u00e1vel em USB-C;<\/p>\n<p>&nbsp;<\/p>\n<p><strong>APLICA\u00c7\u00d5ES<\/strong><br \/>\n\u2022 Inspe\u00e7\u00e3o de pintura para detec\u00e7\u00e3o de imperfei\u00e7\u00f5es na est\u00e9tica<br \/>\nautomotiva;<br \/>\n\u2022 Utilizada para inspe\u00e7\u00e3o de polimentos e detalhamentos automotivos.<\/p>\n<p>&nbsp;<\/p>\n<p><strong>IMPORTANTE:<\/strong><\/p>\n<p>O que \u00e9 tecnologia CRI? O CRI (Colour Rendering Index) ou \u00edndice de Reprodu\u00e7\u00e3o de Cores \u00e9 um padr\u00e3o usado para medir com precis\u00e3o uma fonte de luz. Quanto mais pr\u00f3ximo de 100% for sua pontua\u00e7\u00e3o, maior \u00e9 a capacidade da luz de reproduzir as cores verdadeiras de um objeto em compara\u00e7\u00e3o com uma fonte de luz natural.<br \/>\nGrande parte das luzes de LED n\u00e3o possuem CRI acima de 90%. A Lanterna de Inspe\u00e7\u00e3o CRI 96+ tem um \u00edndice de reprodu\u00e7\u00e3o de cor de 96% o que garante a qualidade e precis\u00e3o de cor para trabalhos<br \/>\nminuciosos e que exigem a reprodu\u00e7\u00e3o de cores verdadeiras.<\/p>\n<p>&nbsp;<\/p>\n<p>&nbsp;<\/p>\n[button size=\"small\" icon=\"\" target=\"_blank\" text_align=\"left\" text=\"Informativo\" link=\"https:\/\/www.sigmatools.com.br\/site\/arquivos\/informativos\/SGT-8517%20-%20LANTERNA%20DE%20INSPE%C3%87%C3%83O%20CRI%2096%2B%20-%20INFO.pdf\" color=\"#ffffff\" hover_color=\"#ffffff\" background_color=\"#353535\" hover_background_color=\"#dd3333\" border_color=\"#353535\" hover_border_color=\"#dd3333\"]","protected":false},"featured_media":7754,"comment_status":"open","ping_status":"closed","template":"","meta":{"_jet_sm_ready_style":"","_jet_sm_style":"","_jet_sm_controls_values":"","_jet_sm_fonts_collection":"","_jet_sm_fonts_links":""},"product_brand":[],"product_cat":[218,110,60,72,15],"product_tag":[],"class_list":{"0":"post-7753","1":"product","2":"type-product","3":"status-publish","4":"has-post-thumbnail","6":"product_cat-destaque","7":"product_cat-ferramentas","8":"product_cat-catalogo-geral","9":"product_cat-iluminacao","10":"product_cat-sigma-tools","12":"first","13":"instock","14":"featured","15":"shipping-taxable","16":"product-type-simple"},"yoast_head":"<!-- This site is optimized with the Yoast SEO plugin v27.1.1 - https:\/\/yoast.com\/product\/yoast-seo-wordpress\/ -->\n<title>SGT-8517 - LANTERNA DE INSPE\u00c7\u00c3O - Sigma Tools<\/title>\n<meta name=\"robots\" content=\"index, follow, max-snippet:-1, max-image-preview:large, max-video-preview:-1\" \/>\n<link rel=\"canonical\" href=\"https:\/\/www.sigmatools.com.br\/site\/produto\/sgt-8517-lanterna-de-inspecao\/\" \/>\n<meta property=\"og:locale\" content=\"pt_BR\" \/>\n<meta property=\"og:type\" content=\"article\" \/>\n<meta property=\"og:title\" content=\"SGT-8517 - LANTERNA DE INSPE\u00c7\u00c3O - Sigma Tools\" \/>\n<meta property=\"og:description\" content=\"C\u00f3digo de Produto: 0703851700 C\u00f3digo de Barras: 7908276630781  &nbsp;    &nbsp;  CARACTER\u00cdSTICAS \u2022 Port\u00e1til, leve e compacta; \u2022 Maior capacidade de reprodu\u00e7\u00e3o das cores reais; \u2022 Lanterna em corpo extremamente robusto e resistente; \u2022 Gancho com al\u00e7a ajust\u00e1vel 180\u00ba e base magn\u00e9tica articulada; \u2022 Recarreg\u00e1vel em USB-C;  &nbsp;  APLICA\u00c7\u00d5ES \u2022 Inspe\u00e7\u00e3o de pintura para detec\u00e7\u00e3o de imperfei\u00e7\u00f5es na est\u00e9tica automotiva; \u2022 Utilizada para inspe\u00e7\u00e3o de polimentos e detalhamentos automotivos.  &nbsp;  IMPORTANTE:  O que \u00e9 tecnologia CRI? O CRI (Colour Rendering Index) ou \u00edndice de Reprodu\u00e7\u00e3o de Cores \u00e9 um padr\u00e3o usado para medir com precis\u00e3o uma fonte de luz. Quanto mais pr\u00f3ximo de 100% for sua pontua\u00e7\u00e3o, maior \u00e9 a capacidade da luz de reproduzir as cores verdadeiras de um objeto em compara\u00e7\u00e3o com uma fonte de luz natural. Grande parte das luzes de LED n\u00e3o possuem CRI acima de 90%. A Lanterna de Inspe\u00e7\u00e3o CRI 96+ tem um \u00edndice de reprodu\u00e7\u00e3o de cor de 96% o que garante a qualidade e precis\u00e3o de cor para trabalhos minuciosos e que exigem a reprodu\u00e7\u00e3o de cores verdadeiras.  &nbsp;  &nbsp;\" \/>\n<meta property=\"og:url\" content=\"https:\/\/www.sigmatools.com.br\/site\/produto\/sgt-8517-lanterna-de-inspecao\/\" \/>\n<meta property=\"og:site_name\" content=\"Sigma Tools\" \/>\n<meta property=\"article:publisher\" content=\"https:\/\/www.facebook.com\/sigmatools\" \/>\n<meta property=\"article:modified_time\" content=\"2026-02-12T17:57:07+00:00\" \/>\n<meta property=\"og:image\" content=\"https:\/\/www.sigmatools.com.br\/site\/wp-content\/uploads\/2024\/06\/1-1.jpg\" \/>\n\t<meta property=\"og:image:width\" content=\"1000\" \/>\n\t<meta property=\"og:image:height\" content=\"1000\" \/>\n\t<meta property=\"og:image:type\" content=\"image\/jpeg\" \/>\n<meta name=\"twitter:card\" content=\"summary_large_image\" \/>\n<script type=\"application\/ld+json\" class=\"yoast-schema-graph\">{\"@context\":\"https:\/\/schema.org\",\"@graph\":[{\"@type\":\"WebPage\",\"@id\":\"https:\/\/www.sigmatools.com.br\/site\/produto\/sgt-8517-lanterna-de-inspecao\/\",\"url\":\"https:\/\/www.sigmatools.com.br\/site\/produto\/sgt-8517-lanterna-de-inspecao\/\",\"name\":\"SGT-8517 - LANTERNA DE INSPE\u00c7\u00c3O - Sigma Tools\",\"isPartOf\":{\"@id\":\"https:\/\/www.sigmatools.com.br\/site\/#website\"},\"primaryImageOfPage\":{\"@id\":\"https:\/\/www.sigmatools.com.br\/site\/produto\/sgt-8517-lanterna-de-inspecao\/#primaryimage\"},\"image\":{\"@id\":\"https:\/\/www.sigmatools.com.br\/site\/produto\/sgt-8517-lanterna-de-inspecao\/#primaryimage\"},\"thumbnailUrl\":\"https:\/\/www.sigmatools.com.br\/site\/wp-content\/uploads\/2024\/06\/1-1.jpg\",\"datePublished\":\"2024-06-04T13:55:02+00:00\",\"dateModified\":\"2026-02-12T17:57:07+00:00\",\"breadcrumb\":{\"@id\":\"https:\/\/www.sigmatools.com.br\/site\/produto\/sgt-8517-lanterna-de-inspecao\/#breadcrumb\"},\"inLanguage\":\"pt-BR\",\"potentialAction\":[{\"@type\":\"ReadAction\",\"target\":[\"https:\/\/www.sigmatools.com.br\/site\/produto\/sgt-8517-lanterna-de-inspecao\/\"]}]},{\"@type\":\"ImageObject\",\"inLanguage\":\"pt-BR\",\"@id\":\"https:\/\/www.sigmatools.com.br\/site\/produto\/sgt-8517-lanterna-de-inspecao\/#primaryimage\",\"url\":\"https:\/\/www.sigmatools.com.br\/site\/wp-content\/uploads\/2024\/06\/1-1.jpg\",\"contentUrl\":\"https:\/\/www.sigmatools.com.br\/site\/wp-content\/uploads\/2024\/06\/1-1.jpg\",\"width\":1000,\"height\":1000},{\"@type\":\"BreadcrumbList\",\"@id\":\"https:\/\/www.sigmatools.com.br\/site\/produto\/sgt-8517-lanterna-de-inspecao\/#breadcrumb\",\"itemListElement\":[{\"@type\":\"ListItem\",\"position\":1,\"name\":\"In\u00edcio\",\"item\":\"https:\/\/www.sigmatools.com.br\/site\/\"},{\"@type\":\"ListItem\",\"position\":2,\"name\":\"SGT-8517 &#8211; LANTERNA DE INSPE\u00c7\u00c3O\"}]},{\"@type\":\"WebSite\",\"@id\":\"https:\/\/www.sigmatools.com.br\/site\/#website\",\"url\":\"https:\/\/www.sigmatools.com.br\/site\/\",\"name\":\"Sigma Tools\",\"description\":\"Equipamentos para Est\u00e9tica Automotiva e Oficina Mec\u00e2nica - Sigma Tools\",\"publisher\":{\"@id\":\"https:\/\/www.sigmatools.com.br\/site\/#organization\"},\"potentialAction\":[{\"@type\":\"SearchAction\",\"target\":{\"@type\":\"EntryPoint\",\"urlTemplate\":\"https:\/\/www.sigmatools.com.br\/site\/?s={search_term_string}\"},\"query-input\":{\"@type\":\"PropertyValueSpecification\",\"valueRequired\":true,\"valueName\":\"search_term_string\"}}],\"inLanguage\":\"pt-BR\"},{\"@type\":\"Organization\",\"@id\":\"https:\/\/www.sigmatools.com.br\/site\/#organization\",\"name\":\"SIGMA TOOLS\",\"url\":\"https:\/\/www.sigmatools.com.br\/site\/\",\"logo\":{\"@type\":\"ImageObject\",\"inLanguage\":\"pt-BR\",\"@id\":\"https:\/\/www.sigmatools.com.br\/site\/#\/schema\/logo\/image\/\",\"url\":\"https:\/\/www.sigmatools.com.br\/site\/wp-content\/uploads\/2020\/01\/logo-sigma.png\",\"contentUrl\":\"https:\/\/www.sigmatools.com.br\/site\/wp-content\/uploads\/2020\/01\/logo-sigma.png\",\"width\":152,\"height\":150,\"caption\":\"SIGMA TOOLS\"},\"image\":{\"@id\":\"https:\/\/www.sigmatools.com.br\/site\/#\/schema\/logo\/image\/\"},\"sameAs\":[\"https:\/\/www.facebook.com\/sigmatools\"]}]}<\/script>\n<!-- \/ Yoast SEO plugin. -->","yoast_head_json":{"title":"SGT-8517 - LANTERNA DE INSPE\u00c7\u00c3O - Sigma Tools","robots":{"index":"index","follow":"follow","max-snippet":"max-snippet:-1","max-image-preview":"max-image-preview:large","max-video-preview":"max-video-preview:-1"},"canonical":"https:\/\/www.sigmatools.com.br\/site\/produto\/sgt-8517-lanterna-de-inspecao\/","og_locale":"pt_BR","og_type":"article","og_title":"SGT-8517 - LANTERNA DE INSPE\u00c7\u00c3O - Sigma Tools","og_description":"C\u00f3digo de Produto: 0703851700 C\u00f3digo de Barras: 7908276630781  &nbsp;    &nbsp;  CARACTER\u00cdSTICAS \u2022 Port\u00e1til, leve e compacta; \u2022 Maior capacidade de reprodu\u00e7\u00e3o das cores reais; \u2022 Lanterna em corpo extremamente robusto e resistente; \u2022 Gancho com al\u00e7a ajust\u00e1vel 180\u00ba e base magn\u00e9tica articulada; \u2022 Recarreg\u00e1vel em USB-C;  &nbsp;  APLICA\u00c7\u00d5ES \u2022 Inspe\u00e7\u00e3o de pintura para detec\u00e7\u00e3o de imperfei\u00e7\u00f5es na est\u00e9tica automotiva; \u2022 Utilizada para inspe\u00e7\u00e3o de polimentos e detalhamentos automotivos.  &nbsp;  IMPORTANTE:  O que \u00e9 tecnologia CRI? O CRI (Colour Rendering Index) ou \u00edndice de Reprodu\u00e7\u00e3o de Cores \u00e9 um padr\u00e3o usado para medir com precis\u00e3o uma fonte de luz. Quanto mais pr\u00f3ximo de 100% for sua pontua\u00e7\u00e3o, maior \u00e9 a capacidade da luz de reproduzir as cores verdadeiras de um objeto em compara\u00e7\u00e3o com uma fonte de luz natural. Grande parte das luzes de LED n\u00e3o possuem CRI acima de 90%. A Lanterna de Inspe\u00e7\u00e3o CRI 96+ tem um \u00edndice de reprodu\u00e7\u00e3o de cor de 96% o que garante a qualidade e precis\u00e3o de cor para trabalhos minuciosos e que exigem a reprodu\u00e7\u00e3o de cores verdadeiras.  &nbsp;  &nbsp;","og_url":"https:\/\/www.sigmatools.com.br\/site\/produto\/sgt-8517-lanterna-de-inspecao\/","og_site_name":"Sigma Tools","article_publisher":"https:\/\/www.facebook.com\/sigmatools","article_modified_time":"2026-02-12T17:57:07+00:00","og_image":[{"width":1000,"height":1000,"url":"https:\/\/www.sigmatools.com.br\/site\/wp-content\/uploads\/2024\/06\/1-1.jpg","type":"image\/jpeg"}],"twitter_card":"summary_large_image","schema":{"@context":"https:\/\/schema.org","@graph":[{"@type":"WebPage","@id":"https:\/\/www.sigmatools.com.br\/site\/produto\/sgt-8517-lanterna-de-inspecao\/","url":"https:\/\/www.sigmatools.com.br\/site\/produto\/sgt-8517-lanterna-de-inspecao\/","name":"SGT-8517 - LANTERNA DE INSPE\u00c7\u00c3O - Sigma Tools","isPartOf":{"@id":"https:\/\/www.sigmatools.com.br\/site\/#website"},"primaryImageOfPage":{"@id":"https:\/\/www.sigmatools.com.br\/site\/produto\/sgt-8517-lanterna-de-inspecao\/#primaryimage"},"image":{"@id":"https:\/\/www.sigmatools.com.br\/site\/produto\/sgt-8517-lanterna-de-inspecao\/#primaryimage"},"thumbnailUrl":"https:\/\/www.sigmatools.com.br\/site\/wp-content\/uploads\/2024\/06\/1-1.jpg","datePublished":"2024-06-04T13:55:02+00:00","dateModified":"2026-02-12T17:57:07+00:00","breadcrumb":{"@id":"https:\/\/www.sigmatools.com.br\/site\/produto\/sgt-8517-lanterna-de-inspecao\/#breadcrumb"},"inLanguage":"pt-BR","potentialAction":[{"@type":"ReadAction","target":["https:\/\/www.sigmatools.com.br\/site\/produto\/sgt-8517-lanterna-de-inspecao\/"]}]},{"@type":"ImageObject","inLanguage":"pt-BR","@id":"https:\/\/www.sigmatools.com.br\/site\/produto\/sgt-8517-lanterna-de-inspecao\/#primaryimage","url":"https:\/\/www.sigmatools.com.br\/site\/wp-content\/uploads\/2024\/06\/1-1.jpg","contentUrl":"https:\/\/www.sigmatools.com.br\/site\/wp-content\/uploads\/2024\/06\/1-1.jpg","width":1000,"height":1000},{"@type":"BreadcrumbList","@id":"https:\/\/www.sigmatools.com.br\/site\/produto\/sgt-8517-lanterna-de-inspecao\/#breadcrumb","itemListElement":[{"@type":"ListItem","position":1,"name":"In\u00edcio","item":"https:\/\/www.sigmatools.com.br\/site\/"},{"@type":"ListItem","position":2,"name":"SGT-8517 &#8211; LANTERNA DE INSPE\u00c7\u00c3O"}]},{"@type":"WebSite","@id":"https:\/\/www.sigmatools.com.br\/site\/#website","url":"https:\/\/www.sigmatools.com.br\/site\/","name":"Sigma Tools","description":"Equipamentos para Est\u00e9tica Automotiva e Oficina Mec\u00e2nica - Sigma Tools","publisher":{"@id":"https:\/\/www.sigmatools.com.br\/site\/#organization"},"potentialAction":[{"@type":"SearchAction","target":{"@type":"EntryPoint","urlTemplate":"https:\/\/www.sigmatools.com.br\/site\/?s={search_term_string}"},"query-input":{"@type":"PropertyValueSpecification","valueRequired":true,"valueName":"search_term_string"}}],"inLanguage":"pt-BR"},{"@type":"Organization","@id":"https:\/\/www.sigmatools.com.br\/site\/#organization","name":"SIGMA TOOLS","url":"https:\/\/www.sigmatools.com.br\/site\/","logo":{"@type":"ImageObject","inLanguage":"pt-BR","@id":"https:\/\/www.sigmatools.com.br\/site\/#\/schema\/logo\/image\/","url":"https:\/\/www.sigmatools.com.br\/site\/wp-content\/uploads\/2020\/01\/logo-sigma.png","contentUrl":"https:\/\/www.sigmatools.com.br\/site\/wp-content\/uploads\/2020\/01\/logo-sigma.png","width":152,"height":150,"caption":"SIGMA TOOLS"},"image":{"@id":"https:\/\/www.sigmatools.com.br\/site\/#\/schema\/logo\/image\/"},"sameAs":["https:\/\/www.facebook.com\/sigmatools"]}]}},"_links":{"self":[{"href":"https:\/\/www.sigmatools.com.br\/site\/wp-json\/wp\/v2\/product\/7753","targetHints":{"allow":["GET"]}}],"collection":[{"href":"https:\/\/www.sigmatools.com.br\/site\/wp-json\/wp\/v2\/product"}],"about":[{"href":"https:\/\/www.sigmatools.com.br\/site\/wp-json\/wp\/v2\/types\/product"}],"replies":[{"embeddable":true,"href":"https:\/\/www.sigmatools.com.br\/site\/wp-json\/wp\/v2\/comments?post=7753"}],"wp:featuredmedia":[{"embeddable":true,"href":"https:\/\/www.sigmatools.com.br\/site\/wp-json\/wp\/v2\/media\/7754"}],"wp:attachment":[{"href":"https:\/\/www.sigmatools.com.br\/site\/wp-json\/wp\/v2\/media?parent=7753"}],"wp:term":[{"taxonomy":"product_brand","embeddable":true,"href":"https:\/\/www.sigmatools.com.br\/site\/wp-json\/wp\/v2\/product_brand?post=7753"},{"taxonomy":"product_cat","embeddable":true,"href":"https:\/\/www.sigmatools.com.br\/site\/wp-json\/wp\/v2\/product_cat?post=7753"},{"taxonomy":"product_tag","embeddable":true,"href":"https:\/\/www.sigmatools.com.br\/site\/wp-json\/wp\/v2\/product_tag?post=7753"}],"curies":[{"name":"wp","href":"https:\/\/api.w.org\/{rel}","templated":true}]}}