{"id":8235,"date":"2024-07-26T09:30:34","date_gmt":"2024-07-26T12:30:34","guid":{"rendered":"https:\/\/www.sigmatools.com.br\/site\/?post_type=product&#038;p=8235"},"modified":"2026-03-06T15:03:40","modified_gmt":"2026-03-06T18:03:40","slug":"sgt-0517-mini-chave-de-impacto-1-2-82-kgf-m-composite","status":"publish","type":"product","link":"https:\/\/www.sigmatools.com.br\/site\/produto\/sgt-0517-mini-chave-de-impacto-1-2-82-kgf-m-composite\/","title":{"rendered":"SGT-0517 &#8211; MINI CHAVE DE IMPACTO 1\/2&#8243; 82 KGF.M COMPOSITE"},"content":{"rendered":"","protected":false},"excerpt":{"rendered":"<p><strong>C\u00f3digo do produto:<\/strong> 0701051700<\/p>\n<p><strong>C\u00f3digo der barras:<\/strong> 7908276640100<\/p>\n<iframe title=\"YouTube video player\" src=\"https:\/\/www.youtube.com\/embed\/IEGlloF4wNw?si=rCfunmItPZCiF2wA\" width=\"315\" height=\"560\" frameborder=\"0\" allowfullscreen=\"allowfullscreen\"><span data-mce-type=\"bookmark\" style=\"display: inline-block; width: 0px; overflow: hidden; line-height: 0;\" class=\"mce_SELRES_start\">\ufeff<\/span><\/iframe>\n<p>&nbsp;<\/p>\n<p><strong>Caracter\u00edsticas<\/strong><br \/>\n\u2022 M\u00e1quina SUPER COMPACTA;<br \/>\n\u2022 Ferramenta de \u00f3timo torque para trabalhos r\u00e1pidos em locais de dif\u00edcil acesso;<br \/>\n\u2022 Carca\u00e7a em composite;<br \/>\n\u2022 Desenho ergon\u00f4mico;<br \/>\n\u2022 Exaust\u00e3o de ar atrav\u00e9s do cabo;<br \/>\n\u2022 Mecanismo de impacto tipo Jumbo Hammer.<\/p>\n<p><strong>Aplica\u00e7\u00f5es<\/strong><br \/>\nIndicado para opera\u00e7\u00f5es de aperto e desaperto de parafusos e porcas em geral, principalmente em lugares de dif\u00edcil acesso.<\/p>\n<p>&nbsp;<\/p>\n[button size=\"small\" icon=\"\" target=\"_blank\" text_align=\"left\" text=\"Informativo\" link=\"http:\/\/www.sigmatools.com.br\/site\/arquivos\/informativos\/SGT-0517%20-%20MINI%20CHAVE%20DE%20IMPACTO%201%202%20-%20%2882KGFM%29%20COMPOSITE%20-%20INFO.pdf\" color=\"#ffffff\" hover_color=\"#ffffff\" background_color=\"#353535\" hover_background_color=\"#dd3333\" border_color=\"#353535\" hover_border_color=\"#dd3333\"]\n[button size=\"small\" icon=\"\" target=\"_blank\" text_align=\"left\" text=\"Vista Explodida\" link=\"http:\/\/www.sigmatools.com.br\/site\/arquivos\/vista-explodida\/SGT-0517%20E%200517B%20-%20MINI%20CHAVE%20DE%20IMPACTO%201%202%20-%203%208%20%2882KGF.M%29%20COMPOSITE%20-%20VE.pdf\" color=\"#ffffff\" hover_color=\"#ffffff\" background_color=\"#353535\" hover_background_color=\"#dd3333\" border_color=\"#353535\" hover_border_color=\"#dd3333\"]","protected":false},"featured_media":8236,"comment_status":"open","ping_status":"closed","template":"","meta":{"_jet_sm_ready_style":"","_jet_sm_style":"","_jet_sm_controls_values":"","_jet_sm_fonts_collection":"","_jet_sm_fonts_links":""},"product_brand":[],"product_cat":[113,218,110,60,82,15],"product_tag":[236,284,285],"class_list":{"0":"post-8235","1":"product","2":"type-product","3":"status-publish","4":"has-post-thumbnail","6":"product_cat-chaves-de-impacto","7":"product_cat-destaque","8":"product_cat-ferramentas","9":"product_cat-catalogo-geral","10":"product_cat-aperto-e-desaperto","11":"product_cat-sigma-tools","12":"product_tag-aplicacao-aperto-e-desaperto","13":"product_tag-tipo-chave-de-impacto","14":"product_tag-tipo-chave-pneumatica","16":"first","17":"instock","18":"shipping-taxable","19":"product-type-simple"},"yoast_head":"<!-- This site is optimized with the Yoast SEO plugin v27.1.1 - https:\/\/yoast.com\/product\/yoast-seo-wordpress\/ -->\n<title>SGT-0517 - MINI CHAVE DE IMPACTO 1\/2&quot; 82 KGF.M COMPOSITE - Sigma Tools<\/title>\n<meta name=\"description\" content=\"Chave de impacto pneum\u00e1tica de 1&quot; longa sistema pinless. \u00d3tima para ve\u00edculos pesados como caminh\u00f5es, \u00f4nibus e tratores. N\u00e3o pode faltar na sua oficina!\" \/>\n<meta name=\"robots\" content=\"index, follow, max-snippet:-1, max-image-preview:large, max-video-preview:-1\" \/>\n<link rel=\"canonical\" href=\"https:\/\/www.sigmatools.com.br\/site\/produto\/sgt-0517-mini-chave-de-impacto-1-2-82-kgf-m-composite\/\" \/>\n<meta property=\"og:locale\" content=\"pt_BR\" \/>\n<meta property=\"og:type\" content=\"article\" \/>\n<meta property=\"og:title\" content=\"SGT-0517 - MINI CHAVE DE IMPACTO 1\/2&quot; 82 KGF.M COMPOSITE - Sigma Tools\" \/>\n<meta property=\"og:description\" content=\"Chave de impacto pneum\u00e1tica de 1&quot; longa sistema pinless. \u00d3tima para ve\u00edculos pesados como caminh\u00f5es, \u00f4nibus e tratores. N\u00e3o pode faltar na sua oficina!\" \/>\n<meta property=\"og:url\" content=\"https:\/\/www.sigmatools.com.br\/site\/produto\/sgt-0517-mini-chave-de-impacto-1-2-82-kgf-m-composite\/\" \/>\n<meta property=\"og:site_name\" content=\"Sigma Tools\" \/>\n<meta property=\"article:publisher\" content=\"https:\/\/www.facebook.com\/sigmatools\" \/>\n<meta property=\"article:modified_time\" content=\"2026-03-06T18:03:40+00:00\" \/>\n<meta property=\"og:image\" content=\"https:\/\/www.sigmatools.com.br\/site\/wp-content\/uploads\/2024\/07\/1000x1000.png\" \/>\n\t<meta property=\"og:image:width\" content=\"1000\" \/>\n\t<meta property=\"og:image:height\" content=\"1000\" \/>\n\t<meta property=\"og:image:type\" content=\"image\/png\" \/>\n<meta name=\"twitter:card\" content=\"summary_large_image\" \/>\n<meta name=\"twitter:label1\" content=\"Est. tempo de leitura\" \/>\n\t<meta name=\"twitter:data1\" content=\"1 minuto\" \/>\n<script type=\"application\/ld+json\" class=\"yoast-schema-graph\">{\"@context\":\"https:\/\/schema.org\",\"@graph\":[{\"@type\":\"WebPage\",\"@id\":\"https:\/\/www.sigmatools.com.br\/site\/produto\/sgt-0517-mini-chave-de-impacto-1-2-82-kgf-m-composite\/\",\"url\":\"https:\/\/www.sigmatools.com.br\/site\/produto\/sgt-0517-mini-chave-de-impacto-1-2-82-kgf-m-composite\/\",\"name\":\"SGT-0517 - MINI CHAVE DE IMPACTO 1\/2\\\" 82 KGF.M COMPOSITE - Sigma Tools\",\"isPartOf\":{\"@id\":\"https:\/\/www.sigmatools.com.br\/site\/#website\"},\"primaryImageOfPage\":{\"@id\":\"https:\/\/www.sigmatools.com.br\/site\/produto\/sgt-0517-mini-chave-de-impacto-1-2-82-kgf-m-composite\/#primaryimage\"},\"image\":{\"@id\":\"https:\/\/www.sigmatools.com.br\/site\/produto\/sgt-0517-mini-chave-de-impacto-1-2-82-kgf-m-composite\/#primaryimage\"},\"thumbnailUrl\":\"https:\/\/www.sigmatools.com.br\/site\/wp-content\/uploads\/2024\/07\/1000x1000.png\",\"datePublished\":\"2024-07-26T12:30:34+00:00\",\"dateModified\":\"2026-03-06T18:03:40+00:00\",\"description\":\"Chave de impacto pneum\u00e1tica de 1\\\" longa sistema pinless. \u00d3tima para ve\u00edculos pesados como caminh\u00f5es, \u00f4nibus e tratores. N\u00e3o pode faltar na sua oficina!\",\"breadcrumb\":{\"@id\":\"https:\/\/www.sigmatools.com.br\/site\/produto\/sgt-0517-mini-chave-de-impacto-1-2-82-kgf-m-composite\/#breadcrumb\"},\"inLanguage\":\"pt-BR\",\"potentialAction\":[{\"@type\":\"ReadAction\",\"target\":[\"https:\/\/www.sigmatools.com.br\/site\/produto\/sgt-0517-mini-chave-de-impacto-1-2-82-kgf-m-composite\/\"]}]},{\"@type\":\"ImageObject\",\"inLanguage\":\"pt-BR\",\"@id\":\"https:\/\/www.sigmatools.com.br\/site\/produto\/sgt-0517-mini-chave-de-impacto-1-2-82-kgf-m-composite\/#primaryimage\",\"url\":\"https:\/\/www.sigmatools.com.br\/site\/wp-content\/uploads\/2024\/07\/1000x1000.png\",\"contentUrl\":\"https:\/\/www.sigmatools.com.br\/site\/wp-content\/uploads\/2024\/07\/1000x1000.png\",\"width\":1000,\"height\":1000},{\"@type\":\"BreadcrumbList\",\"@id\":\"https:\/\/www.sigmatools.com.br\/site\/produto\/sgt-0517-mini-chave-de-impacto-1-2-82-kgf-m-composite\/#breadcrumb\",\"itemListElement\":[{\"@type\":\"ListItem\",\"position\":1,\"name\":\"In\u00edcio\",\"item\":\"https:\/\/www.sigmatools.com.br\/site\/\"},{\"@type\":\"ListItem\",\"position\":2,\"name\":\"SGT-0517 &#8211; MINI CHAVE DE IMPACTO 1\/2&#8243; 82 KGF.M COMPOSITE\"}]},{\"@type\":\"WebSite\",\"@id\":\"https:\/\/www.sigmatools.com.br\/site\/#website\",\"url\":\"https:\/\/www.sigmatools.com.br\/site\/\",\"name\":\"Sigma Tools\",\"description\":\"Equipamentos para Est\u00e9tica Automotiva e Oficina Mec\u00e2nica - Sigma Tools\",\"publisher\":{\"@id\":\"https:\/\/www.sigmatools.com.br\/site\/#organization\"},\"potentialAction\":[{\"@type\":\"SearchAction\",\"target\":{\"@type\":\"EntryPoint\",\"urlTemplate\":\"https:\/\/www.sigmatools.com.br\/site\/?s={search_term_string}\"},\"query-input\":{\"@type\":\"PropertyValueSpecification\",\"valueRequired\":true,\"valueName\":\"search_term_string\"}}],\"inLanguage\":\"pt-BR\"},{\"@type\":\"Organization\",\"@id\":\"https:\/\/www.sigmatools.com.br\/site\/#organization\",\"name\":\"SIGMA TOOLS\",\"url\":\"https:\/\/www.sigmatools.com.br\/site\/\",\"logo\":{\"@type\":\"ImageObject\",\"inLanguage\":\"pt-BR\",\"@id\":\"https:\/\/www.sigmatools.com.br\/site\/#\/schema\/logo\/image\/\",\"url\":\"https:\/\/www.sigmatools.com.br\/site\/wp-content\/uploads\/2020\/01\/logo-sigma.png\",\"contentUrl\":\"https:\/\/www.sigmatools.com.br\/site\/wp-content\/uploads\/2020\/01\/logo-sigma.png\",\"width\":152,\"height\":150,\"caption\":\"SIGMA TOOLS\"},\"image\":{\"@id\":\"https:\/\/www.sigmatools.com.br\/site\/#\/schema\/logo\/image\/\"},\"sameAs\":[\"https:\/\/www.facebook.com\/sigmatools\"]}]}<\/script>\n<!-- \/ Yoast SEO plugin. -->","yoast_head_json":{"title":"SGT-0517 - MINI CHAVE DE IMPACTO 1\/2\" 82 KGF.M COMPOSITE - Sigma Tools","description":"Chave de impacto pneum\u00e1tica de 1\" longa sistema pinless. \u00d3tima para ve\u00edculos pesados como caminh\u00f5es, \u00f4nibus e tratores. N\u00e3o pode faltar na sua oficina!","robots":{"index":"index","follow":"follow","max-snippet":"max-snippet:-1","max-image-preview":"max-image-preview:large","max-video-preview":"max-video-preview:-1"},"canonical":"https:\/\/www.sigmatools.com.br\/site\/produto\/sgt-0517-mini-chave-de-impacto-1-2-82-kgf-m-composite\/","og_locale":"pt_BR","og_type":"article","og_title":"SGT-0517 - MINI CHAVE DE IMPACTO 1\/2\" 82 KGF.M COMPOSITE - Sigma Tools","og_description":"Chave de impacto pneum\u00e1tica de 1\" longa sistema pinless. \u00d3tima para ve\u00edculos pesados como caminh\u00f5es, \u00f4nibus e tratores. N\u00e3o pode faltar na sua oficina!","og_url":"https:\/\/www.sigmatools.com.br\/site\/produto\/sgt-0517-mini-chave-de-impacto-1-2-82-kgf-m-composite\/","og_site_name":"Sigma Tools","article_publisher":"https:\/\/www.facebook.com\/sigmatools","article_modified_time":"2026-03-06T18:03:40+00:00","og_image":[{"width":1000,"height":1000,"url":"https:\/\/www.sigmatools.com.br\/site\/wp-content\/uploads\/2024\/07\/1000x1000.png","type":"image\/png"}],"twitter_card":"summary_large_image","twitter_misc":{"Est. tempo de leitura":"1 minuto"},"schema":{"@context":"https:\/\/schema.org","@graph":[{"@type":"WebPage","@id":"https:\/\/www.sigmatools.com.br\/site\/produto\/sgt-0517-mini-chave-de-impacto-1-2-82-kgf-m-composite\/","url":"https:\/\/www.sigmatools.com.br\/site\/produto\/sgt-0517-mini-chave-de-impacto-1-2-82-kgf-m-composite\/","name":"SGT-0517 - MINI CHAVE DE IMPACTO 1\/2\" 82 KGF.M COMPOSITE - Sigma Tools","isPartOf":{"@id":"https:\/\/www.sigmatools.com.br\/site\/#website"},"primaryImageOfPage":{"@id":"https:\/\/www.sigmatools.com.br\/site\/produto\/sgt-0517-mini-chave-de-impacto-1-2-82-kgf-m-composite\/#primaryimage"},"image":{"@id":"https:\/\/www.sigmatools.com.br\/site\/produto\/sgt-0517-mini-chave-de-impacto-1-2-82-kgf-m-composite\/#primaryimage"},"thumbnailUrl":"https:\/\/www.sigmatools.com.br\/site\/wp-content\/uploads\/2024\/07\/1000x1000.png","datePublished":"2024-07-26T12:30:34+00:00","dateModified":"2026-03-06T18:03:40+00:00","description":"Chave de impacto pneum\u00e1tica de 1\" longa sistema pinless. \u00d3tima para ve\u00edculos pesados como caminh\u00f5es, \u00f4nibus e tratores. N\u00e3o pode faltar na sua oficina!","breadcrumb":{"@id":"https:\/\/www.sigmatools.com.br\/site\/produto\/sgt-0517-mini-chave-de-impacto-1-2-82-kgf-m-composite\/#breadcrumb"},"inLanguage":"pt-BR","potentialAction":[{"@type":"ReadAction","target":["https:\/\/www.sigmatools.com.br\/site\/produto\/sgt-0517-mini-chave-de-impacto-1-2-82-kgf-m-composite\/"]}]},{"@type":"ImageObject","inLanguage":"pt-BR","@id":"https:\/\/www.sigmatools.com.br\/site\/produto\/sgt-0517-mini-chave-de-impacto-1-2-82-kgf-m-composite\/#primaryimage","url":"https:\/\/www.sigmatools.com.br\/site\/wp-content\/uploads\/2024\/07\/1000x1000.png","contentUrl":"https:\/\/www.sigmatools.com.br\/site\/wp-content\/uploads\/2024\/07\/1000x1000.png","width":1000,"height":1000},{"@type":"BreadcrumbList","@id":"https:\/\/www.sigmatools.com.br\/site\/produto\/sgt-0517-mini-chave-de-impacto-1-2-82-kgf-m-composite\/#breadcrumb","itemListElement":[{"@type":"ListItem","position":1,"name":"In\u00edcio","item":"https:\/\/www.sigmatools.com.br\/site\/"},{"@type":"ListItem","position":2,"name":"SGT-0517 &#8211; MINI CHAVE DE IMPACTO 1\/2&#8243; 82 KGF.M COMPOSITE"}]},{"@type":"WebSite","@id":"https:\/\/www.sigmatools.com.br\/site\/#website","url":"https:\/\/www.sigmatools.com.br\/site\/","name":"Sigma Tools","description":"Equipamentos para Est\u00e9tica Automotiva e Oficina Mec\u00e2nica - Sigma Tools","publisher":{"@id":"https:\/\/www.sigmatools.com.br\/site\/#organization"},"potentialAction":[{"@type":"SearchAction","target":{"@type":"EntryPoint","urlTemplate":"https:\/\/www.sigmatools.com.br\/site\/?s={search_term_string}"},"query-input":{"@type":"PropertyValueSpecification","valueRequired":true,"valueName":"search_term_string"}}],"inLanguage":"pt-BR"},{"@type":"Organization","@id":"https:\/\/www.sigmatools.com.br\/site\/#organization","name":"SIGMA TOOLS","url":"https:\/\/www.sigmatools.com.br\/site\/","logo":{"@type":"ImageObject","inLanguage":"pt-BR","@id":"https:\/\/www.sigmatools.com.br\/site\/#\/schema\/logo\/image\/","url":"https:\/\/www.sigmatools.com.br\/site\/wp-content\/uploads\/2020\/01\/logo-sigma.png","contentUrl":"https:\/\/www.sigmatools.com.br\/site\/wp-content\/uploads\/2020\/01\/logo-sigma.png","width":152,"height":150,"caption":"SIGMA TOOLS"},"image":{"@id":"https:\/\/www.sigmatools.com.br\/site\/#\/schema\/logo\/image\/"},"sameAs":["https:\/\/www.facebook.com\/sigmatools"]}]}},"_links":{"self":[{"href":"https:\/\/www.sigmatools.com.br\/site\/wp-json\/wp\/v2\/product\/8235","targetHints":{"allow":["GET"]}}],"collection":[{"href":"https:\/\/www.sigmatools.com.br\/site\/wp-json\/wp\/v2\/product"}],"about":[{"href":"https:\/\/www.sigmatools.com.br\/site\/wp-json\/wp\/v2\/types\/product"}],"replies":[{"embeddable":true,"href":"https:\/\/www.sigmatools.com.br\/site\/wp-json\/wp\/v2\/comments?post=8235"}],"wp:featuredmedia":[{"embeddable":true,"href":"https:\/\/www.sigmatools.com.br\/site\/wp-json\/wp\/v2\/media\/8236"}],"wp:attachment":[{"href":"https:\/\/www.sigmatools.com.br\/site\/wp-json\/wp\/v2\/media?parent=8235"}],"wp:term":[{"taxonomy":"product_brand","embeddable":true,"href":"https:\/\/www.sigmatools.com.br\/site\/wp-json\/wp\/v2\/product_brand?post=8235"},{"taxonomy":"product_cat","embeddable":true,"href":"https:\/\/www.sigmatools.com.br\/site\/wp-json\/wp\/v2\/product_cat?post=8235"},{"taxonomy":"product_tag","embeddable":true,"href":"https:\/\/www.sigmatools.com.br\/site\/wp-json\/wp\/v2\/product_tag?post=8235"}],"curies":[{"name":"wp","href":"https:\/\/api.w.org\/{rel}","templated":true}]}}