{"id":836,"date":"2020-02-04T07:51:36","date_gmt":"2020-02-04T10:51:36","guid":{"rendered":"https:\/\/www.sigmatools.com.br\/site\/?post_type=product&#038;p=836"},"modified":"2024-07-01T16:43:34","modified_gmt":"2024-07-01T19:43:34","slug":"sgt-0142","status":"publish","type":"product","link":"https:\/\/www.sigmatools.com.br\/site\/produto\/sgt-0142\/","title":{"rendered":"SGT-0142 &#8211; PARAFUSADEIRA RETA PNEUM\u00c1TICA 1\/4&#8243; &#8211; 1 a 3 Nm"},"content":{"rendered":"<p>[vc_row css_animation=&#8221;&#8221; row_type=&#8221;row&#8221; use_row_as_full_screen_section=&#8221;no&#8221; type=&#8221;full_width&#8221; angled_section=&#8221;no&#8221; text_align=&#8221;left&#8221; background_image_as_pattern=&#8221;without_pattern&#8221;][vc_column][vc_column_text]<strong>Velocidade Livre (rpm):<\/strong> 1.500<br \/>\n<strong>Faixa de Torque (Nm):<\/strong>\u00a0 1 a 3<br \/>\n<strong>Peso (kg):<\/strong> 0,600<br \/>\n<strong>Encaixe Hexagonal\u00a0(pol.):<\/strong> 1\/4\u201d<br \/>\n<strong>Capacidade do parafuso (mm):<\/strong>\u00a0M10<br \/>\n<strong>\u00a0<\/strong><\/p>\n<p><strong>Para mais informa\u00e7\u00f5es, baixe o INFORMATIVO dessa ferramenta.<\/strong>[\/vc_column_text][\/vc_column][\/vc_row]<\/p>","protected":false},"excerpt":{"rendered":"<p><strong>C\u00f3digo do produto:<\/strong> 0701014200<\/p>\n<p><strong>C\u00f3digo de barras:<\/strong> 7908276600555<\/p>\n<p>&nbsp;<\/p>\n<p>Indicado para uso em situa\u00e7\u00f5es onde exista a necessidade de um baixo torque com alta rota\u00e7\u00e3o.<\/p>\n<p>&nbsp;<\/p>\n<p><a href=\"http:\/\/www.sigmatools.com.br\/site\/wp-content\/uploads\/2015\/11\/pictogramas-20.jpg\"><img decoding=\"async\" class=\"alignnone size-full wp-image-271\" src=\"http:\/\/www.sigmatools.com.br\/site\/wp-content\/uploads\/2015\/11\/pictogramas-20.jpg\" alt=\"pictogramas-20\" width=\"105\" height=\"43\" srcset=\"https:\/\/www.sigmatools.com.br\/site\/wp-content\/uploads\/2015\/11\/pictogramas-20.jpg 105w, https:\/\/www.sigmatools.com.br\/site\/wp-content\/uploads\/2015\/11\/pictogramas-20-64x26.jpg 64w\" sizes=\"(max-width: 105px) 100vw, 105px\" \/><\/a><\/p>\n<p>&nbsp;<\/p>\n<p><strong>Caracter\u00edsticas:<\/strong><\/p>\n<p>\u2022 Revers\u00e3o por bot\u00e3o;<br \/>\n\u2022 Regulagem interna de torque;<br \/>\n\u2022 Carca\u00e7a em Alum\u00ednio;<br \/>\n\u2022 Desenho ergon\u00f4mico;<br \/>\n\u2022 Porta bit de troca r\u00e1pida de ponteira;<br \/>\n\u2022 Exaust\u00e3o de ar atrav\u00e9s do cabo;<br \/>\n\u2022 Gatilho com \u00f3tima sensibilidade.<\/p>\n<p>&nbsp;<\/p>\n[button size=\"small\" icon=\"\" target=\"_blank\" text_align=\"left\" text=\"Informativo\" link=\"http:\/\/www.sigmatools.com.br\/site\/arquivos\/informativos\/SGT-0142%20-%20Parafusadeira%20Reta%201-4%20-%201%20A%203%20NM%20-%20INFO.pdf\" color=\"#ffffff\" hover_color=\"#ffffff\" background_color=\"#353535\" hover_background_color=\"#dd3333\" border_color=\"#353535\" hover_border_color=\"#dd3333\"]\n[button size=\"small\" icon=\"\" target=\"_blank\" text_align=\"left\" text=\"Vista Explodida\" link=\"http:\/\/www.sigmatools.com.br\/site\/arquivos\/vista-explodida\/SGT-0142 - Parafusadeira Reta 1-4 - VE.pdf\" color=\"#ffffff\" hover_color=\"#ffffff\" background_color=\"#353535\" hover_background_color=\"#dd3333\" border_color=\"#353535\" hover_border_color=\"#dd3333\"]","protected":false},"featured_media":5126,"comment_status":"open","ping_status":"closed","template":"","meta":{"_jet_sm_ready_style":"","_jet_sm_style":"","_jet_sm_controls_values":"","_jet_sm_fonts_collection":"","_jet_sm_fonts_links":""},"product_brand":[],"product_cat":[110,123,60,83,15],"product_tag":[],"class_list":{"0":"post-836","1":"product","2":"type-product","3":"status-publish","4":"has-post-thumbnail","6":"product_cat-ferramentas","7":"product_cat-parafusadeiras-deslizantes","8":"product_cat-catalogo-geral","9":"product_cat-fixacao","10":"product_cat-sigma-tools","12":"first","13":"instock","14":"shipping-taxable","15":"product-type-simple"},"yoast_head":"<!-- This site is optimized with the Yoast SEO plugin v27.1.1 - https:\/\/yoast.com\/product\/yoast-seo-wordpress\/ -->\n<title>SGT-0142 - PARAFUSADEIRA RETA PNEUM\u00c1TICA 1\/4&quot; - 1 a 3 Nm - Sigma Tools<\/title>\n<meta name=\"robots\" content=\"index, follow, max-snippet:-1, max-image-preview:large, max-video-preview:-1\" \/>\n<link rel=\"canonical\" href=\"https:\/\/www.sigmatools.com.br\/site\/produto\/sgt-0142\/\" \/>\n<meta property=\"og:locale\" content=\"pt_BR\" \/>\n<meta property=\"og:type\" content=\"article\" \/>\n<meta property=\"og:title\" content=\"SGT-0142 - PARAFUSADEIRA RETA PNEUM\u00c1TICA 1\/4&quot; - 1 a 3 Nm - Sigma Tools\" \/>\n<meta property=\"og:description\" content=\"C\u00f3digo do produto: 0701014200  C\u00f3digo de barras: 7908276600555  &nbsp;  Indicado para uso em situa\u00e7\u00f5es onde exista a necessidade de um baixo torque com alta rota\u00e7\u00e3o.  &nbsp;    &nbsp;  Caracter\u00edsticas:  \u2022 Revers\u00e3o por bot\u00e3o; \u2022 Regulagem interna de torque; \u2022 Carca\u00e7a em Alum\u00ednio; \u2022 Desenho ergon\u00f4mico; \u2022 Porta bit de troca r\u00e1pida de ponteira; \u2022 Exaust\u00e3o de ar atrav\u00e9s do cabo; \u2022 Gatilho com \u00f3tima sensibilidade.  &nbsp;\" \/>\n<meta property=\"og:url\" content=\"https:\/\/www.sigmatools.com.br\/site\/produto\/sgt-0142\/\" \/>\n<meta property=\"og:site_name\" content=\"Sigma Tools\" \/>\n<meta property=\"article:publisher\" content=\"https:\/\/www.facebook.com\/sigmatools\" \/>\n<meta property=\"article:modified_time\" content=\"2024-07-01T19:43:34+00:00\" \/>\n<meta property=\"og:image\" content=\"https:\/\/www.sigmatools.com.br\/site\/wp-content\/uploads\/2020\/02\/SGT-0142.png\" \/>\n\t<meta property=\"og:image:width\" content=\"1000\" \/>\n\t<meta property=\"og:image:height\" content=\"1000\" \/>\n\t<meta property=\"og:image:type\" content=\"image\/png\" \/>\n<meta name=\"twitter:card\" content=\"summary_large_image\" \/>\n<script type=\"application\/ld+json\" class=\"yoast-schema-graph\">{\"@context\":\"https:\/\/schema.org\",\"@graph\":[{\"@type\":\"WebPage\",\"@id\":\"https:\/\/www.sigmatools.com.br\/site\/produto\/sgt-0142\/\",\"url\":\"https:\/\/www.sigmatools.com.br\/site\/produto\/sgt-0142\/\",\"name\":\"SGT-0142 - PARAFUSADEIRA RETA PNEUM\u00c1TICA 1\/4\\\" - 1 a 3 Nm - Sigma Tools\",\"isPartOf\":{\"@id\":\"https:\/\/www.sigmatools.com.br\/site\/#website\"},\"primaryImageOfPage\":{\"@id\":\"https:\/\/www.sigmatools.com.br\/site\/produto\/sgt-0142\/#primaryimage\"},\"image\":{\"@id\":\"https:\/\/www.sigmatools.com.br\/site\/produto\/sgt-0142\/#primaryimage\"},\"thumbnailUrl\":\"https:\/\/www.sigmatools.com.br\/site\/wp-content\/uploads\/2020\/02\/SGT-0142.png\",\"datePublished\":\"2020-02-04T10:51:36+00:00\",\"dateModified\":\"2024-07-01T19:43:34+00:00\",\"breadcrumb\":{\"@id\":\"https:\/\/www.sigmatools.com.br\/site\/produto\/sgt-0142\/#breadcrumb\"},\"inLanguage\":\"pt-BR\",\"potentialAction\":[{\"@type\":\"ReadAction\",\"target\":[\"https:\/\/www.sigmatools.com.br\/site\/produto\/sgt-0142\/\"]}]},{\"@type\":\"ImageObject\",\"inLanguage\":\"pt-BR\",\"@id\":\"https:\/\/www.sigmatools.com.br\/site\/produto\/sgt-0142\/#primaryimage\",\"url\":\"https:\/\/www.sigmatools.com.br\/site\/wp-content\/uploads\/2020\/02\/SGT-0142.png\",\"contentUrl\":\"https:\/\/www.sigmatools.com.br\/site\/wp-content\/uploads\/2020\/02\/SGT-0142.png\",\"width\":1000,\"height\":1000},{\"@type\":\"BreadcrumbList\",\"@id\":\"https:\/\/www.sigmatools.com.br\/site\/produto\/sgt-0142\/#breadcrumb\",\"itemListElement\":[{\"@type\":\"ListItem\",\"position\":1,\"name\":\"In\u00edcio\",\"item\":\"https:\/\/www.sigmatools.com.br\/site\/\"},{\"@type\":\"ListItem\",\"position\":2,\"name\":\"SGT-0142 &#8211; PARAFUSADEIRA RETA PNEUM\u00c1TICA 1\/4&#8243; &#8211; 1 a 3 Nm\"}]},{\"@type\":\"WebSite\",\"@id\":\"https:\/\/www.sigmatools.com.br\/site\/#website\",\"url\":\"https:\/\/www.sigmatools.com.br\/site\/\",\"name\":\"Sigma Tools\",\"description\":\"Equipamentos para Est\u00e9tica Automotiva e Oficina Mec\u00e2nica - Sigma Tools\",\"publisher\":{\"@id\":\"https:\/\/www.sigmatools.com.br\/site\/#organization\"},\"potentialAction\":[{\"@type\":\"SearchAction\",\"target\":{\"@type\":\"EntryPoint\",\"urlTemplate\":\"https:\/\/www.sigmatools.com.br\/site\/?s={search_term_string}\"},\"query-input\":{\"@type\":\"PropertyValueSpecification\",\"valueRequired\":true,\"valueName\":\"search_term_string\"}}],\"inLanguage\":\"pt-BR\"},{\"@type\":\"Organization\",\"@id\":\"https:\/\/www.sigmatools.com.br\/site\/#organization\",\"name\":\"SIGMA TOOLS\",\"url\":\"https:\/\/www.sigmatools.com.br\/site\/\",\"logo\":{\"@type\":\"ImageObject\",\"inLanguage\":\"pt-BR\",\"@id\":\"https:\/\/www.sigmatools.com.br\/site\/#\/schema\/logo\/image\/\",\"url\":\"https:\/\/www.sigmatools.com.br\/site\/wp-content\/uploads\/2020\/01\/logo-sigma.png\",\"contentUrl\":\"https:\/\/www.sigmatools.com.br\/site\/wp-content\/uploads\/2020\/01\/logo-sigma.png\",\"width\":152,\"height\":150,\"caption\":\"SIGMA TOOLS\"},\"image\":{\"@id\":\"https:\/\/www.sigmatools.com.br\/site\/#\/schema\/logo\/image\/\"},\"sameAs\":[\"https:\/\/www.facebook.com\/sigmatools\"]}]}<\/script>\n<!-- \/ Yoast SEO plugin. -->","yoast_head_json":{"title":"SGT-0142 - PARAFUSADEIRA RETA PNEUM\u00c1TICA 1\/4\" - 1 a 3 Nm - Sigma Tools","robots":{"index":"index","follow":"follow","max-snippet":"max-snippet:-1","max-image-preview":"max-image-preview:large","max-video-preview":"max-video-preview:-1"},"canonical":"https:\/\/www.sigmatools.com.br\/site\/produto\/sgt-0142\/","og_locale":"pt_BR","og_type":"article","og_title":"SGT-0142 - PARAFUSADEIRA RETA PNEUM\u00c1TICA 1\/4\" - 1 a 3 Nm - Sigma Tools","og_description":"C\u00f3digo do produto: 0701014200  C\u00f3digo de barras: 7908276600555  &nbsp;  Indicado para uso em situa\u00e7\u00f5es onde exista a necessidade de um baixo torque com alta rota\u00e7\u00e3o.  &nbsp;    &nbsp;  Caracter\u00edsticas:  \u2022 Revers\u00e3o por bot\u00e3o; \u2022 Regulagem interna de torque; \u2022 Carca\u00e7a em Alum\u00ednio; \u2022 Desenho ergon\u00f4mico; \u2022 Porta bit de troca r\u00e1pida de ponteira; \u2022 Exaust\u00e3o de ar atrav\u00e9s do cabo; \u2022 Gatilho com \u00f3tima sensibilidade.  &nbsp;","og_url":"https:\/\/www.sigmatools.com.br\/site\/produto\/sgt-0142\/","og_site_name":"Sigma Tools","article_publisher":"https:\/\/www.facebook.com\/sigmatools","article_modified_time":"2024-07-01T19:43:34+00:00","og_image":[{"width":1000,"height":1000,"url":"https:\/\/www.sigmatools.com.br\/site\/wp-content\/uploads\/2020\/02\/SGT-0142.png","type":"image\/png"}],"twitter_card":"summary_large_image","schema":{"@context":"https:\/\/schema.org","@graph":[{"@type":"WebPage","@id":"https:\/\/www.sigmatools.com.br\/site\/produto\/sgt-0142\/","url":"https:\/\/www.sigmatools.com.br\/site\/produto\/sgt-0142\/","name":"SGT-0142 - PARAFUSADEIRA RETA PNEUM\u00c1TICA 1\/4\" - 1 a 3 Nm - Sigma Tools","isPartOf":{"@id":"https:\/\/www.sigmatools.com.br\/site\/#website"},"primaryImageOfPage":{"@id":"https:\/\/www.sigmatools.com.br\/site\/produto\/sgt-0142\/#primaryimage"},"image":{"@id":"https:\/\/www.sigmatools.com.br\/site\/produto\/sgt-0142\/#primaryimage"},"thumbnailUrl":"https:\/\/www.sigmatools.com.br\/site\/wp-content\/uploads\/2020\/02\/SGT-0142.png","datePublished":"2020-02-04T10:51:36+00:00","dateModified":"2024-07-01T19:43:34+00:00","breadcrumb":{"@id":"https:\/\/www.sigmatools.com.br\/site\/produto\/sgt-0142\/#breadcrumb"},"inLanguage":"pt-BR","potentialAction":[{"@type":"ReadAction","target":["https:\/\/www.sigmatools.com.br\/site\/produto\/sgt-0142\/"]}]},{"@type":"ImageObject","inLanguage":"pt-BR","@id":"https:\/\/www.sigmatools.com.br\/site\/produto\/sgt-0142\/#primaryimage","url":"https:\/\/www.sigmatools.com.br\/site\/wp-content\/uploads\/2020\/02\/SGT-0142.png","contentUrl":"https:\/\/www.sigmatools.com.br\/site\/wp-content\/uploads\/2020\/02\/SGT-0142.png","width":1000,"height":1000},{"@type":"BreadcrumbList","@id":"https:\/\/www.sigmatools.com.br\/site\/produto\/sgt-0142\/#breadcrumb","itemListElement":[{"@type":"ListItem","position":1,"name":"In\u00edcio","item":"https:\/\/www.sigmatools.com.br\/site\/"},{"@type":"ListItem","position":2,"name":"SGT-0142 &#8211; PARAFUSADEIRA RETA PNEUM\u00c1TICA 1\/4&#8243; &#8211; 1 a 3 Nm"}]},{"@type":"WebSite","@id":"https:\/\/www.sigmatools.com.br\/site\/#website","url":"https:\/\/www.sigmatools.com.br\/site\/","name":"Sigma Tools","description":"Equipamentos para Est\u00e9tica Automotiva e Oficina Mec\u00e2nica - Sigma Tools","publisher":{"@id":"https:\/\/www.sigmatools.com.br\/site\/#organization"},"potentialAction":[{"@type":"SearchAction","target":{"@type":"EntryPoint","urlTemplate":"https:\/\/www.sigmatools.com.br\/site\/?s={search_term_string}"},"query-input":{"@type":"PropertyValueSpecification","valueRequired":true,"valueName":"search_term_string"}}],"inLanguage":"pt-BR"},{"@type":"Organization","@id":"https:\/\/www.sigmatools.com.br\/site\/#organization","name":"SIGMA TOOLS","url":"https:\/\/www.sigmatools.com.br\/site\/","logo":{"@type":"ImageObject","inLanguage":"pt-BR","@id":"https:\/\/www.sigmatools.com.br\/site\/#\/schema\/logo\/image\/","url":"https:\/\/www.sigmatools.com.br\/site\/wp-content\/uploads\/2020\/01\/logo-sigma.png","contentUrl":"https:\/\/www.sigmatools.com.br\/site\/wp-content\/uploads\/2020\/01\/logo-sigma.png","width":152,"height":150,"caption":"SIGMA TOOLS"},"image":{"@id":"https:\/\/www.sigmatools.com.br\/site\/#\/schema\/logo\/image\/"},"sameAs":["https:\/\/www.facebook.com\/sigmatools"]}]}},"_links":{"self":[{"href":"https:\/\/www.sigmatools.com.br\/site\/wp-json\/wp\/v2\/product\/836","targetHints":{"allow":["GET"]}}],"collection":[{"href":"https:\/\/www.sigmatools.com.br\/site\/wp-json\/wp\/v2\/product"}],"about":[{"href":"https:\/\/www.sigmatools.com.br\/site\/wp-json\/wp\/v2\/types\/product"}],"replies":[{"embeddable":true,"href":"https:\/\/www.sigmatools.com.br\/site\/wp-json\/wp\/v2\/comments?post=836"}],"wp:featuredmedia":[{"embeddable":true,"href":"https:\/\/www.sigmatools.com.br\/site\/wp-json\/wp\/v2\/media\/5126"}],"wp:attachment":[{"href":"https:\/\/www.sigmatools.com.br\/site\/wp-json\/wp\/v2\/media?parent=836"}],"wp:term":[{"taxonomy":"product_brand","embeddable":true,"href":"https:\/\/www.sigmatools.com.br\/site\/wp-json\/wp\/v2\/product_brand?post=836"},{"taxonomy":"product_cat","embeddable":true,"href":"https:\/\/www.sigmatools.com.br\/site\/wp-json\/wp\/v2\/product_cat?post=836"},{"taxonomy":"product_tag","embeddable":true,"href":"https:\/\/www.sigmatools.com.br\/site\/wp-json\/wp\/v2\/product_tag?post=836"}],"curies":[{"name":"wp","href":"https:\/\/api.w.org\/{rel}","templated":true}]}}