{"id":8413,"date":"2024-08-09T11:03:57","date_gmt":"2024-08-09T14:03:57","guid":{"rendered":"https:\/\/www.sigmatools.com.br\/site\/?post_type=product&#038;p=8413"},"modified":"2025-08-07T12:54:52","modified_gmt":"2025-08-07T15:54:52","slug":"sgt-7102-pro-parafusadeira-e-furadeira-de-impacto-a-bateria-3-8-10mm","status":"publish","type":"product","link":"https:\/\/www.sigmatools.com.br\/site\/produto\/sgt-7102-pro-parafusadeira-e-furadeira-de-impacto-a-bateria-3-8-10mm\/","title":{"rendered":"SGT-7102 &#8211; PRO &#8211; PARAFUSADEIRA E FURADEIRA DE IMPACTO \u00c0 BATERIA 3\/8&#8243; &#8211; 10MM"},"content":{"rendered":"","protected":false},"excerpt":{"rendered":"<p><strong>C\u00f3digo do produto:<\/strong> 0703710200<\/p>\n<p><strong>C\u00f3digo de barras:<\/strong> 7908276642364<\/p>\n<p>&nbsp;<\/p>\n<iframe title=\"YouTube video player\" src=\"https:\/\/www.youtube.com\/embed\/idmnfSurmJk?si=aPb_3NBYDfR-5TrK\" width=\"560\" height=\"315\" frameborder=\"0\" allowfullscreen=\"allowfullscreen\"><\/iframe>\n<p>&nbsp;<\/p>\n<p><strong>Caracter\u00edsticas<\/strong><br \/>\n\u2022 Leve e Robusta;<br \/>\n\u2022 Anat\u00f4mica e emborrachada;<br \/>\n\u2022 Desenho ergon\u00f4mico;<br \/>\n\u2022 Mandril de troca r\u00e1pida;<br \/>\n\u2022 Controle de torque ajust\u00e1vel;<br \/>\n\u2022 Revers\u00edvel.<\/p>\n<p>&nbsp;<\/p>\n<p><strong>Aplica\u00e7\u00f5es<\/strong><br \/>\n\u2022 Na fun\u00e7\u00e3o furadeira \u00e9 indicado para fazer furos em alvenaria, metal, madeira e pl\u00e1stico. Quando utilizado na fun\u00e7\u00e3o parafusadeira (Recomendamos somente realizar apertos e desaperto de parafusos).<\/p>\n<p><strong>Acess\u00f3rios<\/strong><br \/>\nO equipamento vem acompanhado de:<br \/>\n\u2022 10 Ponteiras;<br \/>\n\u2022 4 Brocas;<br \/>\n\u2022 1 Adaptador magn\u00e9tico para bit;<br \/>\n\u2022 1 Bateria;<br \/>\n\u2022 1 Carregador.<\/p>\n<p>&nbsp;<\/p>\n<p><strong>Importante:<\/strong><br \/>\n\u2022 Antes de iniciar os trabalho, leia atentamente o manual de instru\u00e7\u00f5es;<br \/>\n\u2022 O n\u00e3o cumprimento das instru\u00e7\u00f5es, pode resultar em s\u00e9rias les\u00f5es ao usu\u00e1rio.<\/p>\n<p>&nbsp;<\/p>\n<p>&nbsp;<\/p>\n[button size=\"small\" icon=\"\" target=\"_blank\" text_align=\"left\" text=\"Informativo\" link=\"http:\/\/www.sigmatools.com.br\/site\/arquivos\/informativos\/SGT-7102%20-%20PRO%20-%20KIT%20PARAFUSADEIRA%20E%20FURADEIRA%20DE%20IMPACTO%20A%20BATERIA%203-8%20%2810MM%29.pdf\" color=\"#ffffff\" hover_color=\"#ffffff\" background_color=\"#353535\" hover_background_color=\"#dd3333\" border_color=\"#353535\" hover_border_color=\"#dd3333\"]\n[button size=\"small\" icon=\"\" target=\"_blank\" text_align=\"left\" text=\"Vista Explodida\" link=\"http:\/\/www.sigmatools.com.br\/site\/arquivos\/vista-explodida\/SGT-7102%20-%20PRO%20-%20KIT%20PARAFUSADEIRA%20E%20FURADEIRA%20DE%20IMPACTO%20A%20BATERIA%20-%20VE.pdf\" color=\"#ffffff\" hover_color=\"#ffffff\" background_color=\"#353535\" hover_background_color=\"#dd3333\" border_color=\"#353535\" hover_border_color=\"#dd3333\"]\n<p>&nbsp;<\/p>","protected":false},"featured_media":8414,"comment_status":"open","ping_status":"closed","template":"","meta":{"_jet_sm_ready_style":"","_jet_sm_style":"","_jet_sm_controls_values":"","_jet_sm_fonts_collection":"","_jet_sm_fonts_links":""},"product_brand":[],"product_cat":[218,110,121,119,60,83,15],"product_tag":[],"class_list":{"0":"post-8413","1":"product","2":"type-product","3":"status-publish","4":"has-post-thumbnail","6":"product_cat-destaque","7":"product_cat-ferramentas","8":"product_cat-furadeira-parafusadeira-a-bateria","9":"product_cat-furadeiras","10":"product_cat-catalogo-geral","11":"product_cat-fixacao","12":"product_cat-sigma-tools","14":"first","15":"instock","16":"shipping-taxable","17":"product-type-simple"},"yoast_head":"<!-- This site is optimized with the Yoast SEO plugin v27.1.1 - https:\/\/yoast.com\/product\/yoast-seo-wordpress\/ -->\n<title>SGT-7102 - PRO - PARAFUSADEIRA E FURADEIRA DE IMPACTO \u00c0 BATERIA 3\/8&quot; - 10MM - Sigma Tools<\/title>\n<meta name=\"robots\" content=\"index, follow, max-snippet:-1, max-image-preview:large, max-video-preview:-1\" \/>\n<link rel=\"canonical\" href=\"https:\/\/www.sigmatools.com.br\/site\/produto\/sgt-7102-pro-parafusadeira-e-furadeira-de-impacto-a-bateria-3-8-10mm\/\" \/>\n<meta property=\"og:locale\" content=\"pt_BR\" \/>\n<meta property=\"og:type\" content=\"article\" \/>\n<meta property=\"og:title\" content=\"SGT-7102 - PRO - PARAFUSADEIRA E FURADEIRA DE IMPACTO \u00c0 BATERIA 3\/8&quot; - 10MM - Sigma Tools\" \/>\n<meta property=\"og:description\" content=\"C\u00f3digo do produto: 0703710200  C\u00f3digo de barras: 7908276642364  &nbsp;    &nbsp;  Caracter\u00edsticas \u2022 Leve e Robusta; \u2022 Anat\u00f4mica e emborrachada; \u2022 Desenho ergon\u00f4mico; \u2022 Mandril de troca r\u00e1pida; \u2022 Controle de torque ajust\u00e1vel; \u2022 Revers\u00edvel.  &nbsp;  Aplica\u00e7\u00f5es \u2022 Na fun\u00e7\u00e3o furadeira \u00e9 indicado para fazer furos em alvenaria, metal, madeira e pl\u00e1stico. Quando utilizado na fun\u00e7\u00e3o parafusadeira (Recomendamos somente realizar apertos e desaperto de parafusos).  Acess\u00f3rios O equipamento vem acompanhado de: \u2022 10 Ponteiras; \u2022 4 Brocas; \u2022 1 Adaptador magn\u00e9tico para bit; \u2022 1 Bateria; \u2022 1 Carregador.  &nbsp;  Importante: \u2022 Antes de iniciar os trabalho, leia atentamente o manual de instru\u00e7\u00f5es; \u2022 O n\u00e3o cumprimento das instru\u00e7\u00f5es, pode resultar em s\u00e9rias les\u00f5es ao usu\u00e1rio.  &nbsp;  &nbsp;      &nbsp;\" \/>\n<meta property=\"og:url\" content=\"https:\/\/www.sigmatools.com.br\/site\/produto\/sgt-7102-pro-parafusadeira-e-furadeira-de-impacto-a-bateria-3-8-10mm\/\" \/>\n<meta property=\"og:site_name\" content=\"Sigma Tools\" \/>\n<meta property=\"article:publisher\" content=\"https:\/\/www.facebook.com\/sigmatools\" \/>\n<meta property=\"article:modified_time\" content=\"2025-08-07T15:54:52+00:00\" \/>\n<meta property=\"og:image\" content=\"https:\/\/www.sigmatools.com.br\/site\/wp-content\/uploads\/2024\/08\/11-1.jpg\" \/>\n\t<meta property=\"og:image:width\" content=\"1000\" \/>\n\t<meta property=\"og:image:height\" content=\"1000\" \/>\n\t<meta property=\"og:image:type\" content=\"image\/jpeg\" \/>\n<meta name=\"twitter:card\" content=\"summary_large_image\" \/>\n<meta name=\"twitter:label1\" content=\"Est. tempo de leitura\" \/>\n\t<meta name=\"twitter:data1\" content=\"1 minuto\" \/>\n<script type=\"application\/ld+json\" class=\"yoast-schema-graph\">{\"@context\":\"https:\/\/schema.org\",\"@graph\":[{\"@type\":\"WebPage\",\"@id\":\"https:\/\/www.sigmatools.com.br\/site\/produto\/sgt-7102-pro-parafusadeira-e-furadeira-de-impacto-a-bateria-3-8-10mm\/\",\"url\":\"https:\/\/www.sigmatools.com.br\/site\/produto\/sgt-7102-pro-parafusadeira-e-furadeira-de-impacto-a-bateria-3-8-10mm\/\",\"name\":\"SGT-7102 - PRO - PARAFUSADEIRA E FURADEIRA DE IMPACTO \u00c0 BATERIA 3\/8\\\" - 10MM - Sigma Tools\",\"isPartOf\":{\"@id\":\"https:\/\/www.sigmatools.com.br\/site\/#website\"},\"primaryImageOfPage\":{\"@id\":\"https:\/\/www.sigmatools.com.br\/site\/produto\/sgt-7102-pro-parafusadeira-e-furadeira-de-impacto-a-bateria-3-8-10mm\/#primaryimage\"},\"image\":{\"@id\":\"https:\/\/www.sigmatools.com.br\/site\/produto\/sgt-7102-pro-parafusadeira-e-furadeira-de-impacto-a-bateria-3-8-10mm\/#primaryimage\"},\"thumbnailUrl\":\"https:\/\/www.sigmatools.com.br\/site\/wp-content\/uploads\/2024\/08\/11-1.jpg\",\"datePublished\":\"2024-08-09T14:03:57+00:00\",\"dateModified\":\"2025-08-07T15:54:52+00:00\",\"breadcrumb\":{\"@id\":\"https:\/\/www.sigmatools.com.br\/site\/produto\/sgt-7102-pro-parafusadeira-e-furadeira-de-impacto-a-bateria-3-8-10mm\/#breadcrumb\"},\"inLanguage\":\"pt-BR\",\"potentialAction\":[{\"@type\":\"ReadAction\",\"target\":[\"https:\/\/www.sigmatools.com.br\/site\/produto\/sgt-7102-pro-parafusadeira-e-furadeira-de-impacto-a-bateria-3-8-10mm\/\"]}]},{\"@type\":\"ImageObject\",\"inLanguage\":\"pt-BR\",\"@id\":\"https:\/\/www.sigmatools.com.br\/site\/produto\/sgt-7102-pro-parafusadeira-e-furadeira-de-impacto-a-bateria-3-8-10mm\/#primaryimage\",\"url\":\"https:\/\/www.sigmatools.com.br\/site\/wp-content\/uploads\/2024\/08\/11-1.jpg\",\"contentUrl\":\"https:\/\/www.sigmatools.com.br\/site\/wp-content\/uploads\/2024\/08\/11-1.jpg\",\"width\":1000,\"height\":1000},{\"@type\":\"BreadcrumbList\",\"@id\":\"https:\/\/www.sigmatools.com.br\/site\/produto\/sgt-7102-pro-parafusadeira-e-furadeira-de-impacto-a-bateria-3-8-10mm\/#breadcrumb\",\"itemListElement\":[{\"@type\":\"ListItem\",\"position\":1,\"name\":\"In\u00edcio\",\"item\":\"https:\/\/www.sigmatools.com.br\/site\/\"},{\"@type\":\"ListItem\",\"position\":2,\"name\":\"SGT-7102 &#8211; PRO &#8211; PARAFUSADEIRA E FURADEIRA DE IMPACTO \u00c0 BATERIA 3\/8&#8243; &#8211; 10MM\"}]},{\"@type\":\"WebSite\",\"@id\":\"https:\/\/www.sigmatools.com.br\/site\/#website\",\"url\":\"https:\/\/www.sigmatools.com.br\/site\/\",\"name\":\"Sigma Tools\",\"description\":\"Equipamentos para Est\u00e9tica Automotiva e Oficina Mec\u00e2nica - Sigma Tools\",\"publisher\":{\"@id\":\"https:\/\/www.sigmatools.com.br\/site\/#organization\"},\"potentialAction\":[{\"@type\":\"SearchAction\",\"target\":{\"@type\":\"EntryPoint\",\"urlTemplate\":\"https:\/\/www.sigmatools.com.br\/site\/?s={search_term_string}\"},\"query-input\":{\"@type\":\"PropertyValueSpecification\",\"valueRequired\":true,\"valueName\":\"search_term_string\"}}],\"inLanguage\":\"pt-BR\"},{\"@type\":\"Organization\",\"@id\":\"https:\/\/www.sigmatools.com.br\/site\/#organization\",\"name\":\"SIGMA TOOLS\",\"url\":\"https:\/\/www.sigmatools.com.br\/site\/\",\"logo\":{\"@type\":\"ImageObject\",\"inLanguage\":\"pt-BR\",\"@id\":\"https:\/\/www.sigmatools.com.br\/site\/#\/schema\/logo\/image\/\",\"url\":\"https:\/\/www.sigmatools.com.br\/site\/wp-content\/uploads\/2020\/01\/logo-sigma.png\",\"contentUrl\":\"https:\/\/www.sigmatools.com.br\/site\/wp-content\/uploads\/2020\/01\/logo-sigma.png\",\"width\":152,\"height\":150,\"caption\":\"SIGMA TOOLS\"},\"image\":{\"@id\":\"https:\/\/www.sigmatools.com.br\/site\/#\/schema\/logo\/image\/\"},\"sameAs\":[\"https:\/\/www.facebook.com\/sigmatools\"]}]}<\/script>\n<!-- \/ Yoast SEO plugin. -->","yoast_head_json":{"title":"SGT-7102 - PRO - PARAFUSADEIRA E FURADEIRA DE IMPACTO \u00c0 BATERIA 3\/8\" - 10MM - Sigma Tools","robots":{"index":"index","follow":"follow","max-snippet":"max-snippet:-1","max-image-preview":"max-image-preview:large","max-video-preview":"max-video-preview:-1"},"canonical":"https:\/\/www.sigmatools.com.br\/site\/produto\/sgt-7102-pro-parafusadeira-e-furadeira-de-impacto-a-bateria-3-8-10mm\/","og_locale":"pt_BR","og_type":"article","og_title":"SGT-7102 - PRO - PARAFUSADEIRA E FURADEIRA DE IMPACTO \u00c0 BATERIA 3\/8\" - 10MM - Sigma Tools","og_description":"C\u00f3digo do produto: 0703710200  C\u00f3digo de barras: 7908276642364  &nbsp;    &nbsp;  Caracter\u00edsticas \u2022 Leve e Robusta; \u2022 Anat\u00f4mica e emborrachada; \u2022 Desenho ergon\u00f4mico; \u2022 Mandril de troca r\u00e1pida; \u2022 Controle de torque ajust\u00e1vel; \u2022 Revers\u00edvel.  &nbsp;  Aplica\u00e7\u00f5es \u2022 Na fun\u00e7\u00e3o furadeira \u00e9 indicado para fazer furos em alvenaria, metal, madeira e pl\u00e1stico. Quando utilizado na fun\u00e7\u00e3o parafusadeira (Recomendamos somente realizar apertos e desaperto de parafusos).  Acess\u00f3rios O equipamento vem acompanhado de: \u2022 10 Ponteiras; \u2022 4 Brocas; \u2022 1 Adaptador magn\u00e9tico para bit; \u2022 1 Bateria; \u2022 1 Carregador.  &nbsp;  Importante: \u2022 Antes de iniciar os trabalho, leia atentamente o manual de instru\u00e7\u00f5es; \u2022 O n\u00e3o cumprimento das instru\u00e7\u00f5es, pode resultar em s\u00e9rias les\u00f5es ao usu\u00e1rio.  &nbsp;  &nbsp;      &nbsp;","og_url":"https:\/\/www.sigmatools.com.br\/site\/produto\/sgt-7102-pro-parafusadeira-e-furadeira-de-impacto-a-bateria-3-8-10mm\/","og_site_name":"Sigma Tools","article_publisher":"https:\/\/www.facebook.com\/sigmatools","article_modified_time":"2025-08-07T15:54:52+00:00","og_image":[{"width":1000,"height":1000,"url":"https:\/\/www.sigmatools.com.br\/site\/wp-content\/uploads\/2024\/08\/11-1.jpg","type":"image\/jpeg"}],"twitter_card":"summary_large_image","twitter_misc":{"Est. tempo de leitura":"1 minuto"},"schema":{"@context":"https:\/\/schema.org","@graph":[{"@type":"WebPage","@id":"https:\/\/www.sigmatools.com.br\/site\/produto\/sgt-7102-pro-parafusadeira-e-furadeira-de-impacto-a-bateria-3-8-10mm\/","url":"https:\/\/www.sigmatools.com.br\/site\/produto\/sgt-7102-pro-parafusadeira-e-furadeira-de-impacto-a-bateria-3-8-10mm\/","name":"SGT-7102 - PRO - PARAFUSADEIRA E FURADEIRA DE IMPACTO \u00c0 BATERIA 3\/8\" - 10MM - Sigma Tools","isPartOf":{"@id":"https:\/\/www.sigmatools.com.br\/site\/#website"},"primaryImageOfPage":{"@id":"https:\/\/www.sigmatools.com.br\/site\/produto\/sgt-7102-pro-parafusadeira-e-furadeira-de-impacto-a-bateria-3-8-10mm\/#primaryimage"},"image":{"@id":"https:\/\/www.sigmatools.com.br\/site\/produto\/sgt-7102-pro-parafusadeira-e-furadeira-de-impacto-a-bateria-3-8-10mm\/#primaryimage"},"thumbnailUrl":"https:\/\/www.sigmatools.com.br\/site\/wp-content\/uploads\/2024\/08\/11-1.jpg","datePublished":"2024-08-09T14:03:57+00:00","dateModified":"2025-08-07T15:54:52+00:00","breadcrumb":{"@id":"https:\/\/www.sigmatools.com.br\/site\/produto\/sgt-7102-pro-parafusadeira-e-furadeira-de-impacto-a-bateria-3-8-10mm\/#breadcrumb"},"inLanguage":"pt-BR","potentialAction":[{"@type":"ReadAction","target":["https:\/\/www.sigmatools.com.br\/site\/produto\/sgt-7102-pro-parafusadeira-e-furadeira-de-impacto-a-bateria-3-8-10mm\/"]}]},{"@type":"ImageObject","inLanguage":"pt-BR","@id":"https:\/\/www.sigmatools.com.br\/site\/produto\/sgt-7102-pro-parafusadeira-e-furadeira-de-impacto-a-bateria-3-8-10mm\/#primaryimage","url":"https:\/\/www.sigmatools.com.br\/site\/wp-content\/uploads\/2024\/08\/11-1.jpg","contentUrl":"https:\/\/www.sigmatools.com.br\/site\/wp-content\/uploads\/2024\/08\/11-1.jpg","width":1000,"height":1000},{"@type":"BreadcrumbList","@id":"https:\/\/www.sigmatools.com.br\/site\/produto\/sgt-7102-pro-parafusadeira-e-furadeira-de-impacto-a-bateria-3-8-10mm\/#breadcrumb","itemListElement":[{"@type":"ListItem","position":1,"name":"In\u00edcio","item":"https:\/\/www.sigmatools.com.br\/site\/"},{"@type":"ListItem","position":2,"name":"SGT-7102 &#8211; PRO &#8211; PARAFUSADEIRA E FURADEIRA DE IMPACTO \u00c0 BATERIA 3\/8&#8243; &#8211; 10MM"}]},{"@type":"WebSite","@id":"https:\/\/www.sigmatools.com.br\/site\/#website","url":"https:\/\/www.sigmatools.com.br\/site\/","name":"Sigma Tools","description":"Equipamentos para Est\u00e9tica Automotiva e Oficina Mec\u00e2nica - Sigma Tools","publisher":{"@id":"https:\/\/www.sigmatools.com.br\/site\/#organization"},"potentialAction":[{"@type":"SearchAction","target":{"@type":"EntryPoint","urlTemplate":"https:\/\/www.sigmatools.com.br\/site\/?s={search_term_string}"},"query-input":{"@type":"PropertyValueSpecification","valueRequired":true,"valueName":"search_term_string"}}],"inLanguage":"pt-BR"},{"@type":"Organization","@id":"https:\/\/www.sigmatools.com.br\/site\/#organization","name":"SIGMA TOOLS","url":"https:\/\/www.sigmatools.com.br\/site\/","logo":{"@type":"ImageObject","inLanguage":"pt-BR","@id":"https:\/\/www.sigmatools.com.br\/site\/#\/schema\/logo\/image\/","url":"https:\/\/www.sigmatools.com.br\/site\/wp-content\/uploads\/2020\/01\/logo-sigma.png","contentUrl":"https:\/\/www.sigmatools.com.br\/site\/wp-content\/uploads\/2020\/01\/logo-sigma.png","width":152,"height":150,"caption":"SIGMA TOOLS"},"image":{"@id":"https:\/\/www.sigmatools.com.br\/site\/#\/schema\/logo\/image\/"},"sameAs":["https:\/\/www.facebook.com\/sigmatools"]}]}},"_links":{"self":[{"href":"https:\/\/www.sigmatools.com.br\/site\/wp-json\/wp\/v2\/product\/8413","targetHints":{"allow":["GET"]}}],"collection":[{"href":"https:\/\/www.sigmatools.com.br\/site\/wp-json\/wp\/v2\/product"}],"about":[{"href":"https:\/\/www.sigmatools.com.br\/site\/wp-json\/wp\/v2\/types\/product"}],"replies":[{"embeddable":true,"href":"https:\/\/www.sigmatools.com.br\/site\/wp-json\/wp\/v2\/comments?post=8413"}],"wp:featuredmedia":[{"embeddable":true,"href":"https:\/\/www.sigmatools.com.br\/site\/wp-json\/wp\/v2\/media\/8414"}],"wp:attachment":[{"href":"https:\/\/www.sigmatools.com.br\/site\/wp-json\/wp\/v2\/media?parent=8413"}],"wp:term":[{"taxonomy":"product_brand","embeddable":true,"href":"https:\/\/www.sigmatools.com.br\/site\/wp-json\/wp\/v2\/product_brand?post=8413"},{"taxonomy":"product_cat","embeddable":true,"href":"https:\/\/www.sigmatools.com.br\/site\/wp-json\/wp\/v2\/product_cat?post=8413"},{"taxonomy":"product_tag","embeddable":true,"href":"https:\/\/www.sigmatools.com.br\/site\/wp-json\/wp\/v2\/product_tag?post=8413"}],"curies":[{"name":"wp","href":"https:\/\/api.w.org\/{rel}","templated":true}]}}