{"id":8441,"date":"2024-08-09T11:26:28","date_gmt":"2024-08-09T14:26:28","guid":{"rendered":"https:\/\/www.sigmatools.com.br\/site\/?post_type=product&#038;p=8441"},"modified":"2025-08-08T10:22:13","modified_gmt":"2025-08-08T13:22:13","slug":"sgt-7507-pro-chave-de-impacto-1-2-700nm-21v-4ah-li-ion","status":"publish","type":"product","link":"https:\/\/www.sigmatools.com.br\/site\/produto\/sgt-7507-pro-chave-de-impacto-1-2-700nm-21v-4ah-li-ion\/","title":{"rendered":"SGT-7507 &#8211; PRO &#8211; CHAVE DE IMPACTO 1\/2&#8243; 700NM &#8211; 21V\/4AH &#8211; LI-ION"},"content":{"rendered":"<p>[vc_row css_animation=&#8221;&#8221; row_type=&#8221;row&#8221; use_row_as_full_screen_section=&#8221;no&#8221; type=&#8221;full_width&#8221; angled_section=&#8221;no&#8221; text_align=&#8221;left&#8221; background_image_as_pattern=&#8221;without_pattern&#8221;][vc_column][\/vc_column][\/vc_row]<\/p>","protected":false},"excerpt":{"rendered":"<p><strong>C\u00f3digo do Produto<\/strong>: 0703750700<\/p>\n<p><strong>C\u00f3digo de Barras<\/strong>: 7908276643316<\/p>\n<iframe title=\"YouTube video player\" src=\"https:\/\/www.youtube.com\/embed\/7j-ddLkZMHk?si=-xgIz6ffwfH-8QLr\" width=\"315\" height=\"560\" frameborder=\"0\" allowfullscreen=\"allowfullscreen\"><\/iframe>\n<p>&nbsp;<\/p>\n<p><strong>Aplica\u00e7\u00f5es<\/strong><br \/>\nIndicado para opera\u00e7\u00f5es de aperto e desaperto de parafusos e porcas em geral, onde h\u00e1 exig\u00eancia de alto torque.<br \/>\nAplica\u00e7\u00f5es de uso automotivo, montagens e desmontagens.<\/p>\n<p>&nbsp;<\/p>\n<p><strong>Acess\u00f3rios Inclusos<\/strong><br \/>\n&#8211; Maleta;<br \/>\n&#8211; 2 Baterias;<br \/>\n&#8211; 1 Carregador r\u00e1pido (carga em at\u00e9 2 horas);<br \/>\n&#8211; 1 Soquete de 22mm.<\/p>\n<p>&nbsp;<\/p>\n<p><strong>Importante:<\/strong><br \/>\nAntes de usar, leia atentamente o manual de instru\u00e7\u00f5es da ferramenta.<\/p>\n<p>&nbsp;<\/p>\n<p>&nbsp;<\/p>\n[button size=\"small\" icon=\"\" target=\"_blank\" text_align=\"left\" text=\"Informativo\" link=\"https:\/\/www.sigmatools.com.br\/site\/arquivos\/informativos\/SGT-7507%20-%20PRO%20-%20CHAVE%20DE%20IMPACTO%201-2%20700NM%20-%20INFO.pdf\" color=\"#ffffff\" hover_color=\"#ffffff\" background_color=\"#353535\" hover_background_color=\"#dd3333\" border_color=\"#353535\" hover_border_color=\"#dd3333\"]\n[button size=\"small\" icon=\"\" target=\"_blank\" text_align=\"left\" text=\"Vista Explodida\" link=\"https:\/\/www.sigmatools.com.br\/site\/arquivos\/vista-explodida\/SGT-7507%20-%20CHAVE%20DE%20IMPACTO%201-2%20-%20700NM%20-%2021V4AH%20-%20LI-ION%20-%20VE.pdf\" color=\"#ffffff\" hover_color=\"#ffffff\" background_color=\"#353535\" hover_background_color=\"#dd3333\" border_color=\"#353535\" hover_border_color=\"#dd3333\"]","protected":false},"featured_media":8442,"comment_status":"open","ping_status":"closed","template":"","meta":{"_jet_sm_ready_style":"","_jet_sm_style":"","_jet_sm_controls_values":"","_jet_sm_fonts_collection":"","_jet_sm_fonts_links":""},"product_brand":[],"product_cat":[114,218,110,60,82,15],"product_tag":[],"class_list":{"0":"post-8441","1":"product","2":"type-product","3":"status-publish","4":"has-post-thumbnail","6":"product_cat-chaves-de-impacto-a-bateria","7":"product_cat-destaque","8":"product_cat-ferramentas","9":"product_cat-catalogo-geral","10":"product_cat-aperto-e-desaperto","11":"product_cat-sigma-tools","13":"first","14":"instock","15":"featured","16":"shipping-taxable","17":"product-type-simple"},"yoast_head":"<!-- This site is optimized with the Yoast SEO plugin v27.1.1 - https:\/\/yoast.com\/product\/yoast-seo-wordpress\/ -->\n<title>SGT-7507 - PRO - CHAVE DE IMPACTO 1\/2&quot; 700NM - 21V\/4AH - LI-ION - Sigma Tools<\/title>\n<meta name=\"description\" content=\"Politriz el\u00e9trica 6&quot; de dupla a\u00e7\u00e3o com 900W de pot\u00eancia ideal para polimentos refinados e \u00f3tima para lustre de superf\u00edcies automotivas.\" \/>\n<meta name=\"robots\" content=\"index, follow, max-snippet:-1, max-image-preview:large, max-video-preview:-1\" \/>\n<link rel=\"canonical\" href=\"https:\/\/www.sigmatools.com.br\/site\/produto\/sgt-7507-pro-chave-de-impacto-1-2-700nm-21v-4ah-li-ion\/\" \/>\n<meta property=\"og:locale\" content=\"pt_BR\" \/>\n<meta property=\"og:type\" content=\"article\" \/>\n<meta property=\"og:title\" content=\"SGT-7507 - PRO - CHAVE DE IMPACTO 1\/2&quot; 700NM - 21V\/4AH - LI-ION - Sigma Tools\" \/>\n<meta property=\"og:description\" content=\"Politriz el\u00e9trica 6&quot; de dupla a\u00e7\u00e3o com 900W de pot\u00eancia ideal para polimentos refinados e \u00f3tima para lustre de superf\u00edcies automotivas.\" \/>\n<meta property=\"og:url\" content=\"https:\/\/www.sigmatools.com.br\/site\/produto\/sgt-7507-pro-chave-de-impacto-1-2-700nm-21v-4ah-li-ion\/\" \/>\n<meta property=\"og:site_name\" content=\"Sigma Tools\" \/>\n<meta property=\"article:publisher\" content=\"https:\/\/www.facebook.com\/sigmatools\" \/>\n<meta property=\"article:modified_time\" content=\"2025-08-08T13:22:13+00:00\" \/>\n<meta property=\"og:image\" content=\"https:\/\/www.sigmatools.com.br\/site\/wp-content\/uploads\/2024\/08\/5-7.jpg\" \/>\n\t<meta property=\"og:image:width\" content=\"1000\" \/>\n\t<meta property=\"og:image:height\" content=\"1000\" \/>\n\t<meta property=\"og:image:type\" content=\"image\/jpeg\" \/>\n<meta name=\"twitter:card\" content=\"summary_large_image\" \/>\n<meta name=\"twitter:label1\" content=\"Est. tempo de leitura\" \/>\n\t<meta name=\"twitter:data1\" content=\"1 minuto\" \/>\n<script type=\"application\/ld+json\" class=\"yoast-schema-graph\">{\"@context\":\"https:\/\/schema.org\",\"@graph\":[{\"@type\":\"WebPage\",\"@id\":\"https:\/\/www.sigmatools.com.br\/site\/produto\/sgt-7507-pro-chave-de-impacto-1-2-700nm-21v-4ah-li-ion\/\",\"url\":\"https:\/\/www.sigmatools.com.br\/site\/produto\/sgt-7507-pro-chave-de-impacto-1-2-700nm-21v-4ah-li-ion\/\",\"name\":\"SGT-7507 - PRO - CHAVE DE IMPACTO 1\/2\\\" 700NM - 21V\/4AH - LI-ION - Sigma Tools\",\"isPartOf\":{\"@id\":\"https:\/\/www.sigmatools.com.br\/site\/#website\"},\"primaryImageOfPage\":{\"@id\":\"https:\/\/www.sigmatools.com.br\/site\/produto\/sgt-7507-pro-chave-de-impacto-1-2-700nm-21v-4ah-li-ion\/#primaryimage\"},\"image\":{\"@id\":\"https:\/\/www.sigmatools.com.br\/site\/produto\/sgt-7507-pro-chave-de-impacto-1-2-700nm-21v-4ah-li-ion\/#primaryimage\"},\"thumbnailUrl\":\"https:\/\/www.sigmatools.com.br\/site\/wp-content\/uploads\/2024\/08\/5-7.jpg\",\"datePublished\":\"2024-08-09T14:26:28+00:00\",\"dateModified\":\"2025-08-08T13:22:13+00:00\",\"description\":\"Politriz el\u00e9trica 6\\\" de dupla a\u00e7\u00e3o com 900W de pot\u00eancia ideal para polimentos refinados e \u00f3tima para lustre de superf\u00edcies automotivas.\",\"breadcrumb\":{\"@id\":\"https:\/\/www.sigmatools.com.br\/site\/produto\/sgt-7507-pro-chave-de-impacto-1-2-700nm-21v-4ah-li-ion\/#breadcrumb\"},\"inLanguage\":\"pt-BR\",\"potentialAction\":[{\"@type\":\"ReadAction\",\"target\":[\"https:\/\/www.sigmatools.com.br\/site\/produto\/sgt-7507-pro-chave-de-impacto-1-2-700nm-21v-4ah-li-ion\/\"]}]},{\"@type\":\"ImageObject\",\"inLanguage\":\"pt-BR\",\"@id\":\"https:\/\/www.sigmatools.com.br\/site\/produto\/sgt-7507-pro-chave-de-impacto-1-2-700nm-21v-4ah-li-ion\/#primaryimage\",\"url\":\"https:\/\/www.sigmatools.com.br\/site\/wp-content\/uploads\/2024\/08\/5-7.jpg\",\"contentUrl\":\"https:\/\/www.sigmatools.com.br\/site\/wp-content\/uploads\/2024\/08\/5-7.jpg\",\"width\":1000,\"height\":1000},{\"@type\":\"BreadcrumbList\",\"@id\":\"https:\/\/www.sigmatools.com.br\/site\/produto\/sgt-7507-pro-chave-de-impacto-1-2-700nm-21v-4ah-li-ion\/#breadcrumb\",\"itemListElement\":[{\"@type\":\"ListItem\",\"position\":1,\"name\":\"In\u00edcio\",\"item\":\"https:\/\/www.sigmatools.com.br\/site\/\"},{\"@type\":\"ListItem\",\"position\":2,\"name\":\"SGT-7507 &#8211; PRO &#8211; CHAVE DE IMPACTO 1\/2&#8243; 700NM &#8211; 21V\/4AH &#8211; LI-ION\"}]},{\"@type\":\"WebSite\",\"@id\":\"https:\/\/www.sigmatools.com.br\/site\/#website\",\"url\":\"https:\/\/www.sigmatools.com.br\/site\/\",\"name\":\"Sigma Tools\",\"description\":\"Equipamentos para Est\u00e9tica Automotiva e Oficina Mec\u00e2nica - Sigma Tools\",\"publisher\":{\"@id\":\"https:\/\/www.sigmatools.com.br\/site\/#organization\"},\"potentialAction\":[{\"@type\":\"SearchAction\",\"target\":{\"@type\":\"EntryPoint\",\"urlTemplate\":\"https:\/\/www.sigmatools.com.br\/site\/?s={search_term_string}\"},\"query-input\":{\"@type\":\"PropertyValueSpecification\",\"valueRequired\":true,\"valueName\":\"search_term_string\"}}],\"inLanguage\":\"pt-BR\"},{\"@type\":\"Organization\",\"@id\":\"https:\/\/www.sigmatools.com.br\/site\/#organization\",\"name\":\"SIGMA TOOLS\",\"url\":\"https:\/\/www.sigmatools.com.br\/site\/\",\"logo\":{\"@type\":\"ImageObject\",\"inLanguage\":\"pt-BR\",\"@id\":\"https:\/\/www.sigmatools.com.br\/site\/#\/schema\/logo\/image\/\",\"url\":\"https:\/\/www.sigmatools.com.br\/site\/wp-content\/uploads\/2020\/01\/logo-sigma.png\",\"contentUrl\":\"https:\/\/www.sigmatools.com.br\/site\/wp-content\/uploads\/2020\/01\/logo-sigma.png\",\"width\":152,\"height\":150,\"caption\":\"SIGMA TOOLS\"},\"image\":{\"@id\":\"https:\/\/www.sigmatools.com.br\/site\/#\/schema\/logo\/image\/\"},\"sameAs\":[\"https:\/\/www.facebook.com\/sigmatools\"]}]}<\/script>\n<!-- \/ Yoast SEO plugin. -->","yoast_head_json":{"title":"SGT-7507 - PRO - CHAVE DE IMPACTO 1\/2\" 700NM - 21V\/4AH - LI-ION - Sigma Tools","description":"Politriz el\u00e9trica 6\" de dupla a\u00e7\u00e3o com 900W de pot\u00eancia ideal para polimentos refinados e \u00f3tima para lustre de superf\u00edcies automotivas.","robots":{"index":"index","follow":"follow","max-snippet":"max-snippet:-1","max-image-preview":"max-image-preview:large","max-video-preview":"max-video-preview:-1"},"canonical":"https:\/\/www.sigmatools.com.br\/site\/produto\/sgt-7507-pro-chave-de-impacto-1-2-700nm-21v-4ah-li-ion\/","og_locale":"pt_BR","og_type":"article","og_title":"SGT-7507 - PRO - CHAVE DE IMPACTO 1\/2\" 700NM - 21V\/4AH - LI-ION - Sigma Tools","og_description":"Politriz el\u00e9trica 6\" de dupla a\u00e7\u00e3o com 900W de pot\u00eancia ideal para polimentos refinados e \u00f3tima para lustre de superf\u00edcies automotivas.","og_url":"https:\/\/www.sigmatools.com.br\/site\/produto\/sgt-7507-pro-chave-de-impacto-1-2-700nm-21v-4ah-li-ion\/","og_site_name":"Sigma Tools","article_publisher":"https:\/\/www.facebook.com\/sigmatools","article_modified_time":"2025-08-08T13:22:13+00:00","og_image":[{"width":1000,"height":1000,"url":"https:\/\/www.sigmatools.com.br\/site\/wp-content\/uploads\/2024\/08\/5-7.jpg","type":"image\/jpeg"}],"twitter_card":"summary_large_image","twitter_misc":{"Est. tempo de leitura":"1 minuto"},"schema":{"@context":"https:\/\/schema.org","@graph":[{"@type":"WebPage","@id":"https:\/\/www.sigmatools.com.br\/site\/produto\/sgt-7507-pro-chave-de-impacto-1-2-700nm-21v-4ah-li-ion\/","url":"https:\/\/www.sigmatools.com.br\/site\/produto\/sgt-7507-pro-chave-de-impacto-1-2-700nm-21v-4ah-li-ion\/","name":"SGT-7507 - PRO - CHAVE DE IMPACTO 1\/2\" 700NM - 21V\/4AH - LI-ION - Sigma Tools","isPartOf":{"@id":"https:\/\/www.sigmatools.com.br\/site\/#website"},"primaryImageOfPage":{"@id":"https:\/\/www.sigmatools.com.br\/site\/produto\/sgt-7507-pro-chave-de-impacto-1-2-700nm-21v-4ah-li-ion\/#primaryimage"},"image":{"@id":"https:\/\/www.sigmatools.com.br\/site\/produto\/sgt-7507-pro-chave-de-impacto-1-2-700nm-21v-4ah-li-ion\/#primaryimage"},"thumbnailUrl":"https:\/\/www.sigmatools.com.br\/site\/wp-content\/uploads\/2024\/08\/5-7.jpg","datePublished":"2024-08-09T14:26:28+00:00","dateModified":"2025-08-08T13:22:13+00:00","description":"Politriz el\u00e9trica 6\" de dupla a\u00e7\u00e3o com 900W de pot\u00eancia ideal para polimentos refinados e \u00f3tima para lustre de superf\u00edcies automotivas.","breadcrumb":{"@id":"https:\/\/www.sigmatools.com.br\/site\/produto\/sgt-7507-pro-chave-de-impacto-1-2-700nm-21v-4ah-li-ion\/#breadcrumb"},"inLanguage":"pt-BR","potentialAction":[{"@type":"ReadAction","target":["https:\/\/www.sigmatools.com.br\/site\/produto\/sgt-7507-pro-chave-de-impacto-1-2-700nm-21v-4ah-li-ion\/"]}]},{"@type":"ImageObject","inLanguage":"pt-BR","@id":"https:\/\/www.sigmatools.com.br\/site\/produto\/sgt-7507-pro-chave-de-impacto-1-2-700nm-21v-4ah-li-ion\/#primaryimage","url":"https:\/\/www.sigmatools.com.br\/site\/wp-content\/uploads\/2024\/08\/5-7.jpg","contentUrl":"https:\/\/www.sigmatools.com.br\/site\/wp-content\/uploads\/2024\/08\/5-7.jpg","width":1000,"height":1000},{"@type":"BreadcrumbList","@id":"https:\/\/www.sigmatools.com.br\/site\/produto\/sgt-7507-pro-chave-de-impacto-1-2-700nm-21v-4ah-li-ion\/#breadcrumb","itemListElement":[{"@type":"ListItem","position":1,"name":"In\u00edcio","item":"https:\/\/www.sigmatools.com.br\/site\/"},{"@type":"ListItem","position":2,"name":"SGT-7507 &#8211; PRO &#8211; CHAVE DE IMPACTO 1\/2&#8243; 700NM &#8211; 21V\/4AH &#8211; LI-ION"}]},{"@type":"WebSite","@id":"https:\/\/www.sigmatools.com.br\/site\/#website","url":"https:\/\/www.sigmatools.com.br\/site\/","name":"Sigma Tools","description":"Equipamentos para Est\u00e9tica Automotiva e Oficina Mec\u00e2nica - Sigma Tools","publisher":{"@id":"https:\/\/www.sigmatools.com.br\/site\/#organization"},"potentialAction":[{"@type":"SearchAction","target":{"@type":"EntryPoint","urlTemplate":"https:\/\/www.sigmatools.com.br\/site\/?s={search_term_string}"},"query-input":{"@type":"PropertyValueSpecification","valueRequired":true,"valueName":"search_term_string"}}],"inLanguage":"pt-BR"},{"@type":"Organization","@id":"https:\/\/www.sigmatools.com.br\/site\/#organization","name":"SIGMA TOOLS","url":"https:\/\/www.sigmatools.com.br\/site\/","logo":{"@type":"ImageObject","inLanguage":"pt-BR","@id":"https:\/\/www.sigmatools.com.br\/site\/#\/schema\/logo\/image\/","url":"https:\/\/www.sigmatools.com.br\/site\/wp-content\/uploads\/2020\/01\/logo-sigma.png","contentUrl":"https:\/\/www.sigmatools.com.br\/site\/wp-content\/uploads\/2020\/01\/logo-sigma.png","width":152,"height":150,"caption":"SIGMA TOOLS"},"image":{"@id":"https:\/\/www.sigmatools.com.br\/site\/#\/schema\/logo\/image\/"},"sameAs":["https:\/\/www.facebook.com\/sigmatools"]}]}},"_links":{"self":[{"href":"https:\/\/www.sigmatools.com.br\/site\/wp-json\/wp\/v2\/product\/8441","targetHints":{"allow":["GET"]}}],"collection":[{"href":"https:\/\/www.sigmatools.com.br\/site\/wp-json\/wp\/v2\/product"}],"about":[{"href":"https:\/\/www.sigmatools.com.br\/site\/wp-json\/wp\/v2\/types\/product"}],"replies":[{"embeddable":true,"href":"https:\/\/www.sigmatools.com.br\/site\/wp-json\/wp\/v2\/comments?post=8441"}],"wp:featuredmedia":[{"embeddable":true,"href":"https:\/\/www.sigmatools.com.br\/site\/wp-json\/wp\/v2\/media\/8442"}],"wp:attachment":[{"href":"https:\/\/www.sigmatools.com.br\/site\/wp-json\/wp\/v2\/media?parent=8441"}],"wp:term":[{"taxonomy":"product_brand","embeddable":true,"href":"https:\/\/www.sigmatools.com.br\/site\/wp-json\/wp\/v2\/product_brand?post=8441"},{"taxonomy":"product_cat","embeddable":true,"href":"https:\/\/www.sigmatools.com.br\/site\/wp-json\/wp\/v2\/product_cat?post=8441"},{"taxonomy":"product_tag","embeddable":true,"href":"https:\/\/www.sigmatools.com.br\/site\/wp-json\/wp\/v2\/product_tag?post=8441"}],"curies":[{"name":"wp","href":"https:\/\/api.w.org\/{rel}","templated":true}]}}