{"id":858,"date":"2020-02-05T09:17:00","date_gmt":"2020-02-05T12:17:00","guid":{"rendered":"https:\/\/www.sigmatools.com.br\/site\/?post_type=product&#038;p=858"},"modified":"2024-02-15T17:23:08","modified_gmt":"2024-02-15T20:23:08","slug":"sgt-0309","status":"publish","type":"product","link":"https:\/\/www.sigmatools.com.br\/site\/produto\/sgt-0309\/","title":{"rendered":"SGT-0309 &#8211; LIXADEIRA ORBITAL 3\u201d PNEUM\u00c1TICA"},"content":{"rendered":"<p>[vc_row css_animation=&#8221;&#8221; row_type=&#8221;row&#8221; use_row_as_full_screen_section=&#8221;no&#8221; type=&#8221;full_width&#8221; angled_section=&#8221;no&#8221; text_align=&#8221;left&#8221; background_image_as_pattern=&#8221;without_pattern&#8221;][vc_column][vc_column_text]<strong>Velocidade Livre (rpm):<\/strong> 12.000<br \/>\n<strong>Di\u00e2metro do prato (pol\/mm):<\/strong> 3\u201d \/ 75mm<br \/>\n<strong>Di\u00e2metro da \u00f3rbita (pol\/mm):<\/strong> 3\/16\u201d \/ 5<br \/>\n<strong>Eixo roscado:<\/strong> 5\/16 x 24 Fios<br \/>\n<strong>Peso (kg):<\/strong> 0,769<br \/>\n<strong>\u00a0<\/strong><\/p>\n<p><strong>Para mais informa\u00e7\u00f5es, baixe o INFORMATIVO dessa ferramenta.<\/strong><\/p>\n<p>&nbsp;<\/p>\n<p><strong>Acess\u00f3rios<\/strong><br \/>\nO equipamento vem acompanhado de:<br \/>\n&#8211; Prato velcrado em uretano<br \/>\nAcess\u00f3rios opcionais est\u00e3o dispon\u00edveis:<br \/>\n&#8211; C\u00f3d.: 0752013705 &#8211; Suporte 3\u201d (rosca 5\/16\u201c) Velcrado[\/vc_column_text][\/vc_column][\/vc_row]<\/p>","protected":false},"excerpt":{"rendered":"<p><strong>C\u00f3digo do produto:<\/strong> 0701030900<\/p>\n<p><strong>C\u00f3digo de barras:<\/strong> 7908276600722<\/p>\n<p>&nbsp;<\/p>\n<p>Indicado para uso profissional e industrial para lixamento em pequenas \u00e1reas.<\/p>\n<p>&nbsp;<\/p>\n<p><a href=\"https:\/\/www.sigmatools.com.br\/site\/wp-content\/uploads\/2015\/11\/pictogramas-18.jpg\"><img decoding=\"async\" class=\"alignnone wp-image-269 size-full\" src=\"https:\/\/www.sigmatools.com.br\/site\/wp-content\/uploads\/2015\/11\/pictogramas-18.jpg\" alt=\"\" width=\"119\" height=\"47\" srcset=\"https:\/\/www.sigmatools.com.br\/site\/wp-content\/uploads\/2015\/11\/pictogramas-18.jpg 119w, https:\/\/www.sigmatools.com.br\/site\/wp-content\/uploads\/2015\/11\/pictogramas-18-64x25.jpg 64w\" sizes=\"(max-width: 119px) 100vw, 119px\" \/><\/a><\/p>\n<p>&nbsp;<\/p>\n<p><strong>Caracter\u00edsticas:<\/strong><\/p>\n<p>\u2022 Ferramenta leve e de alta performance;<br \/>\n\u2022 Desenho ergon\u00f4mico.<\/p>\n<p><strong>Aplica\u00e7\u00f5es:<\/strong><br \/>\nIndicado para uso profissional e industrial para lixamento em pequenas \u00e1reas.<\/p>\n<p>&nbsp;<\/p>\n<p>&nbsp;<\/p>\n<p>[button size=\"small\" icon=\"\" target=\"_blank\" text_align=\"left\" text=\"Informativo\" link=\"http:\/\/www.sigmatools.com.br\/site\/arquivos\/informativos\/SGT-0309 - Lixadeira Orbital 3.pdf\" color=\"#ffffff\" hover_color=\"#ffffff\" background_color=\"#353535\" hover_background_color=\"#dd3333\" border_color=\"#353535\" hover_border_color=\"#dd3333\"] \u00a0[button size=\"small\" icon=\"\" target=\"_blank\" text_align=\"left\" text=\"Manual\" link=\"http:\/\/www.sigmatools.com.br\/site\/arquivos\/manual\/SGT-0309 - Lixadeira Orbital 3 - MN.pdf\" color=\"#ffffff\" hover_color=\"#ffffff\" background_color=\"#353535\" hover_background_color=\"#dd3333\" border_color=\"#353535\" hover_border_color=\"#dd3333\"] \u00a0[button size=\"small\" icon=\"\" target=\"_blank\" text_align=\"left\" text=\"Vista Explodida\" link=\"http:\/\/www.sigmatools.com.br\/site\/arquivos\/vista-explodida\/SGT-0309 - Lixadeira Orbital 3 - VE.pdf\" color=\"#ffffff\" hover_color=\"#ffffff\" background_color=\"#353535\" hover_background_color=\"#dd3333\" border_color=\"#353535\" hover_border_color=\"#dd3333\"]<\/p>","protected":false},"featured_media":5081,"comment_status":"open","ping_status":"closed","template":"","meta":{"_jet_sm_ready_style":"","_jet_sm_style":"","_jet_sm_controls_values":"","_jet_sm_fonts_collection":"","_jet_sm_fonts_links":""},"product_brand":[],"product_cat":[110,140,139,60,89,15],"product_tag":[],"class_list":{"0":"post-858","1":"product","2":"type-product","3":"status-publish","4":"has-post-thumbnail","6":"product_cat-ferramentas","7":"product_cat-lixadeiras","8":"product_cat-lixadeiras-hookit","9":"product_cat-catalogo-geral","10":"product_cat-lixamento","11":"product_cat-sigma-tools","13":"first","14":"instock","15":"shipping-taxable","16":"product-type-simple"},"yoast_head":"<!-- This site is optimized with the Yoast SEO plugin v27.1.1 - https:\/\/yoast.com\/product\/yoast-seo-wordpress\/ -->\n<title>SGT-0309 - LIXADEIRA ORBITAL 3\u201d PNEUM\u00c1TICA - Sigma Tools<\/title>\n<meta name=\"robots\" content=\"index, follow, max-snippet:-1, max-image-preview:large, max-video-preview:-1\" \/>\n<link rel=\"canonical\" href=\"https:\/\/www.sigmatools.com.br\/site\/produto\/sgt-0309\/\" \/>\n<meta property=\"og:locale\" content=\"pt_BR\" \/>\n<meta property=\"og:type\" content=\"article\" \/>\n<meta property=\"og:title\" content=\"SGT-0309 - LIXADEIRA ORBITAL 3\u201d PNEUM\u00c1TICA - Sigma Tools\" \/>\n<meta property=\"og:description\" content=\"C\u00f3digo do produto: 0701030900  C\u00f3digo de barras: 7908276600722  &nbsp;  Indicado para uso profissional e industrial para lixamento em pequenas \u00e1reas.  &nbsp;    &nbsp;  Caracter\u00edsticas:  \u2022 Ferramenta leve e de alta performance; \u2022 Desenho ergon\u00f4mico.  Aplica\u00e7\u00f5es: Indicado para uso profissional e industrial para lixamento em pequenas \u00e1reas.  &nbsp;  &nbsp;   \u00a0 \u00a0\" \/>\n<meta property=\"og:url\" content=\"https:\/\/www.sigmatools.com.br\/site\/produto\/sgt-0309\/\" \/>\n<meta property=\"og:site_name\" content=\"Sigma Tools\" \/>\n<meta property=\"article:publisher\" content=\"https:\/\/www.facebook.com\/sigmatools\" \/>\n<meta property=\"article:modified_time\" content=\"2024-02-15T20:23:08+00:00\" \/>\n<meta property=\"og:image\" content=\"https:\/\/www.sigmatools.com.br\/site\/wp-content\/uploads\/2020\/02\/SGT-0309-nova.png\" \/>\n\t<meta property=\"og:image:width\" content=\"1000\" \/>\n\t<meta property=\"og:image:height\" content=\"1000\" \/>\n\t<meta property=\"og:image:type\" content=\"image\/png\" \/>\n<meta name=\"twitter:card\" content=\"summary_large_image\" \/>\n<script type=\"application\/ld+json\" class=\"yoast-schema-graph\">{\"@context\":\"https:\/\/schema.org\",\"@graph\":[{\"@type\":\"WebPage\",\"@id\":\"https:\/\/www.sigmatools.com.br\/site\/produto\/sgt-0309\/\",\"url\":\"https:\/\/www.sigmatools.com.br\/site\/produto\/sgt-0309\/\",\"name\":\"SGT-0309 - LIXADEIRA ORBITAL 3\u201d PNEUM\u00c1TICA - Sigma Tools\",\"isPartOf\":{\"@id\":\"https:\/\/www.sigmatools.com.br\/site\/#website\"},\"primaryImageOfPage\":{\"@id\":\"https:\/\/www.sigmatools.com.br\/site\/produto\/sgt-0309\/#primaryimage\"},\"image\":{\"@id\":\"https:\/\/www.sigmatools.com.br\/site\/produto\/sgt-0309\/#primaryimage\"},\"thumbnailUrl\":\"https:\/\/www.sigmatools.com.br\/site\/wp-content\/uploads\/2020\/02\/SGT-0309-nova.png\",\"datePublished\":\"2020-02-05T12:17:00+00:00\",\"dateModified\":\"2024-02-15T20:23:08+00:00\",\"breadcrumb\":{\"@id\":\"https:\/\/www.sigmatools.com.br\/site\/produto\/sgt-0309\/#breadcrumb\"},\"inLanguage\":\"pt-BR\",\"potentialAction\":[{\"@type\":\"ReadAction\",\"target\":[\"https:\/\/www.sigmatools.com.br\/site\/produto\/sgt-0309\/\"]}]},{\"@type\":\"ImageObject\",\"inLanguage\":\"pt-BR\",\"@id\":\"https:\/\/www.sigmatools.com.br\/site\/produto\/sgt-0309\/#primaryimage\",\"url\":\"https:\/\/www.sigmatools.com.br\/site\/wp-content\/uploads\/2020\/02\/SGT-0309-nova.png\",\"contentUrl\":\"https:\/\/www.sigmatools.com.br\/site\/wp-content\/uploads\/2020\/02\/SGT-0309-nova.png\",\"width\":1000,\"height\":1000},{\"@type\":\"BreadcrumbList\",\"@id\":\"https:\/\/www.sigmatools.com.br\/site\/produto\/sgt-0309\/#breadcrumb\",\"itemListElement\":[{\"@type\":\"ListItem\",\"position\":1,\"name\":\"In\u00edcio\",\"item\":\"https:\/\/www.sigmatools.com.br\/site\/\"},{\"@type\":\"ListItem\",\"position\":2,\"name\":\"SGT-0309 &#8211; LIXADEIRA ORBITAL 3\u201d PNEUM\u00c1TICA\"}]},{\"@type\":\"WebSite\",\"@id\":\"https:\/\/www.sigmatools.com.br\/site\/#website\",\"url\":\"https:\/\/www.sigmatools.com.br\/site\/\",\"name\":\"Sigma Tools\",\"description\":\"Equipamentos para Est\u00e9tica Automotiva e Oficina Mec\u00e2nica - Sigma Tools\",\"publisher\":{\"@id\":\"https:\/\/www.sigmatools.com.br\/site\/#organization\"},\"potentialAction\":[{\"@type\":\"SearchAction\",\"target\":{\"@type\":\"EntryPoint\",\"urlTemplate\":\"https:\/\/www.sigmatools.com.br\/site\/?s={search_term_string}\"},\"query-input\":{\"@type\":\"PropertyValueSpecification\",\"valueRequired\":true,\"valueName\":\"search_term_string\"}}],\"inLanguage\":\"pt-BR\"},{\"@type\":\"Organization\",\"@id\":\"https:\/\/www.sigmatools.com.br\/site\/#organization\",\"name\":\"SIGMA TOOLS\",\"url\":\"https:\/\/www.sigmatools.com.br\/site\/\",\"logo\":{\"@type\":\"ImageObject\",\"inLanguage\":\"pt-BR\",\"@id\":\"https:\/\/www.sigmatools.com.br\/site\/#\/schema\/logo\/image\/\",\"url\":\"https:\/\/www.sigmatools.com.br\/site\/wp-content\/uploads\/2020\/01\/logo-sigma.png\",\"contentUrl\":\"https:\/\/www.sigmatools.com.br\/site\/wp-content\/uploads\/2020\/01\/logo-sigma.png\",\"width\":152,\"height\":150,\"caption\":\"SIGMA TOOLS\"},\"image\":{\"@id\":\"https:\/\/www.sigmatools.com.br\/site\/#\/schema\/logo\/image\/\"},\"sameAs\":[\"https:\/\/www.facebook.com\/sigmatools\"]}]}<\/script>\n<!-- \/ Yoast SEO plugin. -->","yoast_head_json":{"title":"SGT-0309 - LIXADEIRA ORBITAL 3\u201d PNEUM\u00c1TICA - Sigma Tools","robots":{"index":"index","follow":"follow","max-snippet":"max-snippet:-1","max-image-preview":"max-image-preview:large","max-video-preview":"max-video-preview:-1"},"canonical":"https:\/\/www.sigmatools.com.br\/site\/produto\/sgt-0309\/","og_locale":"pt_BR","og_type":"article","og_title":"SGT-0309 - LIXADEIRA ORBITAL 3\u201d PNEUM\u00c1TICA - Sigma Tools","og_description":"C\u00f3digo do produto: 0701030900  C\u00f3digo de barras: 7908276600722  &nbsp;  Indicado para uso profissional e industrial para lixamento em pequenas \u00e1reas.  &nbsp;    &nbsp;  Caracter\u00edsticas:  \u2022 Ferramenta leve e de alta performance; \u2022 Desenho ergon\u00f4mico.  Aplica\u00e7\u00f5es: Indicado para uso profissional e industrial para lixamento em pequenas \u00e1reas.  &nbsp;  &nbsp;   \u00a0 \u00a0","og_url":"https:\/\/www.sigmatools.com.br\/site\/produto\/sgt-0309\/","og_site_name":"Sigma Tools","article_publisher":"https:\/\/www.facebook.com\/sigmatools","article_modified_time":"2024-02-15T20:23:08+00:00","og_image":[{"width":1000,"height":1000,"url":"https:\/\/www.sigmatools.com.br\/site\/wp-content\/uploads\/2020\/02\/SGT-0309-nova.png","type":"image\/png"}],"twitter_card":"summary_large_image","schema":{"@context":"https:\/\/schema.org","@graph":[{"@type":"WebPage","@id":"https:\/\/www.sigmatools.com.br\/site\/produto\/sgt-0309\/","url":"https:\/\/www.sigmatools.com.br\/site\/produto\/sgt-0309\/","name":"SGT-0309 - LIXADEIRA ORBITAL 3\u201d PNEUM\u00c1TICA - Sigma Tools","isPartOf":{"@id":"https:\/\/www.sigmatools.com.br\/site\/#website"},"primaryImageOfPage":{"@id":"https:\/\/www.sigmatools.com.br\/site\/produto\/sgt-0309\/#primaryimage"},"image":{"@id":"https:\/\/www.sigmatools.com.br\/site\/produto\/sgt-0309\/#primaryimage"},"thumbnailUrl":"https:\/\/www.sigmatools.com.br\/site\/wp-content\/uploads\/2020\/02\/SGT-0309-nova.png","datePublished":"2020-02-05T12:17:00+00:00","dateModified":"2024-02-15T20:23:08+00:00","breadcrumb":{"@id":"https:\/\/www.sigmatools.com.br\/site\/produto\/sgt-0309\/#breadcrumb"},"inLanguage":"pt-BR","potentialAction":[{"@type":"ReadAction","target":["https:\/\/www.sigmatools.com.br\/site\/produto\/sgt-0309\/"]}]},{"@type":"ImageObject","inLanguage":"pt-BR","@id":"https:\/\/www.sigmatools.com.br\/site\/produto\/sgt-0309\/#primaryimage","url":"https:\/\/www.sigmatools.com.br\/site\/wp-content\/uploads\/2020\/02\/SGT-0309-nova.png","contentUrl":"https:\/\/www.sigmatools.com.br\/site\/wp-content\/uploads\/2020\/02\/SGT-0309-nova.png","width":1000,"height":1000},{"@type":"BreadcrumbList","@id":"https:\/\/www.sigmatools.com.br\/site\/produto\/sgt-0309\/#breadcrumb","itemListElement":[{"@type":"ListItem","position":1,"name":"In\u00edcio","item":"https:\/\/www.sigmatools.com.br\/site\/"},{"@type":"ListItem","position":2,"name":"SGT-0309 &#8211; LIXADEIRA ORBITAL 3\u201d PNEUM\u00c1TICA"}]},{"@type":"WebSite","@id":"https:\/\/www.sigmatools.com.br\/site\/#website","url":"https:\/\/www.sigmatools.com.br\/site\/","name":"Sigma Tools","description":"Equipamentos para Est\u00e9tica Automotiva e Oficina Mec\u00e2nica - Sigma Tools","publisher":{"@id":"https:\/\/www.sigmatools.com.br\/site\/#organization"},"potentialAction":[{"@type":"SearchAction","target":{"@type":"EntryPoint","urlTemplate":"https:\/\/www.sigmatools.com.br\/site\/?s={search_term_string}"},"query-input":{"@type":"PropertyValueSpecification","valueRequired":true,"valueName":"search_term_string"}}],"inLanguage":"pt-BR"},{"@type":"Organization","@id":"https:\/\/www.sigmatools.com.br\/site\/#organization","name":"SIGMA TOOLS","url":"https:\/\/www.sigmatools.com.br\/site\/","logo":{"@type":"ImageObject","inLanguage":"pt-BR","@id":"https:\/\/www.sigmatools.com.br\/site\/#\/schema\/logo\/image\/","url":"https:\/\/www.sigmatools.com.br\/site\/wp-content\/uploads\/2020\/01\/logo-sigma.png","contentUrl":"https:\/\/www.sigmatools.com.br\/site\/wp-content\/uploads\/2020\/01\/logo-sigma.png","width":152,"height":150,"caption":"SIGMA TOOLS"},"image":{"@id":"https:\/\/www.sigmatools.com.br\/site\/#\/schema\/logo\/image\/"},"sameAs":["https:\/\/www.facebook.com\/sigmatools"]}]}},"_links":{"self":[{"href":"https:\/\/www.sigmatools.com.br\/site\/wp-json\/wp\/v2\/product\/858","targetHints":{"allow":["GET"]}}],"collection":[{"href":"https:\/\/www.sigmatools.com.br\/site\/wp-json\/wp\/v2\/product"}],"about":[{"href":"https:\/\/www.sigmatools.com.br\/site\/wp-json\/wp\/v2\/types\/product"}],"replies":[{"embeddable":true,"href":"https:\/\/www.sigmatools.com.br\/site\/wp-json\/wp\/v2\/comments?post=858"}],"wp:featuredmedia":[{"embeddable":true,"href":"https:\/\/www.sigmatools.com.br\/site\/wp-json\/wp\/v2\/media\/5081"}],"wp:attachment":[{"href":"https:\/\/www.sigmatools.com.br\/site\/wp-json\/wp\/v2\/media?parent=858"}],"wp:term":[{"taxonomy":"product_brand","embeddable":true,"href":"https:\/\/www.sigmatools.com.br\/site\/wp-json\/wp\/v2\/product_brand?post=858"},{"taxonomy":"product_cat","embeddable":true,"href":"https:\/\/www.sigmatools.com.br\/site\/wp-json\/wp\/v2\/product_cat?post=858"},{"taxonomy":"product_tag","embeddable":true,"href":"https:\/\/www.sigmatools.com.br\/site\/wp-json\/wp\/v2\/product_tag?post=858"}],"curies":[{"name":"wp","href":"https:\/\/api.w.org\/{rel}","templated":true}]}}