{"id":8822,"date":"2024-09-20T10:59:07","date_gmt":"2024-09-20T13:59:07","guid":{"rendered":"https:\/\/www.sigmatools.com.br\/site\/?post_type=product&#038;p=8822"},"modified":"2026-04-20T17:53:11","modified_gmt":"2026-04-20T20:53:11","slug":"iluminacao-em-led-hexagonal-com-5-celulas-cri90","status":"publish","type":"product","link":"https:\/\/www.sigmatools.com.br\/site\/produto\/iluminacao-em-led-hexagonal-com-5-celulas-cri90\/","title":{"rendered":"ILUMINA\u00c7\u00c3O EM LED HEXAGONAL COM 5 C\u00c9LULAS &#8211; CRI>90"},"content":{"rendered":"","protected":false},"excerpt":{"rendered":"<p><strong>C\u00f3digo de Produto<\/strong>: 1602010005<br \/>\n<strong>C\u00f3digo de Barras<\/strong>: 7908276645600<\/p>\n<iframe title=\"YouTube video player\" src=\"https:\/\/www.youtube.com\/embed\/C79zIoz-8UQ?si=AzOwiDORAoJ3UlJ9\" width=\"560\" height=\"315\" frameborder=\"0\" allowfullscreen=\"allowfullscreen\"><\/iframe>\n<p><strong>APLICA\u00c7\u00d5ES<\/strong><\/p>\n<p>Ideal para ilumina\u00e7\u00e3o em est\u00e9ticas automotivas, garagens, lavagens de carros, oficinas mec\u00e2nicas, salas de exposi\u00e7\u00e3o e demais locais para real\u00e7ar o estilo, iluminar o espa\u00e7o e melhorar a visibilidade para realiza\u00e7\u00e3o de servi\u00e7os e reparos.<\/p>\n<p>&nbsp;<\/p>\n<p><strong>VANTAGEM<\/strong><\/p>\n<p>\u2022 Pode ser montado no teto ou na parede;<br \/>\n\u2022 Experi\u00eancia visual elegante e agrad\u00e1vel;<br \/>\n\u2022 Melhor visibilidade;<br \/>\n\u2022 Real\u00e7a detalhes e imperfei\u00e7\u00f5es (uso no polimento).<\/p>\n<p>&nbsp;<\/p>\n<p>&nbsp;<\/p>\n<p><a href=\"https:\/\/www.sigmatools.com.br\/site\/wp-content\/uploads\/2024\/09\/1-9.jpg\"><img fetchpriority=\"high\" decoding=\"async\" class=\"alignnone size-medium wp-image-8837\" src=\"https:\/\/www.sigmatools.com.br\/site\/wp-content\/uploads\/2024\/09\/1-9-300x300.jpg\" alt=\"\" width=\"300\" height=\"300\" srcset=\"https:\/\/www.sigmatools.com.br\/site\/wp-content\/uploads\/2024\/09\/1-9-300x300.jpg 300w, https:\/\/www.sigmatools.com.br\/site\/wp-content\/uploads\/2024\/09\/1-9-150x150.jpg 150w, https:\/\/www.sigmatools.com.br\/site\/wp-content\/uploads\/2024\/09\/1-9-768x768.jpg 768w, https:\/\/www.sigmatools.com.br\/site\/wp-content\/uploads\/2024\/09\/1-9-570x570.jpg 570w, https:\/\/www.sigmatools.com.br\/site\/wp-content\/uploads\/2024\/09\/1-9-500x500.jpg 500w, https:\/\/www.sigmatools.com.br\/site\/wp-content\/uploads\/2024\/09\/1-9-700x700.jpg 700w, https:\/\/www.sigmatools.com.br\/site\/wp-content\/uploads\/2024\/09\/1-9-600x600.jpg 600w, https:\/\/www.sigmatools.com.br\/site\/wp-content\/uploads\/2024\/09\/1-9-100x100.jpg 100w, https:\/\/www.sigmatools.com.br\/site\/wp-content\/uploads\/2024\/09\/1-9-64x64.jpg 64w, https:\/\/www.sigmatools.com.br\/site\/wp-content\/uploads\/2024\/09\/1-9.jpg 1000w\" sizes=\"(max-width: 300px) 100vw, 300px\" \/><\/a><\/p>\n<p>&nbsp;<\/p>\n[button size=\"small\" icon=\"\" target=\"_blank\" text_align=\"left\" text=\"Informativo\" link=\"http:\/\/www.sigmatools.com.br\/site\/arquivos\/informativos\/ILUMINA%C3%87%C3%83O%20EM%20LED%20-%20INFO.pdf\" color=\"#ffffff\" hover_color=\"#ffffff\" background_color=\"#353535\" hover_background_color=\"#dd3333\" border_color=\"#353535\" hover_border_color=\"#dd3333\"]","protected":false},"featured_media":8825,"comment_status":"open","ping_status":"closed","template":"","meta":{"_jet_sm_ready_style":"","_jet_sm_style":"","_jet_sm_controls_values":"","_jet_sm_fonts_collection":"","_jet_sm_fonts_links":""},"product_brand":[],"product_cat":[218,110,60,72,15],"product_tag":[],"class_list":{"0":"post-8822","1":"product","2":"type-product","3":"status-publish","4":"has-post-thumbnail","6":"product_cat-destaque","7":"product_cat-ferramentas","8":"product_cat-catalogo-geral","9":"product_cat-iluminacao","10":"product_cat-sigma-tools","12":"first","13":"instock","14":"featured","15":"shipping-taxable","16":"product-type-simple"},"yoast_head":"<!-- This site is optimized with the Yoast SEO plugin v27.1.1 - https:\/\/yoast.com\/product\/yoast-seo-wordpress\/ -->\n<title>ILUMINA\u00c7\u00c3O EM LED HEXAGONAL COM 5 C\u00c9LULAS - CRI&gt;90 - Sigma Tools<\/title>\n<meta name=\"robots\" content=\"index, follow, max-snippet:-1, max-image-preview:large, max-video-preview:-1\" \/>\n<link rel=\"canonical\" href=\"https:\/\/www.sigmatools.com.br\/site\/produto\/iluminacao-em-led-hexagonal-com-5-celulas-cri90\/\" \/>\n<meta property=\"og:locale\" content=\"pt_BR\" \/>\n<meta property=\"og:type\" content=\"article\" \/>\n<meta property=\"og:title\" content=\"ILUMINA\u00c7\u00c3O EM LED HEXAGONAL COM 5 C\u00c9LULAS - CRI&gt;90 - Sigma Tools\" \/>\n<meta property=\"og:description\" content=\"C\u00f3digo de Produto: 1602010005 C\u00f3digo de Barras: 7908276645600    APLICA\u00c7\u00d5ES  Ideal para ilumina\u00e7\u00e3o em est\u00e9ticas automotivas, garagens, lavagens de carros, oficinas mec\u00e2nicas, salas de exposi\u00e7\u00e3o e demais locais para real\u00e7ar o estilo, iluminar o espa\u00e7o e melhorar a visibilidade para realiza\u00e7\u00e3o de servi\u00e7os e reparos.  &nbsp;  VANTAGEM  \u2022 Pode ser montado no teto ou na parede; \u2022 Experi\u00eancia visual elegante e agrad\u00e1vel; \u2022 Melhor visibilidade; \u2022 Real\u00e7a detalhes e imperfei\u00e7\u00f5es (uso no polimento).  &nbsp;  &nbsp;    &nbsp;\" \/>\n<meta property=\"og:url\" content=\"https:\/\/www.sigmatools.com.br\/site\/produto\/iluminacao-em-led-hexagonal-com-5-celulas-cri90\/\" \/>\n<meta property=\"og:site_name\" content=\"Sigma Tools\" \/>\n<meta property=\"article:publisher\" content=\"https:\/\/www.facebook.com\/sigmatools\" \/>\n<meta property=\"article:modified_time\" content=\"2026-04-20T20:53:11+00:00\" \/>\n<meta property=\"og:image\" content=\"https:\/\/www.sigmatools.com.br\/site\/wp-content\/uploads\/2024\/09\/2-3.jpg\" \/>\n\t<meta property=\"og:image:width\" content=\"800\" \/>\n\t<meta property=\"og:image:height\" content=\"800\" \/>\n\t<meta property=\"og:image:type\" content=\"image\/jpeg\" \/>\n<meta name=\"twitter:card\" content=\"summary_large_image\" \/>\n<meta name=\"twitter:label1\" content=\"Est. tempo de leitura\" \/>\n\t<meta name=\"twitter:data1\" content=\"1 minuto\" \/>\n<script type=\"application\/ld+json\" class=\"yoast-schema-graph\">{\"@context\":\"https:\/\/schema.org\",\"@graph\":[{\"@type\":\"WebPage\",\"@id\":\"https:\/\/www.sigmatools.com.br\/site\/produto\/iluminacao-em-led-hexagonal-com-5-celulas-cri90\/\",\"url\":\"https:\/\/www.sigmatools.com.br\/site\/produto\/iluminacao-em-led-hexagonal-com-5-celulas-cri90\/\",\"name\":\"ILUMINA\u00c7\u00c3O EM LED HEXAGONAL COM 5 C\u00c9LULAS - CRI>90 - Sigma Tools\",\"isPartOf\":{\"@id\":\"https:\/\/www.sigmatools.com.br\/site\/#website\"},\"primaryImageOfPage\":{\"@id\":\"https:\/\/www.sigmatools.com.br\/site\/produto\/iluminacao-em-led-hexagonal-com-5-celulas-cri90\/#primaryimage\"},\"image\":{\"@id\":\"https:\/\/www.sigmatools.com.br\/site\/produto\/iluminacao-em-led-hexagonal-com-5-celulas-cri90\/#primaryimage\"},\"thumbnailUrl\":\"https:\/\/www.sigmatools.com.br\/site\/wp-content\/uploads\/2024\/09\/2-3.jpg\",\"datePublished\":\"2024-09-20T13:59:07+00:00\",\"dateModified\":\"2026-04-20T20:53:11+00:00\",\"breadcrumb\":{\"@id\":\"https:\/\/www.sigmatools.com.br\/site\/produto\/iluminacao-em-led-hexagonal-com-5-celulas-cri90\/#breadcrumb\"},\"inLanguage\":\"pt-BR\",\"potentialAction\":[{\"@type\":\"ReadAction\",\"target\":[\"https:\/\/www.sigmatools.com.br\/site\/produto\/iluminacao-em-led-hexagonal-com-5-celulas-cri90\/\"]}]},{\"@type\":\"ImageObject\",\"inLanguage\":\"pt-BR\",\"@id\":\"https:\/\/www.sigmatools.com.br\/site\/produto\/iluminacao-em-led-hexagonal-com-5-celulas-cri90\/#primaryimage\",\"url\":\"https:\/\/www.sigmatools.com.br\/site\/wp-content\/uploads\/2024\/09\/2-3.jpg\",\"contentUrl\":\"https:\/\/www.sigmatools.com.br\/site\/wp-content\/uploads\/2024\/09\/2-3.jpg\",\"width\":800,\"height\":800},{\"@type\":\"BreadcrumbList\",\"@id\":\"https:\/\/www.sigmatools.com.br\/site\/produto\/iluminacao-em-led-hexagonal-com-5-celulas-cri90\/#breadcrumb\",\"itemListElement\":[{\"@type\":\"ListItem\",\"position\":1,\"name\":\"In\u00edcio\",\"item\":\"https:\/\/www.sigmatools.com.br\/site\/\"},{\"@type\":\"ListItem\",\"position\":2,\"name\":\"ILUMINA\u00c7\u00c3O EM LED HEXAGONAL COM 5 C\u00c9LULAS &#8211; CRI>90\"}]},{\"@type\":\"WebSite\",\"@id\":\"https:\/\/www.sigmatools.com.br\/site\/#website\",\"url\":\"https:\/\/www.sigmatools.com.br\/site\/\",\"name\":\"Sigma Tools\",\"description\":\"Equipamentos para Est\u00e9tica Automotiva e Oficina Mec\u00e2nica - Sigma Tools\",\"publisher\":{\"@id\":\"https:\/\/www.sigmatools.com.br\/site\/#organization\"},\"potentialAction\":[{\"@type\":\"SearchAction\",\"target\":{\"@type\":\"EntryPoint\",\"urlTemplate\":\"https:\/\/www.sigmatools.com.br\/site\/?s={search_term_string}\"},\"query-input\":{\"@type\":\"PropertyValueSpecification\",\"valueRequired\":true,\"valueName\":\"search_term_string\"}}],\"inLanguage\":\"pt-BR\"},{\"@type\":\"Organization\",\"@id\":\"https:\/\/www.sigmatools.com.br\/site\/#organization\",\"name\":\"SIGMA TOOLS\",\"url\":\"https:\/\/www.sigmatools.com.br\/site\/\",\"logo\":{\"@type\":\"ImageObject\",\"inLanguage\":\"pt-BR\",\"@id\":\"https:\/\/www.sigmatools.com.br\/site\/#\/schema\/logo\/image\/\",\"url\":\"https:\/\/www.sigmatools.com.br\/site\/wp-content\/uploads\/2020\/01\/logo-sigma.png\",\"contentUrl\":\"https:\/\/www.sigmatools.com.br\/site\/wp-content\/uploads\/2020\/01\/logo-sigma.png\",\"width\":152,\"height\":150,\"caption\":\"SIGMA TOOLS\"},\"image\":{\"@id\":\"https:\/\/www.sigmatools.com.br\/site\/#\/schema\/logo\/image\/\"},\"sameAs\":[\"https:\/\/www.facebook.com\/sigmatools\"]}]}<\/script>\n<!-- \/ Yoast SEO plugin. -->","yoast_head_json":{"title":"ILUMINA\u00c7\u00c3O EM LED HEXAGONAL COM 5 C\u00c9LULAS - CRI>90 - Sigma Tools","robots":{"index":"index","follow":"follow","max-snippet":"max-snippet:-1","max-image-preview":"max-image-preview:large","max-video-preview":"max-video-preview:-1"},"canonical":"https:\/\/www.sigmatools.com.br\/site\/produto\/iluminacao-em-led-hexagonal-com-5-celulas-cri90\/","og_locale":"pt_BR","og_type":"article","og_title":"ILUMINA\u00c7\u00c3O EM LED HEXAGONAL COM 5 C\u00c9LULAS - CRI>90 - Sigma Tools","og_description":"C\u00f3digo de Produto: 1602010005 C\u00f3digo de Barras: 7908276645600    APLICA\u00c7\u00d5ES  Ideal para ilumina\u00e7\u00e3o em est\u00e9ticas automotivas, garagens, lavagens de carros, oficinas mec\u00e2nicas, salas de exposi\u00e7\u00e3o e demais locais para real\u00e7ar o estilo, iluminar o espa\u00e7o e melhorar a visibilidade para realiza\u00e7\u00e3o de servi\u00e7os e reparos.  &nbsp;  VANTAGEM  \u2022 Pode ser montado no teto ou na parede; \u2022 Experi\u00eancia visual elegante e agrad\u00e1vel; \u2022 Melhor visibilidade; \u2022 Real\u00e7a detalhes e imperfei\u00e7\u00f5es (uso no polimento).  &nbsp;  &nbsp;    &nbsp;","og_url":"https:\/\/www.sigmatools.com.br\/site\/produto\/iluminacao-em-led-hexagonal-com-5-celulas-cri90\/","og_site_name":"Sigma Tools","article_publisher":"https:\/\/www.facebook.com\/sigmatools","article_modified_time":"2026-04-20T20:53:11+00:00","og_image":[{"width":800,"height":800,"url":"https:\/\/www.sigmatools.com.br\/site\/wp-content\/uploads\/2024\/09\/2-3.jpg","type":"image\/jpeg"}],"twitter_card":"summary_large_image","twitter_misc":{"Est. tempo de leitura":"1 minuto"},"schema":{"@context":"https:\/\/schema.org","@graph":[{"@type":"WebPage","@id":"https:\/\/www.sigmatools.com.br\/site\/produto\/iluminacao-em-led-hexagonal-com-5-celulas-cri90\/","url":"https:\/\/www.sigmatools.com.br\/site\/produto\/iluminacao-em-led-hexagonal-com-5-celulas-cri90\/","name":"ILUMINA\u00c7\u00c3O EM LED HEXAGONAL COM 5 C\u00c9LULAS - CRI>90 - Sigma Tools","isPartOf":{"@id":"https:\/\/www.sigmatools.com.br\/site\/#website"},"primaryImageOfPage":{"@id":"https:\/\/www.sigmatools.com.br\/site\/produto\/iluminacao-em-led-hexagonal-com-5-celulas-cri90\/#primaryimage"},"image":{"@id":"https:\/\/www.sigmatools.com.br\/site\/produto\/iluminacao-em-led-hexagonal-com-5-celulas-cri90\/#primaryimage"},"thumbnailUrl":"https:\/\/www.sigmatools.com.br\/site\/wp-content\/uploads\/2024\/09\/2-3.jpg","datePublished":"2024-09-20T13:59:07+00:00","dateModified":"2026-04-20T20:53:11+00:00","breadcrumb":{"@id":"https:\/\/www.sigmatools.com.br\/site\/produto\/iluminacao-em-led-hexagonal-com-5-celulas-cri90\/#breadcrumb"},"inLanguage":"pt-BR","potentialAction":[{"@type":"ReadAction","target":["https:\/\/www.sigmatools.com.br\/site\/produto\/iluminacao-em-led-hexagonal-com-5-celulas-cri90\/"]}]},{"@type":"ImageObject","inLanguage":"pt-BR","@id":"https:\/\/www.sigmatools.com.br\/site\/produto\/iluminacao-em-led-hexagonal-com-5-celulas-cri90\/#primaryimage","url":"https:\/\/www.sigmatools.com.br\/site\/wp-content\/uploads\/2024\/09\/2-3.jpg","contentUrl":"https:\/\/www.sigmatools.com.br\/site\/wp-content\/uploads\/2024\/09\/2-3.jpg","width":800,"height":800},{"@type":"BreadcrumbList","@id":"https:\/\/www.sigmatools.com.br\/site\/produto\/iluminacao-em-led-hexagonal-com-5-celulas-cri90\/#breadcrumb","itemListElement":[{"@type":"ListItem","position":1,"name":"In\u00edcio","item":"https:\/\/www.sigmatools.com.br\/site\/"},{"@type":"ListItem","position":2,"name":"ILUMINA\u00c7\u00c3O EM LED HEXAGONAL COM 5 C\u00c9LULAS &#8211; CRI>90"}]},{"@type":"WebSite","@id":"https:\/\/www.sigmatools.com.br\/site\/#website","url":"https:\/\/www.sigmatools.com.br\/site\/","name":"Sigma Tools","description":"Equipamentos para Est\u00e9tica Automotiva e Oficina Mec\u00e2nica - Sigma Tools","publisher":{"@id":"https:\/\/www.sigmatools.com.br\/site\/#organization"},"potentialAction":[{"@type":"SearchAction","target":{"@type":"EntryPoint","urlTemplate":"https:\/\/www.sigmatools.com.br\/site\/?s={search_term_string}"},"query-input":{"@type":"PropertyValueSpecification","valueRequired":true,"valueName":"search_term_string"}}],"inLanguage":"pt-BR"},{"@type":"Organization","@id":"https:\/\/www.sigmatools.com.br\/site\/#organization","name":"SIGMA TOOLS","url":"https:\/\/www.sigmatools.com.br\/site\/","logo":{"@type":"ImageObject","inLanguage":"pt-BR","@id":"https:\/\/www.sigmatools.com.br\/site\/#\/schema\/logo\/image\/","url":"https:\/\/www.sigmatools.com.br\/site\/wp-content\/uploads\/2020\/01\/logo-sigma.png","contentUrl":"https:\/\/www.sigmatools.com.br\/site\/wp-content\/uploads\/2020\/01\/logo-sigma.png","width":152,"height":150,"caption":"SIGMA TOOLS"},"image":{"@id":"https:\/\/www.sigmatools.com.br\/site\/#\/schema\/logo\/image\/"},"sameAs":["https:\/\/www.facebook.com\/sigmatools"]}]}},"_links":{"self":[{"href":"https:\/\/www.sigmatools.com.br\/site\/wp-json\/wp\/v2\/product\/8822","targetHints":{"allow":["GET"]}}],"collection":[{"href":"https:\/\/www.sigmatools.com.br\/site\/wp-json\/wp\/v2\/product"}],"about":[{"href":"https:\/\/www.sigmatools.com.br\/site\/wp-json\/wp\/v2\/types\/product"}],"replies":[{"embeddable":true,"href":"https:\/\/www.sigmatools.com.br\/site\/wp-json\/wp\/v2\/comments?post=8822"}],"wp:featuredmedia":[{"embeddable":true,"href":"https:\/\/www.sigmatools.com.br\/site\/wp-json\/wp\/v2\/media\/8825"}],"wp:attachment":[{"href":"https:\/\/www.sigmatools.com.br\/site\/wp-json\/wp\/v2\/media?parent=8822"}],"wp:term":[{"taxonomy":"product_brand","embeddable":true,"href":"https:\/\/www.sigmatools.com.br\/site\/wp-json\/wp\/v2\/product_brand?post=8822"},{"taxonomy":"product_cat","embeddable":true,"href":"https:\/\/www.sigmatools.com.br\/site\/wp-json\/wp\/v2\/product_cat?post=8822"},{"taxonomy":"product_tag","embeddable":true,"href":"https:\/\/www.sigmatools.com.br\/site\/wp-json\/wp\/v2\/product_tag?post=8822"}],"curies":[{"name":"wp","href":"https:\/\/api.w.org\/{rel}","templated":true}]}}