{"id":8922,"date":"2024-10-11T18:13:34","date_gmt":"2024-10-11T21:13:34","guid":{"rendered":"https:\/\/www.sigmatools.com.br\/site\/?post_type=product&#038;p=8922"},"modified":"2025-08-08T11:04:30","modified_gmt":"2025-08-08T14:04:30","slug":"elevador-automotivo-25ton-470mm","status":"publish","type":"product","link":"https:\/\/www.sigmatools.com.br\/site\/produto\/elevador-automotivo-25ton-470mm\/","title":{"rendered":"ELEVADOR AUTOMOTIVO 2,5TON &#8211; 470MM"},"content":{"rendered":"","protected":false},"excerpt":{"rendered":"<p><strong>C\u00f3digo do Produto<\/strong>: 0761100045<\/p>\n<p><strong>C\u00f3digo de Barras<\/strong>: 7908276645419<\/p>\n<iframe title=\"YouTube video player\" src=\"https:\/\/www.youtube.com\/embed\/_w6b925sj8E?si=OiUu-fpeuXbWm1d6\" width=\"560\" height=\"315\" frameborder=\"0\" allowfullscreen=\"allowfullscreen\"><\/iframe>\n<p>&nbsp;<\/p>\n<p><strong>APLICA\u00c7\u00c3O<\/strong><\/p>\n<p>Ideal para uma ampla gama de servi\u00e7os de manuten\u00e7\u00e3o e reparo automotivo. Projetado para levantar ve\u00edculos pela lateral, ele \u00e9 especialmente \u00fatil em ambientes como oficinas mec\u00e2nicas, centros de repara\u00e7\u00e3o de pneus e garagens particulares. Suas principais aplica\u00e7\u00f5es incluem:<\/p>\n<p>\u2022 Troca de pneus e rodas;<br \/>\n\u2022 Acesso facilitado a componentes da suspens\u00e3o;<br \/>\n\u2022 Manuten\u00e7\u00e3o de sistemas de freios;<br \/>\n\u2022 Inspe\u00e7\u00e3o e reparo de sistemas de escapamento;<br \/>\n\u2022 Substitui\u00e7\u00e3o de filtros e fluidos em \u00e1reas de dif\u00edcil acesso;<br \/>\n\u2022 Ajustes e reparos r\u00e1pidos em pe\u00e7as inferiores do ve\u00edculo.<\/p>\n<p>&nbsp;<\/p>\n<p><strong>VANTAGENS<\/strong><\/p>\n<p>\u2022 Design compacto e funcional;<br \/>\n\u2022 F\u00e1cil de usar e pode ser facilmente transportado para qualquer lugar;<br \/>\n\u2022 Sistema de eleva\u00e7\u00e3o que permite que o ve\u00edculo seja levantada com facilidade;<br \/>\n\u2022 Base larga e est\u00e1vel que garante uma opera\u00e7\u00e3o segura e confi\u00e1vel;<br \/>\n\u2022 Possui trava de seguran\u00e7a mec\u00e2nica.<\/p>\n<p>&nbsp;<\/p>\n<p><strong>IMPORTANTE<\/strong><\/p>\n<p>Mantenha sempre m\u00e3os e p\u00e9s longe do mecanismo quando o mesmo n\u00e3o estiver travado!<\/p>\n<p>&nbsp;<\/p>\n[button size=\"small\" icon=\"\" target=\"_blank\" text_align=\"left\" text=\"Informativo\" link=\"http:\/\/www.sigmatools.com.br\/site\/arquivos\/informativos\/ELEVADOR%20AUTOMOTIVO%202%2C5TON%20-%20470MM%20-%20INFO.pdf\" color=\"#ffffff\" hover_color=\"#ffffff\" background_color=\"#353535\" hover_background_color=\"#dd3333\" border_color=\"#353535\" hover_border_color=\"#dd3333\"]","protected":false},"featured_media":8923,"comment_status":"open","ping_status":"closed","template":"","meta":{"_jet_sm_ready_style":"","_jet_sm_style":"","_jet_sm_controls_values":"","_jet_sm_fonts_collection":"","_jet_sm_fonts_links":""},"product_brand":[],"product_cat":[218,60,15],"product_tag":[],"class_list":{"0":"post-8922","1":"product","2":"type-product","3":"status-publish","4":"has-post-thumbnail","6":"product_cat-destaque","7":"product_cat-catalogo-geral","8":"product_cat-sigma-tools","10":"first","11":"instock","12":"shipping-taxable","13":"product-type-simple"},"yoast_head":"<!-- This site is optimized with the Yoast SEO plugin v27.1.1 - https:\/\/yoast.com\/product\/yoast-seo-wordpress\/ -->\n<title>ELEVADOR AUTOMOTIVO 2,5TON - 470MM - Sigma Tools<\/title>\n<meta name=\"robots\" content=\"index, follow, max-snippet:-1, max-image-preview:large, max-video-preview:-1\" \/>\n<link rel=\"canonical\" href=\"https:\/\/www.sigmatools.com.br\/site\/produto\/elevador-automotivo-25ton-470mm\/\" \/>\n<meta property=\"og:locale\" content=\"pt_BR\" \/>\n<meta property=\"og:type\" content=\"article\" \/>\n<meta property=\"og:title\" content=\"ELEVADOR AUTOMOTIVO 2,5TON - 470MM - Sigma Tools\" \/>\n<meta property=\"og:description\" content=\"C\u00f3digo do Produto: 0761100045  C\u00f3digo de Barras: 7908276645419    &nbsp;  APLICA\u00c7\u00c3O  Ideal para uma ampla gama de servi\u00e7os de manuten\u00e7\u00e3o e reparo automotivo. Projetado para levantar ve\u00edculos pela lateral, ele \u00e9 especialmente \u00fatil em ambientes como oficinas mec\u00e2nicas, centros de repara\u00e7\u00e3o de pneus e garagens particulares. Suas principais aplica\u00e7\u00f5es incluem:  \u2022 Troca de pneus e rodas; \u2022 Acesso facilitado a componentes da suspens\u00e3o; \u2022 Manuten\u00e7\u00e3o de sistemas de freios; \u2022 Inspe\u00e7\u00e3o e reparo de sistemas de escapamento; \u2022 Substitui\u00e7\u00e3o de filtros e fluidos em \u00e1reas de dif\u00edcil acesso; \u2022 Ajustes e reparos r\u00e1pidos em pe\u00e7as inferiores do ve\u00edculo.  &nbsp;  VANTAGENS  \u2022 Design compacto e funcional; \u2022 F\u00e1cil de usar e pode ser facilmente transportado para qualquer lugar; \u2022 Sistema de eleva\u00e7\u00e3o que permite que o ve\u00edculo seja levantada com facilidade; \u2022 Base larga e est\u00e1vel que garante uma opera\u00e7\u00e3o segura e confi\u00e1vel; \u2022 Possui trava de seguran\u00e7a mec\u00e2nica.  &nbsp;  IMPORTANTE  Mantenha sempre m\u00e3os e p\u00e9s longe do mecanismo quando o mesmo n\u00e3o estiver travado!  &nbsp;\" \/>\n<meta property=\"og:url\" content=\"https:\/\/www.sigmatools.com.br\/site\/produto\/elevador-automotivo-25ton-470mm\/\" \/>\n<meta property=\"og:site_name\" content=\"Sigma Tools\" \/>\n<meta property=\"article:publisher\" content=\"https:\/\/www.facebook.com\/sigmatools\" \/>\n<meta property=\"article:modified_time\" content=\"2025-08-08T14:04:30+00:00\" \/>\n<meta property=\"og:image\" content=\"https:\/\/www.sigmatools.com.br\/site\/wp-content\/uploads\/2024\/10\/1.jpg\" \/>\n\t<meta property=\"og:image:width\" content=\"1000\" \/>\n\t<meta property=\"og:image:height\" content=\"1000\" \/>\n\t<meta property=\"og:image:type\" content=\"image\/jpeg\" \/>\n<meta name=\"twitter:card\" content=\"summary_large_image\" \/>\n<meta name=\"twitter:label1\" content=\"Est. tempo de leitura\" \/>\n\t<meta name=\"twitter:data1\" content=\"1 minuto\" \/>\n<script type=\"application\/ld+json\" class=\"yoast-schema-graph\">{\"@context\":\"https:\/\/schema.org\",\"@graph\":[{\"@type\":\"WebPage\",\"@id\":\"https:\/\/www.sigmatools.com.br\/site\/produto\/elevador-automotivo-25ton-470mm\/\",\"url\":\"https:\/\/www.sigmatools.com.br\/site\/produto\/elevador-automotivo-25ton-470mm\/\",\"name\":\"ELEVADOR AUTOMOTIVO 2,5TON - 470MM - Sigma Tools\",\"isPartOf\":{\"@id\":\"https:\/\/www.sigmatools.com.br\/site\/#website\"},\"primaryImageOfPage\":{\"@id\":\"https:\/\/www.sigmatools.com.br\/site\/produto\/elevador-automotivo-25ton-470mm\/#primaryimage\"},\"image\":{\"@id\":\"https:\/\/www.sigmatools.com.br\/site\/produto\/elevador-automotivo-25ton-470mm\/#primaryimage\"},\"thumbnailUrl\":\"https:\/\/www.sigmatools.com.br\/site\/wp-content\/uploads\/2024\/10\/1.jpg\",\"datePublished\":\"2024-10-11T21:13:34+00:00\",\"dateModified\":\"2025-08-08T14:04:30+00:00\",\"breadcrumb\":{\"@id\":\"https:\/\/www.sigmatools.com.br\/site\/produto\/elevador-automotivo-25ton-470mm\/#breadcrumb\"},\"inLanguage\":\"pt-BR\",\"potentialAction\":[{\"@type\":\"ReadAction\",\"target\":[\"https:\/\/www.sigmatools.com.br\/site\/produto\/elevador-automotivo-25ton-470mm\/\"]}]},{\"@type\":\"ImageObject\",\"inLanguage\":\"pt-BR\",\"@id\":\"https:\/\/www.sigmatools.com.br\/site\/produto\/elevador-automotivo-25ton-470mm\/#primaryimage\",\"url\":\"https:\/\/www.sigmatools.com.br\/site\/wp-content\/uploads\/2024\/10\/1.jpg\",\"contentUrl\":\"https:\/\/www.sigmatools.com.br\/site\/wp-content\/uploads\/2024\/10\/1.jpg\",\"width\":1000,\"height\":1000},{\"@type\":\"BreadcrumbList\",\"@id\":\"https:\/\/www.sigmatools.com.br\/site\/produto\/elevador-automotivo-25ton-470mm\/#breadcrumb\",\"itemListElement\":[{\"@type\":\"ListItem\",\"position\":1,\"name\":\"In\u00edcio\",\"item\":\"https:\/\/www.sigmatools.com.br\/site\/\"},{\"@type\":\"ListItem\",\"position\":2,\"name\":\"ELEVADOR AUTOMOTIVO 2,5TON &#8211; 470MM\"}]},{\"@type\":\"WebSite\",\"@id\":\"https:\/\/www.sigmatools.com.br\/site\/#website\",\"url\":\"https:\/\/www.sigmatools.com.br\/site\/\",\"name\":\"Sigma Tools\",\"description\":\"Equipamentos para Est\u00e9tica Automotiva e Oficina Mec\u00e2nica - Sigma Tools\",\"publisher\":{\"@id\":\"https:\/\/www.sigmatools.com.br\/site\/#organization\"},\"potentialAction\":[{\"@type\":\"SearchAction\",\"target\":{\"@type\":\"EntryPoint\",\"urlTemplate\":\"https:\/\/www.sigmatools.com.br\/site\/?s={search_term_string}\"},\"query-input\":{\"@type\":\"PropertyValueSpecification\",\"valueRequired\":true,\"valueName\":\"search_term_string\"}}],\"inLanguage\":\"pt-BR\"},{\"@type\":\"Organization\",\"@id\":\"https:\/\/www.sigmatools.com.br\/site\/#organization\",\"name\":\"SIGMA TOOLS\",\"url\":\"https:\/\/www.sigmatools.com.br\/site\/\",\"logo\":{\"@type\":\"ImageObject\",\"inLanguage\":\"pt-BR\",\"@id\":\"https:\/\/www.sigmatools.com.br\/site\/#\/schema\/logo\/image\/\",\"url\":\"https:\/\/www.sigmatools.com.br\/site\/wp-content\/uploads\/2020\/01\/logo-sigma.png\",\"contentUrl\":\"https:\/\/www.sigmatools.com.br\/site\/wp-content\/uploads\/2020\/01\/logo-sigma.png\",\"width\":152,\"height\":150,\"caption\":\"SIGMA TOOLS\"},\"image\":{\"@id\":\"https:\/\/www.sigmatools.com.br\/site\/#\/schema\/logo\/image\/\"},\"sameAs\":[\"https:\/\/www.facebook.com\/sigmatools\"]}]}<\/script>\n<!-- \/ Yoast SEO plugin. -->","yoast_head_json":{"title":"ELEVADOR AUTOMOTIVO 2,5TON - 470MM - Sigma Tools","robots":{"index":"index","follow":"follow","max-snippet":"max-snippet:-1","max-image-preview":"max-image-preview:large","max-video-preview":"max-video-preview:-1"},"canonical":"https:\/\/www.sigmatools.com.br\/site\/produto\/elevador-automotivo-25ton-470mm\/","og_locale":"pt_BR","og_type":"article","og_title":"ELEVADOR AUTOMOTIVO 2,5TON - 470MM - Sigma Tools","og_description":"C\u00f3digo do Produto: 0761100045  C\u00f3digo de Barras: 7908276645419    &nbsp;  APLICA\u00c7\u00c3O  Ideal para uma ampla gama de servi\u00e7os de manuten\u00e7\u00e3o e reparo automotivo. Projetado para levantar ve\u00edculos pela lateral, ele \u00e9 especialmente \u00fatil em ambientes como oficinas mec\u00e2nicas, centros de repara\u00e7\u00e3o de pneus e garagens particulares. Suas principais aplica\u00e7\u00f5es incluem:  \u2022 Troca de pneus e rodas; \u2022 Acesso facilitado a componentes da suspens\u00e3o; \u2022 Manuten\u00e7\u00e3o de sistemas de freios; \u2022 Inspe\u00e7\u00e3o e reparo de sistemas de escapamento; \u2022 Substitui\u00e7\u00e3o de filtros e fluidos em \u00e1reas de dif\u00edcil acesso; \u2022 Ajustes e reparos r\u00e1pidos em pe\u00e7as inferiores do ve\u00edculo.  &nbsp;  VANTAGENS  \u2022 Design compacto e funcional; \u2022 F\u00e1cil de usar e pode ser facilmente transportado para qualquer lugar; \u2022 Sistema de eleva\u00e7\u00e3o que permite que o ve\u00edculo seja levantada com facilidade; \u2022 Base larga e est\u00e1vel que garante uma opera\u00e7\u00e3o segura e confi\u00e1vel; \u2022 Possui trava de seguran\u00e7a mec\u00e2nica.  &nbsp;  IMPORTANTE  Mantenha sempre m\u00e3os e p\u00e9s longe do mecanismo quando o mesmo n\u00e3o estiver travado!  &nbsp;","og_url":"https:\/\/www.sigmatools.com.br\/site\/produto\/elevador-automotivo-25ton-470mm\/","og_site_name":"Sigma Tools","article_publisher":"https:\/\/www.facebook.com\/sigmatools","article_modified_time":"2025-08-08T14:04:30+00:00","og_image":[{"width":1000,"height":1000,"url":"https:\/\/www.sigmatools.com.br\/site\/wp-content\/uploads\/2024\/10\/1.jpg","type":"image\/jpeg"}],"twitter_card":"summary_large_image","twitter_misc":{"Est. tempo de leitura":"1 minuto"},"schema":{"@context":"https:\/\/schema.org","@graph":[{"@type":"WebPage","@id":"https:\/\/www.sigmatools.com.br\/site\/produto\/elevador-automotivo-25ton-470mm\/","url":"https:\/\/www.sigmatools.com.br\/site\/produto\/elevador-automotivo-25ton-470mm\/","name":"ELEVADOR AUTOMOTIVO 2,5TON - 470MM - Sigma Tools","isPartOf":{"@id":"https:\/\/www.sigmatools.com.br\/site\/#website"},"primaryImageOfPage":{"@id":"https:\/\/www.sigmatools.com.br\/site\/produto\/elevador-automotivo-25ton-470mm\/#primaryimage"},"image":{"@id":"https:\/\/www.sigmatools.com.br\/site\/produto\/elevador-automotivo-25ton-470mm\/#primaryimage"},"thumbnailUrl":"https:\/\/www.sigmatools.com.br\/site\/wp-content\/uploads\/2024\/10\/1.jpg","datePublished":"2024-10-11T21:13:34+00:00","dateModified":"2025-08-08T14:04:30+00:00","breadcrumb":{"@id":"https:\/\/www.sigmatools.com.br\/site\/produto\/elevador-automotivo-25ton-470mm\/#breadcrumb"},"inLanguage":"pt-BR","potentialAction":[{"@type":"ReadAction","target":["https:\/\/www.sigmatools.com.br\/site\/produto\/elevador-automotivo-25ton-470mm\/"]}]},{"@type":"ImageObject","inLanguage":"pt-BR","@id":"https:\/\/www.sigmatools.com.br\/site\/produto\/elevador-automotivo-25ton-470mm\/#primaryimage","url":"https:\/\/www.sigmatools.com.br\/site\/wp-content\/uploads\/2024\/10\/1.jpg","contentUrl":"https:\/\/www.sigmatools.com.br\/site\/wp-content\/uploads\/2024\/10\/1.jpg","width":1000,"height":1000},{"@type":"BreadcrumbList","@id":"https:\/\/www.sigmatools.com.br\/site\/produto\/elevador-automotivo-25ton-470mm\/#breadcrumb","itemListElement":[{"@type":"ListItem","position":1,"name":"In\u00edcio","item":"https:\/\/www.sigmatools.com.br\/site\/"},{"@type":"ListItem","position":2,"name":"ELEVADOR AUTOMOTIVO 2,5TON &#8211; 470MM"}]},{"@type":"WebSite","@id":"https:\/\/www.sigmatools.com.br\/site\/#website","url":"https:\/\/www.sigmatools.com.br\/site\/","name":"Sigma Tools","description":"Equipamentos para Est\u00e9tica Automotiva e Oficina Mec\u00e2nica - Sigma Tools","publisher":{"@id":"https:\/\/www.sigmatools.com.br\/site\/#organization"},"potentialAction":[{"@type":"SearchAction","target":{"@type":"EntryPoint","urlTemplate":"https:\/\/www.sigmatools.com.br\/site\/?s={search_term_string}"},"query-input":{"@type":"PropertyValueSpecification","valueRequired":true,"valueName":"search_term_string"}}],"inLanguage":"pt-BR"},{"@type":"Organization","@id":"https:\/\/www.sigmatools.com.br\/site\/#organization","name":"SIGMA TOOLS","url":"https:\/\/www.sigmatools.com.br\/site\/","logo":{"@type":"ImageObject","inLanguage":"pt-BR","@id":"https:\/\/www.sigmatools.com.br\/site\/#\/schema\/logo\/image\/","url":"https:\/\/www.sigmatools.com.br\/site\/wp-content\/uploads\/2020\/01\/logo-sigma.png","contentUrl":"https:\/\/www.sigmatools.com.br\/site\/wp-content\/uploads\/2020\/01\/logo-sigma.png","width":152,"height":150,"caption":"SIGMA TOOLS"},"image":{"@id":"https:\/\/www.sigmatools.com.br\/site\/#\/schema\/logo\/image\/"},"sameAs":["https:\/\/www.facebook.com\/sigmatools"]}]}},"_links":{"self":[{"href":"https:\/\/www.sigmatools.com.br\/site\/wp-json\/wp\/v2\/product\/8922","targetHints":{"allow":["GET"]}}],"collection":[{"href":"https:\/\/www.sigmatools.com.br\/site\/wp-json\/wp\/v2\/product"}],"about":[{"href":"https:\/\/www.sigmatools.com.br\/site\/wp-json\/wp\/v2\/types\/product"}],"replies":[{"embeddable":true,"href":"https:\/\/www.sigmatools.com.br\/site\/wp-json\/wp\/v2\/comments?post=8922"}],"wp:featuredmedia":[{"embeddable":true,"href":"https:\/\/www.sigmatools.com.br\/site\/wp-json\/wp\/v2\/media\/8923"}],"wp:attachment":[{"href":"https:\/\/www.sigmatools.com.br\/site\/wp-json\/wp\/v2\/media?parent=8922"}],"wp:term":[{"taxonomy":"product_brand","embeddable":true,"href":"https:\/\/www.sigmatools.com.br\/site\/wp-json\/wp\/v2\/product_brand?post=8922"},{"taxonomy":"product_cat","embeddable":true,"href":"https:\/\/www.sigmatools.com.br\/site\/wp-json\/wp\/v2\/product_cat?post=8922"},{"taxonomy":"product_tag","embeddable":true,"href":"https:\/\/www.sigmatools.com.br\/site\/wp-json\/wp\/v2\/product_tag?post=8922"}],"curies":[{"name":"wp","href":"https:\/\/api.w.org\/{rel}","templated":true}]}}