{"id":8952,"date":"2024-10-14T09:14:30","date_gmt":"2024-10-14T12:14:30","guid":{"rendered":"https:\/\/www.sigmatools.com.br\/site\/?post_type=product&#038;p=8952"},"modified":"2024-10-14T13:30:08","modified_gmt":"2024-10-14T16:30:08","slug":"mini-elevador-hidraulico-para-motos-135kg","status":"publish","type":"product","link":"https:\/\/www.sigmatools.com.br\/site\/produto\/mini-elevador-hidraulico-para-motos-135kg\/","title":{"rendered":"MINI ELEVADOR HIDR\u00c1ULICO PARA MOTOS 135KG"},"content":{"rendered":"","protected":false},"excerpt":{"rendered":"<p><strong>C\u00f3digo do Produto<\/strong>: 0761100044<\/p>\n<p><strong>C\u00f3digo de Barras<\/strong>: 7908276645402<\/p>\n<p>&nbsp;<\/p>\n<p><strong>APLICA\u00c7\u00d5ES<\/strong><\/p>\n<p>Ideal para facilitar a manuten\u00e7\u00e3o e repara\u00e7\u00e3o de motocicletas. Com sua capacidade de eleva\u00e7\u00e3o de at\u00e9 135kg, este elevador hidr\u00e1ulico \u00e9 capaz de levantar motocicletas de diversos modelos e tamanhos, proporcionando uma altura de trabalho confort\u00e1vel e segura para o mec\u00e2nico.<\/p>\n<p>&nbsp;<\/p>\n<p><strong>VANTAGENS<\/strong><\/p>\n<p>\u2022 Design compacto e funcional;<br \/>\n\u2022 F\u00e1cil de usar e pode ser facilmente transportado para qualquer lugar;<br \/>\n\u2022 Sistema hidr\u00e1ulico de eleva\u00e7\u00e3o permitindo que a motocicleta seja levantada com facilidade;<br \/>\n\u2022 Base larga e est\u00e1vel que garante uma opera\u00e7\u00e3o segura e confi\u00e1vel;<br \/>\n\u2022 Possui trava de seguran\u00e7a mec\u00e2nica.<\/p>\n<p>&nbsp;<\/p>\n<p>&nbsp;<\/p>\n[button size=\"small\" icon=\"\" target=\"_blank\" text_align=\"left\" text=\"Informativo\" link=\"http:\/\/www.sigmatools.com.br\/site\/arquivos\/informativos\/MINI%20ELEVADOR%20HIDRAULICO%20135KG%20-%20INFO.pdf\" color=\"#ffffff\" hover_color=\"#ffffff\" background_color=\"#353535\" hover_background_color=\"#dd3333\" border_color=\"#353535\" hover_border_color=\"#dd3333\"]\n<p>&nbsp;<\/p>","protected":false},"featured_media":8958,"comment_status":"open","ping_status":"closed","template":"","meta":{"_jet_sm_ready_style":"","_jet_sm_style":"","_jet_sm_controls_values":"","_jet_sm_fonts_collection":"","_jet_sm_fonts_links":""},"product_brand":[],"product_cat":[218,60,15],"product_tag":[],"class_list":{"0":"post-8952","1":"product","2":"type-product","3":"status-publish","4":"has-post-thumbnail","6":"product_cat-destaque","7":"product_cat-catalogo-geral","8":"product_cat-sigma-tools","10":"first","11":"instock","12":"shipping-taxable","13":"product-type-simple"},"yoast_head":"<!-- This site is optimized with the Yoast SEO plugin v27.1.1 - https:\/\/yoast.com\/product\/yoast-seo-wordpress\/ -->\n<title>MINI ELEVADOR HIDR\u00c1ULICO PARA MOTOS 135KG - Sigma Tools<\/title>\n<meta name=\"robots\" content=\"index, follow, max-snippet:-1, max-image-preview:large, max-video-preview:-1\" \/>\n<link rel=\"canonical\" href=\"https:\/\/www.sigmatools.com.br\/site\/produto\/mini-elevador-hidraulico-para-motos-135kg\/\" \/>\n<meta property=\"og:locale\" content=\"pt_BR\" \/>\n<meta property=\"og:type\" content=\"article\" \/>\n<meta property=\"og:title\" content=\"MINI ELEVADOR HIDR\u00c1ULICO PARA MOTOS 135KG - Sigma Tools\" \/>\n<meta property=\"og:description\" content=\"C\u00f3digo do Produto: 0761100044  C\u00f3digo de Barras: 7908276645402  &nbsp;  APLICA\u00c7\u00d5ES  Ideal para facilitar a manuten\u00e7\u00e3o e repara\u00e7\u00e3o de motocicletas. Com sua capacidade de eleva\u00e7\u00e3o de at\u00e9 135kg, este elevador hidr\u00e1ulico \u00e9 capaz de levantar motocicletas de diversos modelos e tamanhos, proporcionando uma altura de trabalho confort\u00e1vel e segura para o mec\u00e2nico.  &nbsp;  VANTAGENS  \u2022 Design compacto e funcional; \u2022 F\u00e1cil de usar e pode ser facilmente transportado para qualquer lugar; \u2022 Sistema hidr\u00e1ulico de eleva\u00e7\u00e3o permitindo que a motocicleta seja levantada com facilidade; \u2022 Base larga e est\u00e1vel que garante uma opera\u00e7\u00e3o segura e confi\u00e1vel; \u2022 Possui trava de seguran\u00e7a mec\u00e2nica.  &nbsp;  &nbsp;    &nbsp;\" \/>\n<meta property=\"og:url\" content=\"https:\/\/www.sigmatools.com.br\/site\/produto\/mini-elevador-hidraulico-para-motos-135kg\/\" \/>\n<meta property=\"og:site_name\" content=\"Sigma Tools\" \/>\n<meta property=\"article:publisher\" content=\"https:\/\/www.facebook.com\/sigmatools\" \/>\n<meta property=\"article:modified_time\" content=\"2024-10-14T16:30:08+00:00\" \/>\n<meta property=\"og:image\" content=\"https:\/\/www.sigmatools.com.br\/site\/wp-content\/uploads\/2024\/10\/6-3.jpg\" \/>\n\t<meta property=\"og:image:width\" content=\"1000\" \/>\n\t<meta property=\"og:image:height\" content=\"1000\" \/>\n\t<meta property=\"og:image:type\" content=\"image\/jpeg\" \/>\n<meta name=\"twitter:card\" content=\"summary_large_image\" \/>\n<script type=\"application\/ld+json\" class=\"yoast-schema-graph\">{\"@context\":\"https:\/\/schema.org\",\"@graph\":[{\"@type\":\"WebPage\",\"@id\":\"https:\/\/www.sigmatools.com.br\/site\/produto\/mini-elevador-hidraulico-para-motos-135kg\/\",\"url\":\"https:\/\/www.sigmatools.com.br\/site\/produto\/mini-elevador-hidraulico-para-motos-135kg\/\",\"name\":\"MINI ELEVADOR HIDR\u00c1ULICO PARA MOTOS 135KG - Sigma Tools\",\"isPartOf\":{\"@id\":\"https:\/\/www.sigmatools.com.br\/site\/#website\"},\"primaryImageOfPage\":{\"@id\":\"https:\/\/www.sigmatools.com.br\/site\/produto\/mini-elevador-hidraulico-para-motos-135kg\/#primaryimage\"},\"image\":{\"@id\":\"https:\/\/www.sigmatools.com.br\/site\/produto\/mini-elevador-hidraulico-para-motos-135kg\/#primaryimage\"},\"thumbnailUrl\":\"https:\/\/www.sigmatools.com.br\/site\/wp-content\/uploads\/2024\/10\/6-3.jpg\",\"datePublished\":\"2024-10-14T12:14:30+00:00\",\"dateModified\":\"2024-10-14T16:30:08+00:00\",\"breadcrumb\":{\"@id\":\"https:\/\/www.sigmatools.com.br\/site\/produto\/mini-elevador-hidraulico-para-motos-135kg\/#breadcrumb\"},\"inLanguage\":\"pt-BR\",\"potentialAction\":[{\"@type\":\"ReadAction\",\"target\":[\"https:\/\/www.sigmatools.com.br\/site\/produto\/mini-elevador-hidraulico-para-motos-135kg\/\"]}]},{\"@type\":\"ImageObject\",\"inLanguage\":\"pt-BR\",\"@id\":\"https:\/\/www.sigmatools.com.br\/site\/produto\/mini-elevador-hidraulico-para-motos-135kg\/#primaryimage\",\"url\":\"https:\/\/www.sigmatools.com.br\/site\/wp-content\/uploads\/2024\/10\/6-3.jpg\",\"contentUrl\":\"https:\/\/www.sigmatools.com.br\/site\/wp-content\/uploads\/2024\/10\/6-3.jpg\",\"width\":1000,\"height\":1000},{\"@type\":\"BreadcrumbList\",\"@id\":\"https:\/\/www.sigmatools.com.br\/site\/produto\/mini-elevador-hidraulico-para-motos-135kg\/#breadcrumb\",\"itemListElement\":[{\"@type\":\"ListItem\",\"position\":1,\"name\":\"In\u00edcio\",\"item\":\"https:\/\/www.sigmatools.com.br\/site\/\"},{\"@type\":\"ListItem\",\"position\":2,\"name\":\"MINI ELEVADOR HIDR\u00c1ULICO PARA MOTOS 135KG\"}]},{\"@type\":\"WebSite\",\"@id\":\"https:\/\/www.sigmatools.com.br\/site\/#website\",\"url\":\"https:\/\/www.sigmatools.com.br\/site\/\",\"name\":\"Sigma Tools\",\"description\":\"Equipamentos para Est\u00e9tica Automotiva e Oficina Mec\u00e2nica - Sigma Tools\",\"publisher\":{\"@id\":\"https:\/\/www.sigmatools.com.br\/site\/#organization\"},\"potentialAction\":[{\"@type\":\"SearchAction\",\"target\":{\"@type\":\"EntryPoint\",\"urlTemplate\":\"https:\/\/www.sigmatools.com.br\/site\/?s={search_term_string}\"},\"query-input\":{\"@type\":\"PropertyValueSpecification\",\"valueRequired\":true,\"valueName\":\"search_term_string\"}}],\"inLanguage\":\"pt-BR\"},{\"@type\":\"Organization\",\"@id\":\"https:\/\/www.sigmatools.com.br\/site\/#organization\",\"name\":\"SIGMA TOOLS\",\"url\":\"https:\/\/www.sigmatools.com.br\/site\/\",\"logo\":{\"@type\":\"ImageObject\",\"inLanguage\":\"pt-BR\",\"@id\":\"https:\/\/www.sigmatools.com.br\/site\/#\/schema\/logo\/image\/\",\"url\":\"https:\/\/www.sigmatools.com.br\/site\/wp-content\/uploads\/2020\/01\/logo-sigma.png\",\"contentUrl\":\"https:\/\/www.sigmatools.com.br\/site\/wp-content\/uploads\/2020\/01\/logo-sigma.png\",\"width\":152,\"height\":150,\"caption\":\"SIGMA TOOLS\"},\"image\":{\"@id\":\"https:\/\/www.sigmatools.com.br\/site\/#\/schema\/logo\/image\/\"},\"sameAs\":[\"https:\/\/www.facebook.com\/sigmatools\"]}]}<\/script>\n<!-- \/ Yoast SEO plugin. -->","yoast_head_json":{"title":"MINI ELEVADOR HIDR\u00c1ULICO PARA MOTOS 135KG - Sigma Tools","robots":{"index":"index","follow":"follow","max-snippet":"max-snippet:-1","max-image-preview":"max-image-preview:large","max-video-preview":"max-video-preview:-1"},"canonical":"https:\/\/www.sigmatools.com.br\/site\/produto\/mini-elevador-hidraulico-para-motos-135kg\/","og_locale":"pt_BR","og_type":"article","og_title":"MINI ELEVADOR HIDR\u00c1ULICO PARA MOTOS 135KG - Sigma Tools","og_description":"C\u00f3digo do Produto: 0761100044  C\u00f3digo de Barras: 7908276645402  &nbsp;  APLICA\u00c7\u00d5ES  Ideal para facilitar a manuten\u00e7\u00e3o e repara\u00e7\u00e3o de motocicletas. Com sua capacidade de eleva\u00e7\u00e3o de at\u00e9 135kg, este elevador hidr\u00e1ulico \u00e9 capaz de levantar motocicletas de diversos modelos e tamanhos, proporcionando uma altura de trabalho confort\u00e1vel e segura para o mec\u00e2nico.  &nbsp;  VANTAGENS  \u2022 Design compacto e funcional; \u2022 F\u00e1cil de usar e pode ser facilmente transportado para qualquer lugar; \u2022 Sistema hidr\u00e1ulico de eleva\u00e7\u00e3o permitindo que a motocicleta seja levantada com facilidade; \u2022 Base larga e est\u00e1vel que garante uma opera\u00e7\u00e3o segura e confi\u00e1vel; \u2022 Possui trava de seguran\u00e7a mec\u00e2nica.  &nbsp;  &nbsp;    &nbsp;","og_url":"https:\/\/www.sigmatools.com.br\/site\/produto\/mini-elevador-hidraulico-para-motos-135kg\/","og_site_name":"Sigma Tools","article_publisher":"https:\/\/www.facebook.com\/sigmatools","article_modified_time":"2024-10-14T16:30:08+00:00","og_image":[{"width":1000,"height":1000,"url":"https:\/\/www.sigmatools.com.br\/site\/wp-content\/uploads\/2024\/10\/6-3.jpg","type":"image\/jpeg"}],"twitter_card":"summary_large_image","schema":{"@context":"https:\/\/schema.org","@graph":[{"@type":"WebPage","@id":"https:\/\/www.sigmatools.com.br\/site\/produto\/mini-elevador-hidraulico-para-motos-135kg\/","url":"https:\/\/www.sigmatools.com.br\/site\/produto\/mini-elevador-hidraulico-para-motos-135kg\/","name":"MINI ELEVADOR HIDR\u00c1ULICO PARA MOTOS 135KG - Sigma Tools","isPartOf":{"@id":"https:\/\/www.sigmatools.com.br\/site\/#website"},"primaryImageOfPage":{"@id":"https:\/\/www.sigmatools.com.br\/site\/produto\/mini-elevador-hidraulico-para-motos-135kg\/#primaryimage"},"image":{"@id":"https:\/\/www.sigmatools.com.br\/site\/produto\/mini-elevador-hidraulico-para-motos-135kg\/#primaryimage"},"thumbnailUrl":"https:\/\/www.sigmatools.com.br\/site\/wp-content\/uploads\/2024\/10\/6-3.jpg","datePublished":"2024-10-14T12:14:30+00:00","dateModified":"2024-10-14T16:30:08+00:00","breadcrumb":{"@id":"https:\/\/www.sigmatools.com.br\/site\/produto\/mini-elevador-hidraulico-para-motos-135kg\/#breadcrumb"},"inLanguage":"pt-BR","potentialAction":[{"@type":"ReadAction","target":["https:\/\/www.sigmatools.com.br\/site\/produto\/mini-elevador-hidraulico-para-motos-135kg\/"]}]},{"@type":"ImageObject","inLanguage":"pt-BR","@id":"https:\/\/www.sigmatools.com.br\/site\/produto\/mini-elevador-hidraulico-para-motos-135kg\/#primaryimage","url":"https:\/\/www.sigmatools.com.br\/site\/wp-content\/uploads\/2024\/10\/6-3.jpg","contentUrl":"https:\/\/www.sigmatools.com.br\/site\/wp-content\/uploads\/2024\/10\/6-3.jpg","width":1000,"height":1000},{"@type":"BreadcrumbList","@id":"https:\/\/www.sigmatools.com.br\/site\/produto\/mini-elevador-hidraulico-para-motos-135kg\/#breadcrumb","itemListElement":[{"@type":"ListItem","position":1,"name":"In\u00edcio","item":"https:\/\/www.sigmatools.com.br\/site\/"},{"@type":"ListItem","position":2,"name":"MINI ELEVADOR HIDR\u00c1ULICO PARA MOTOS 135KG"}]},{"@type":"WebSite","@id":"https:\/\/www.sigmatools.com.br\/site\/#website","url":"https:\/\/www.sigmatools.com.br\/site\/","name":"Sigma Tools","description":"Equipamentos para Est\u00e9tica Automotiva e Oficina Mec\u00e2nica - Sigma Tools","publisher":{"@id":"https:\/\/www.sigmatools.com.br\/site\/#organization"},"potentialAction":[{"@type":"SearchAction","target":{"@type":"EntryPoint","urlTemplate":"https:\/\/www.sigmatools.com.br\/site\/?s={search_term_string}"},"query-input":{"@type":"PropertyValueSpecification","valueRequired":true,"valueName":"search_term_string"}}],"inLanguage":"pt-BR"},{"@type":"Organization","@id":"https:\/\/www.sigmatools.com.br\/site\/#organization","name":"SIGMA TOOLS","url":"https:\/\/www.sigmatools.com.br\/site\/","logo":{"@type":"ImageObject","inLanguage":"pt-BR","@id":"https:\/\/www.sigmatools.com.br\/site\/#\/schema\/logo\/image\/","url":"https:\/\/www.sigmatools.com.br\/site\/wp-content\/uploads\/2020\/01\/logo-sigma.png","contentUrl":"https:\/\/www.sigmatools.com.br\/site\/wp-content\/uploads\/2020\/01\/logo-sigma.png","width":152,"height":150,"caption":"SIGMA TOOLS"},"image":{"@id":"https:\/\/www.sigmatools.com.br\/site\/#\/schema\/logo\/image\/"},"sameAs":["https:\/\/www.facebook.com\/sigmatools"]}]}},"_links":{"self":[{"href":"https:\/\/www.sigmatools.com.br\/site\/wp-json\/wp\/v2\/product\/8952","targetHints":{"allow":["GET"]}}],"collection":[{"href":"https:\/\/www.sigmatools.com.br\/site\/wp-json\/wp\/v2\/product"}],"about":[{"href":"https:\/\/www.sigmatools.com.br\/site\/wp-json\/wp\/v2\/types\/product"}],"replies":[{"embeddable":true,"href":"https:\/\/www.sigmatools.com.br\/site\/wp-json\/wp\/v2\/comments?post=8952"}],"wp:featuredmedia":[{"embeddable":true,"href":"https:\/\/www.sigmatools.com.br\/site\/wp-json\/wp\/v2\/media\/8958"}],"wp:attachment":[{"href":"https:\/\/www.sigmatools.com.br\/site\/wp-json\/wp\/v2\/media?parent=8952"}],"wp:term":[{"taxonomy":"product_brand","embeddable":true,"href":"https:\/\/www.sigmatools.com.br\/site\/wp-json\/wp\/v2\/product_brand?post=8952"},{"taxonomy":"product_cat","embeddable":true,"href":"https:\/\/www.sigmatools.com.br\/site\/wp-json\/wp\/v2\/product_cat?post=8952"},{"taxonomy":"product_tag","embeddable":true,"href":"https:\/\/www.sigmatools.com.br\/site\/wp-json\/wp\/v2\/product_tag?post=8952"}],"curies":[{"name":"wp","href":"https:\/\/api.w.org\/{rel}","templated":true}]}}