{"id":9012,"date":"2024-10-14T15:01:48","date_gmt":"2024-10-14T18:01:48","guid":{"rendered":"https:\/\/www.sigmatools.com.br\/site\/?post_type=product&#038;p=9012"},"modified":"2025-08-08T10:17:52","modified_gmt":"2025-08-08T13:17:52","slug":"sgt-7502a-mini-chave-de-impacto-1-2-a-bateria-650nm-21v-4ah-lion-2-bat-brushless","status":"publish","type":"product","link":"https:\/\/www.sigmatools.com.br\/site\/produto\/sgt-7502a-mini-chave-de-impacto-1-2-a-bateria-650nm-21v-4ah-lion-2-bat-brushless\/","title":{"rendered":"SGT-7502A &#8211; MINI CHAVE DE IMPACTO 1\/2&#8243; \u00c0 BATERIA 650NM &#8211; 21V\/4AH &#8211; LION &#8211; 2 BAT &#8211; BRUSHLESS"},"content":{"rendered":"<p>[vc_row css_animation=&#8221;&#8221; row_type=&#8221;row&#8221; use_row_as_full_screen_section=&#8221;no&#8221; type=&#8221;full_width&#8221; angled_section=&#8221;no&#8221; text_align=&#8221;left&#8221; background_image_as_pattern=&#8221;without_pattern&#8221;][vc_column][\/vc_column][\/vc_row]<\/p>","protected":false},"excerpt":{"rendered":"<p><strong>C\u00f3digo do Produto<\/strong>: 0703750201<\/p>\n<p><strong>C\u00f3digo de Barras<\/strong>: 7908276645495<\/p>\n<iframe title=\"YouTube video player\" src=\"https:\/\/www.youtube.com\/embed\/XyXNLQzI8Q4?si=bSBtZJpz5g9gzWCs\" width=\"315\" height=\"560\" frameborder=\"0\" allowfullscreen=\"allowfullscreen\"><span data-mce-type=\"bookmark\" style=\"display: inline-block; width: 0px; overflow: hidden; line-height: 0;\" class=\"mce_SELRES_start\">\ufeff<\/span><\/iframe>\n<iframe title=\"YouTube video player\" src=\"https:\/\/www.youtube.com\/embed\/y5oBvycrbhk?si=SHToqwvH5knmZw8t\" width=\"315\" height=\"560\" frameborder=\"0\" allowfullscreen=\"allowfullscreen\"><span data-mce-type=\"bookmark\" style=\"display: inline-block; width: 0px; overflow: hidden; line-height: 0;\" class=\"mce_SELRES_start\">\ufeff<\/span><\/iframe>\n<p>&nbsp;<\/p>\n<p><strong>CARACTER\u00cdSTICAS<\/strong><br \/>\n\u2022 Dispensa uso de compressor;<br \/>\n\u2022 Desenho ergon\u00f4mico;<br \/>\n\u2022 Regulagem de velocidade em 3 n\u00edveis;<br \/>\n\u2022 Maior autonomia (2 baterias 21V de Lithium-Ion);<br \/>\n\u2022 Possui bot\u00e3o de revers\u00e3o para aperto, desaperto e trava;<br \/>\n\u2022 Indicador de carga incluso na bateria (3 n\u00edveis em led: alta, m\u00e9dia e baixa).<\/p>\n<p>&nbsp;<\/p>\n<p><strong>APLICA\u00c7\u00d5ES<\/strong><br \/>\nIndicado para opera\u00e7\u00f5es de aperto e desaperto de parafusos e porcas em geral, onde h\u00e1 exig\u00eancia de alto torque.<br \/>\nAplica\u00e7\u00f5es de uso automotivo, montagens e desmontagens.<\/p>\n<p>&nbsp;<\/p>\n<p>&nbsp;<\/p>\n[button size=\"small\" icon=\"\" target=\"_blank\" text_align=\"left\" text=\"Informativo\" link=\"http:\/\/www.sigmatools.com.br\/site\/arquivos\/informativos\/SGT-7502A%20-%20MINI%20CHAVE%20DE%20IMPACTO%201%202%20-%20650NM%20-%20INFO.pdf\" color=\"#ffffff\" hover_color=\"#ffffff\" background_color=\"#353535\" hover_background_color=\"#dd3333\" border_color=\"#353535\" hover_border_color=\"#dd3333\"]\n[button size=\"small\" icon=\"\" target=\"_blank\" text_align=\"left\" text=\"Vista Explodida\" link=\"https:\/\/www.sigmatools.com.br\/site\/arquivos\/vista-explodida\/SGT-7502A%20-%20MINI%20CHAVE%20DE%20IMPACTO%20A%20BATERIA%201-2%20-%20VE.pdf\" color=\"#ffffff\" hover_color=\"#ffffff\" background_color=\"#353535\" hover_background_color=\"#dd3333\" border_color=\"#353535\" hover_border_color=\"#dd3333\"]\n<p>&nbsp;<\/p>","protected":false},"featured_media":9014,"comment_status":"open","ping_status":"closed","template":"","meta":{"_jet_sm_ready_style":"","_jet_sm_style":"","_jet_sm_controls_values":"","_jet_sm_fonts_collection":"","_jet_sm_fonts_links":""},"product_brand":[],"product_cat":[114,218,110,60,82,15],"product_tag":[],"class_list":{"0":"post-9012","1":"product","2":"type-product","3":"status-publish","4":"has-post-thumbnail","6":"product_cat-chaves-de-impacto-a-bateria","7":"product_cat-destaque","8":"product_cat-ferramentas","9":"product_cat-catalogo-geral","10":"product_cat-aperto-e-desaperto","11":"product_cat-sigma-tools","13":"first","14":"instock","15":"featured","16":"shipping-taxable","17":"product-type-simple"},"yoast_head":"<!-- This site is optimized with the Yoast SEO plugin v27.1.1 - https:\/\/yoast.com\/product\/yoast-seo-wordpress\/ -->\n<title>SGT-7502A - MINI CHAVE DE IMPACTO 1\/2&quot; \u00c0 BATERIA 650NM - 21V\/4AH - LION - 2 BAT - BRUSHLESS - Sigma Tools<\/title>\n<meta name=\"description\" content=\"Politriz el\u00e9trica 6&quot; de dupla a\u00e7\u00e3o com 900W de pot\u00eancia ideal para polimentos refinados e \u00f3tima para lustre de superf\u00edcies automotivas.\" \/>\n<meta name=\"robots\" content=\"index, follow, max-snippet:-1, max-image-preview:large, max-video-preview:-1\" \/>\n<link rel=\"canonical\" href=\"https:\/\/www.sigmatools.com.br\/site\/produto\/sgt-7502a-mini-chave-de-impacto-1-2-a-bateria-650nm-21v-4ah-lion-2-bat-brushless\/\" \/>\n<meta property=\"og:locale\" content=\"pt_BR\" \/>\n<meta property=\"og:type\" content=\"article\" \/>\n<meta property=\"og:title\" content=\"SGT-7502A - MINI CHAVE DE IMPACTO 1\/2&quot; \u00c0 BATERIA 650NM - 21V\/4AH - LION - 2 BAT - BRUSHLESS - Sigma Tools\" \/>\n<meta property=\"og:description\" content=\"Politriz el\u00e9trica 6&quot; de dupla a\u00e7\u00e3o com 900W de pot\u00eancia ideal para polimentos refinados e \u00f3tima para lustre de superf\u00edcies automotivas.\" \/>\n<meta property=\"og:url\" content=\"https:\/\/www.sigmatools.com.br\/site\/produto\/sgt-7502a-mini-chave-de-impacto-1-2-a-bateria-650nm-21v-4ah-lion-2-bat-brushless\/\" \/>\n<meta property=\"og:site_name\" content=\"Sigma Tools\" \/>\n<meta property=\"article:publisher\" content=\"https:\/\/www.facebook.com\/sigmatools\" \/>\n<meta property=\"article:modified_time\" content=\"2025-08-08T13:17:52+00:00\" \/>\n<meta property=\"og:image\" content=\"https:\/\/www.sigmatools.com.br\/site\/wp-content\/uploads\/2024\/10\/8-8.jpg\" \/>\n\t<meta property=\"og:image:width\" content=\"1000\" \/>\n\t<meta property=\"og:image:height\" content=\"1000\" \/>\n\t<meta property=\"og:image:type\" content=\"image\/jpeg\" \/>\n<meta name=\"twitter:card\" content=\"summary_large_image\" \/>\n<meta name=\"twitter:label1\" content=\"Est. tempo de leitura\" \/>\n\t<meta name=\"twitter:data1\" content=\"1 minuto\" \/>\n<script type=\"application\/ld+json\" class=\"yoast-schema-graph\">{\"@context\":\"https:\/\/schema.org\",\"@graph\":[{\"@type\":\"WebPage\",\"@id\":\"https:\/\/www.sigmatools.com.br\/site\/produto\/sgt-7502a-mini-chave-de-impacto-1-2-a-bateria-650nm-21v-4ah-lion-2-bat-brushless\/\",\"url\":\"https:\/\/www.sigmatools.com.br\/site\/produto\/sgt-7502a-mini-chave-de-impacto-1-2-a-bateria-650nm-21v-4ah-lion-2-bat-brushless\/\",\"name\":\"SGT-7502A - MINI CHAVE DE IMPACTO 1\/2\\\" \u00c0 BATERIA 650NM - 21V\/4AH - LION - 2 BAT - BRUSHLESS - Sigma Tools\",\"isPartOf\":{\"@id\":\"https:\/\/www.sigmatools.com.br\/site\/#website\"},\"primaryImageOfPage\":{\"@id\":\"https:\/\/www.sigmatools.com.br\/site\/produto\/sgt-7502a-mini-chave-de-impacto-1-2-a-bateria-650nm-21v-4ah-lion-2-bat-brushless\/#primaryimage\"},\"image\":{\"@id\":\"https:\/\/www.sigmatools.com.br\/site\/produto\/sgt-7502a-mini-chave-de-impacto-1-2-a-bateria-650nm-21v-4ah-lion-2-bat-brushless\/#primaryimage\"},\"thumbnailUrl\":\"https:\/\/www.sigmatools.com.br\/site\/wp-content\/uploads\/2024\/10\/8-8.jpg\",\"datePublished\":\"2024-10-14T18:01:48+00:00\",\"dateModified\":\"2025-08-08T13:17:52+00:00\",\"description\":\"Politriz el\u00e9trica 6\\\" de dupla a\u00e7\u00e3o com 900W de pot\u00eancia ideal para polimentos refinados e \u00f3tima para lustre de superf\u00edcies automotivas.\",\"breadcrumb\":{\"@id\":\"https:\/\/www.sigmatools.com.br\/site\/produto\/sgt-7502a-mini-chave-de-impacto-1-2-a-bateria-650nm-21v-4ah-lion-2-bat-brushless\/#breadcrumb\"},\"inLanguage\":\"pt-BR\",\"potentialAction\":[{\"@type\":\"ReadAction\",\"target\":[\"https:\/\/www.sigmatools.com.br\/site\/produto\/sgt-7502a-mini-chave-de-impacto-1-2-a-bateria-650nm-21v-4ah-lion-2-bat-brushless\/\"]}]},{\"@type\":\"ImageObject\",\"inLanguage\":\"pt-BR\",\"@id\":\"https:\/\/www.sigmatools.com.br\/site\/produto\/sgt-7502a-mini-chave-de-impacto-1-2-a-bateria-650nm-21v-4ah-lion-2-bat-brushless\/#primaryimage\",\"url\":\"https:\/\/www.sigmatools.com.br\/site\/wp-content\/uploads\/2024\/10\/8-8.jpg\",\"contentUrl\":\"https:\/\/www.sigmatools.com.br\/site\/wp-content\/uploads\/2024\/10\/8-8.jpg\",\"width\":1000,\"height\":1000},{\"@type\":\"BreadcrumbList\",\"@id\":\"https:\/\/www.sigmatools.com.br\/site\/produto\/sgt-7502a-mini-chave-de-impacto-1-2-a-bateria-650nm-21v-4ah-lion-2-bat-brushless\/#breadcrumb\",\"itemListElement\":[{\"@type\":\"ListItem\",\"position\":1,\"name\":\"In\u00edcio\",\"item\":\"https:\/\/www.sigmatools.com.br\/site\/\"},{\"@type\":\"ListItem\",\"position\":2,\"name\":\"SGT-7502A &#8211; MINI CHAVE DE IMPACTO 1\/2&#8243; \u00c0 BATERIA 650NM &#8211; 21V\/4AH &#8211; LION &#8211; 2 BAT &#8211; BRUSHLESS\"}]},{\"@type\":\"WebSite\",\"@id\":\"https:\/\/www.sigmatools.com.br\/site\/#website\",\"url\":\"https:\/\/www.sigmatools.com.br\/site\/\",\"name\":\"Sigma Tools\",\"description\":\"Equipamentos para Est\u00e9tica Automotiva e Oficina Mec\u00e2nica - Sigma Tools\",\"publisher\":{\"@id\":\"https:\/\/www.sigmatools.com.br\/site\/#organization\"},\"potentialAction\":[{\"@type\":\"SearchAction\",\"target\":{\"@type\":\"EntryPoint\",\"urlTemplate\":\"https:\/\/www.sigmatools.com.br\/site\/?s={search_term_string}\"},\"query-input\":{\"@type\":\"PropertyValueSpecification\",\"valueRequired\":true,\"valueName\":\"search_term_string\"}}],\"inLanguage\":\"pt-BR\"},{\"@type\":\"Organization\",\"@id\":\"https:\/\/www.sigmatools.com.br\/site\/#organization\",\"name\":\"SIGMA TOOLS\",\"url\":\"https:\/\/www.sigmatools.com.br\/site\/\",\"logo\":{\"@type\":\"ImageObject\",\"inLanguage\":\"pt-BR\",\"@id\":\"https:\/\/www.sigmatools.com.br\/site\/#\/schema\/logo\/image\/\",\"url\":\"https:\/\/www.sigmatools.com.br\/site\/wp-content\/uploads\/2020\/01\/logo-sigma.png\",\"contentUrl\":\"https:\/\/www.sigmatools.com.br\/site\/wp-content\/uploads\/2020\/01\/logo-sigma.png\",\"width\":152,\"height\":150,\"caption\":\"SIGMA TOOLS\"},\"image\":{\"@id\":\"https:\/\/www.sigmatools.com.br\/site\/#\/schema\/logo\/image\/\"},\"sameAs\":[\"https:\/\/www.facebook.com\/sigmatools\"]}]}<\/script>\n<!-- \/ Yoast SEO plugin. -->","yoast_head_json":{"title":"SGT-7502A - MINI CHAVE DE IMPACTO 1\/2\" \u00c0 BATERIA 650NM - 21V\/4AH - LION - 2 BAT - BRUSHLESS - Sigma Tools","description":"Politriz el\u00e9trica 6\" de dupla a\u00e7\u00e3o com 900W de pot\u00eancia ideal para polimentos refinados e \u00f3tima para lustre de superf\u00edcies automotivas.","robots":{"index":"index","follow":"follow","max-snippet":"max-snippet:-1","max-image-preview":"max-image-preview:large","max-video-preview":"max-video-preview:-1"},"canonical":"https:\/\/www.sigmatools.com.br\/site\/produto\/sgt-7502a-mini-chave-de-impacto-1-2-a-bateria-650nm-21v-4ah-lion-2-bat-brushless\/","og_locale":"pt_BR","og_type":"article","og_title":"SGT-7502A - MINI CHAVE DE IMPACTO 1\/2\" \u00c0 BATERIA 650NM - 21V\/4AH - LION - 2 BAT - BRUSHLESS - Sigma Tools","og_description":"Politriz el\u00e9trica 6\" de dupla a\u00e7\u00e3o com 900W de pot\u00eancia ideal para polimentos refinados e \u00f3tima para lustre de superf\u00edcies automotivas.","og_url":"https:\/\/www.sigmatools.com.br\/site\/produto\/sgt-7502a-mini-chave-de-impacto-1-2-a-bateria-650nm-21v-4ah-lion-2-bat-brushless\/","og_site_name":"Sigma Tools","article_publisher":"https:\/\/www.facebook.com\/sigmatools","article_modified_time":"2025-08-08T13:17:52+00:00","og_image":[{"width":1000,"height":1000,"url":"https:\/\/www.sigmatools.com.br\/site\/wp-content\/uploads\/2024\/10\/8-8.jpg","type":"image\/jpeg"}],"twitter_card":"summary_large_image","twitter_misc":{"Est. tempo de leitura":"1 minuto"},"schema":{"@context":"https:\/\/schema.org","@graph":[{"@type":"WebPage","@id":"https:\/\/www.sigmatools.com.br\/site\/produto\/sgt-7502a-mini-chave-de-impacto-1-2-a-bateria-650nm-21v-4ah-lion-2-bat-brushless\/","url":"https:\/\/www.sigmatools.com.br\/site\/produto\/sgt-7502a-mini-chave-de-impacto-1-2-a-bateria-650nm-21v-4ah-lion-2-bat-brushless\/","name":"SGT-7502A - MINI CHAVE DE IMPACTO 1\/2\" \u00c0 BATERIA 650NM - 21V\/4AH - LION - 2 BAT - BRUSHLESS - Sigma Tools","isPartOf":{"@id":"https:\/\/www.sigmatools.com.br\/site\/#website"},"primaryImageOfPage":{"@id":"https:\/\/www.sigmatools.com.br\/site\/produto\/sgt-7502a-mini-chave-de-impacto-1-2-a-bateria-650nm-21v-4ah-lion-2-bat-brushless\/#primaryimage"},"image":{"@id":"https:\/\/www.sigmatools.com.br\/site\/produto\/sgt-7502a-mini-chave-de-impacto-1-2-a-bateria-650nm-21v-4ah-lion-2-bat-brushless\/#primaryimage"},"thumbnailUrl":"https:\/\/www.sigmatools.com.br\/site\/wp-content\/uploads\/2024\/10\/8-8.jpg","datePublished":"2024-10-14T18:01:48+00:00","dateModified":"2025-08-08T13:17:52+00:00","description":"Politriz el\u00e9trica 6\" de dupla a\u00e7\u00e3o com 900W de pot\u00eancia ideal para polimentos refinados e \u00f3tima para lustre de superf\u00edcies automotivas.","breadcrumb":{"@id":"https:\/\/www.sigmatools.com.br\/site\/produto\/sgt-7502a-mini-chave-de-impacto-1-2-a-bateria-650nm-21v-4ah-lion-2-bat-brushless\/#breadcrumb"},"inLanguage":"pt-BR","potentialAction":[{"@type":"ReadAction","target":["https:\/\/www.sigmatools.com.br\/site\/produto\/sgt-7502a-mini-chave-de-impacto-1-2-a-bateria-650nm-21v-4ah-lion-2-bat-brushless\/"]}]},{"@type":"ImageObject","inLanguage":"pt-BR","@id":"https:\/\/www.sigmatools.com.br\/site\/produto\/sgt-7502a-mini-chave-de-impacto-1-2-a-bateria-650nm-21v-4ah-lion-2-bat-brushless\/#primaryimage","url":"https:\/\/www.sigmatools.com.br\/site\/wp-content\/uploads\/2024\/10\/8-8.jpg","contentUrl":"https:\/\/www.sigmatools.com.br\/site\/wp-content\/uploads\/2024\/10\/8-8.jpg","width":1000,"height":1000},{"@type":"BreadcrumbList","@id":"https:\/\/www.sigmatools.com.br\/site\/produto\/sgt-7502a-mini-chave-de-impacto-1-2-a-bateria-650nm-21v-4ah-lion-2-bat-brushless\/#breadcrumb","itemListElement":[{"@type":"ListItem","position":1,"name":"In\u00edcio","item":"https:\/\/www.sigmatools.com.br\/site\/"},{"@type":"ListItem","position":2,"name":"SGT-7502A &#8211; MINI CHAVE DE IMPACTO 1\/2&#8243; \u00c0 BATERIA 650NM &#8211; 21V\/4AH &#8211; LION &#8211; 2 BAT &#8211; BRUSHLESS"}]},{"@type":"WebSite","@id":"https:\/\/www.sigmatools.com.br\/site\/#website","url":"https:\/\/www.sigmatools.com.br\/site\/","name":"Sigma Tools","description":"Equipamentos para Est\u00e9tica Automotiva e Oficina Mec\u00e2nica - Sigma Tools","publisher":{"@id":"https:\/\/www.sigmatools.com.br\/site\/#organization"},"potentialAction":[{"@type":"SearchAction","target":{"@type":"EntryPoint","urlTemplate":"https:\/\/www.sigmatools.com.br\/site\/?s={search_term_string}"},"query-input":{"@type":"PropertyValueSpecification","valueRequired":true,"valueName":"search_term_string"}}],"inLanguage":"pt-BR"},{"@type":"Organization","@id":"https:\/\/www.sigmatools.com.br\/site\/#organization","name":"SIGMA TOOLS","url":"https:\/\/www.sigmatools.com.br\/site\/","logo":{"@type":"ImageObject","inLanguage":"pt-BR","@id":"https:\/\/www.sigmatools.com.br\/site\/#\/schema\/logo\/image\/","url":"https:\/\/www.sigmatools.com.br\/site\/wp-content\/uploads\/2020\/01\/logo-sigma.png","contentUrl":"https:\/\/www.sigmatools.com.br\/site\/wp-content\/uploads\/2020\/01\/logo-sigma.png","width":152,"height":150,"caption":"SIGMA TOOLS"},"image":{"@id":"https:\/\/www.sigmatools.com.br\/site\/#\/schema\/logo\/image\/"},"sameAs":["https:\/\/www.facebook.com\/sigmatools"]}]}},"_links":{"self":[{"href":"https:\/\/www.sigmatools.com.br\/site\/wp-json\/wp\/v2\/product\/9012","targetHints":{"allow":["GET"]}}],"collection":[{"href":"https:\/\/www.sigmatools.com.br\/site\/wp-json\/wp\/v2\/product"}],"about":[{"href":"https:\/\/www.sigmatools.com.br\/site\/wp-json\/wp\/v2\/types\/product"}],"replies":[{"embeddable":true,"href":"https:\/\/www.sigmatools.com.br\/site\/wp-json\/wp\/v2\/comments?post=9012"}],"wp:featuredmedia":[{"embeddable":true,"href":"https:\/\/www.sigmatools.com.br\/site\/wp-json\/wp\/v2\/media\/9014"}],"wp:attachment":[{"href":"https:\/\/www.sigmatools.com.br\/site\/wp-json\/wp\/v2\/media?parent=9012"}],"wp:term":[{"taxonomy":"product_brand","embeddable":true,"href":"https:\/\/www.sigmatools.com.br\/site\/wp-json\/wp\/v2\/product_brand?post=9012"},{"taxonomy":"product_cat","embeddable":true,"href":"https:\/\/www.sigmatools.com.br\/site\/wp-json\/wp\/v2\/product_cat?post=9012"},{"taxonomy":"product_tag","embeddable":true,"href":"https:\/\/www.sigmatools.com.br\/site\/wp-json\/wp\/v2\/product_tag?post=9012"}],"curies":[{"name":"wp","href":"https:\/\/api.w.org\/{rel}","templated":true}]}}