{"id":9335,"date":"2025-01-09T08:47:13","date_gmt":"2025-01-09T11:47:13","guid":{"rendered":"https:\/\/www.sigmatools.com.br\/site\/?post_type=product&#038;p=9335"},"modified":"2025-08-08T10:11:40","modified_gmt":"2025-08-08T13:11:40","slug":"sgt-4502-220v-chave-de-impacto-eletrica-1-longa-5000nm","status":"publish","type":"product","link":"https:\/\/www.sigmatools.com.br\/site\/produto\/sgt-4502-220v-chave-de-impacto-eletrica-1-longa-5000nm\/","title":{"rendered":"SGT-4502 &#8211; 220V &#8211; CHAVE DE IMPACTO EL\u00c9TRICA 1&#8243; LONGA &#8211; 5000NM"},"content":{"rendered":"","protected":false},"excerpt":{"rendered":"<p><strong>C\u00f3digo do produto:<\/strong> 0702450200<\/p>\n<p><strong>C\u00f3digo de barras:<\/strong> 7908276652332<\/p>\n<iframe title=\"YouTube video player\" src=\"https:\/\/www.youtube.com\/embed\/KJbtkKKs_go?si=bUssMpQo7ZUcy7Ad\" width=\"315\" height=\"560\" frameborder=\"0\" allowfullscreen=\"allowfullscreen\"><span data-mce-type=\"bookmark\" style=\"display: inline-block; width: 0px; overflow: hidden; line-height: 0;\" class=\"mce_SELRES_start\">\ufeff<\/span><\/iframe>\n<strong>CARACTER\u00cdSTICAS<\/strong><br \/>\n\u2022 M\u00e1quina para servi\u00e7os pesados;<br \/>\n\u2022 Alto torque instant\u00e2neo;<br \/>\n\u2022 Ideal para trabalhos cont\u00ednuos;<br \/>\n\u2022 Eixo longo;<br \/>\n\u2022 Gatilho por dentro do punho;<br \/>\n\u2022 Carca\u00e7a em alum\u00ednio;<br \/>\n\u2022 Seletor de sentido;<br \/>\n\u2022 Cabo com 3 metros.<\/p>\n<p>&nbsp;<\/p>\n<p><strong>APLICA\u00c7\u00d5ES<\/strong><br \/>\nIndicada para opera\u00e7\u00f5es de aperto e desaperto de parafusos e porcas em situa\u00e7\u00f5es onde a demanda \u00e9 de alt\u00edssimo torque como rodas de ve\u00edculos pesados, chassis, manuten\u00e7\u00e3o de tratores, montagem e desmontagem de torres de energia e arquibancadas, usinas e manuten\u00e7\u00e3o industrial.<\/p>\n<p>&nbsp;<\/p>\n[button size=\"small\" icon=\"\" target=\"_blank\" text_align=\"left\" text=\"Informativo\" link=\"https:\/\/www.sigmatools.com.br\/site\/arquivos\/informativos\/SGT-4502%20-%20CHAVE%20DE%20IMPACTO%20ELETRICA%201%20-%20INFO.pdf\" color=\"#ffffff\" hover_color=\"#ffffff\" background_color=\"#353535\" hover_background_color=\"#dd3333\" border_color=\"#353535\" hover_border_color=\"#dd3333\"]\n[button size=\"small\" icon=\"\" target=\"_blank\" text_align=\"left\" text=\"Vista Explodida\" link=\"https:\/\/www.sigmatools.com.br\/site\/arquivos\/vista-explodida\/SGT-4502%20-%20CHAVE%20DE%20IMPACTO%20ELETRICA%201%20LONGA%205000NM%20-%20VE.pdf\" color=\"#ffffff\" hover_color=\"#ffffff\" background_color=\"#353535\" hover_background_color=\"#dd3333\" border_color=\"#353535\" hover_border_color=\"#dd3333\"]\n<p>&nbsp;<\/p>","protected":false},"featured_media":9365,"comment_status":"open","ping_status":"closed","template":"","meta":{"_jet_sm_ready_style":"","_jet_sm_style":"","_jet_sm_controls_values":"","_jet_sm_fonts_collection":"","_jet_sm_fonts_links":""},"product_brand":[],"product_cat":[112,113,218,110,60,82,15],"product_tag":[],"class_list":{"0":"post-9335","1":"product","2":"type-product","3":"status-publish","4":"has-post-thumbnail","6":"product_cat-aperto-e-desaperto-acessorios","7":"product_cat-chaves-de-impacto","8":"product_cat-destaque","9":"product_cat-ferramentas","10":"product_cat-catalogo-geral","11":"product_cat-aperto-e-desaperto","12":"product_cat-sigma-tools","14":"first","15":"instock","16":"shipping-taxable","17":"product-type-simple"},"yoast_head":"<!-- This site is optimized with the Yoast SEO plugin v27.1.1 - https:\/\/yoast.com\/product\/yoast-seo-wordpress\/ -->\n<title>SGT-4502 - 220V - CHAVE DE IMPACTO EL\u00c9TRICA 1&quot; LONGA - 5000NM - Sigma Tools<\/title>\n<meta name=\"description\" content=\"Chave de impacto pneum\u00e1tica de 1&quot; longa sistema pinless. \u00d3tima para ve\u00edculos pesados como caminh\u00f5es, \u00f4nibus e tratores. N\u00e3o pode faltar na sua oficina!\" \/>\n<meta name=\"robots\" content=\"index, follow, max-snippet:-1, max-image-preview:large, max-video-preview:-1\" \/>\n<link rel=\"canonical\" href=\"https:\/\/www.sigmatools.com.br\/site\/produto\/sgt-4502-220v-chave-de-impacto-eletrica-1-longa-5000nm\/\" \/>\n<meta property=\"og:locale\" content=\"pt_BR\" \/>\n<meta property=\"og:type\" content=\"article\" \/>\n<meta property=\"og:title\" content=\"SGT-4502 - 220V - CHAVE DE IMPACTO EL\u00c9TRICA 1&quot; LONGA - 5000NM - Sigma Tools\" \/>\n<meta property=\"og:description\" content=\"Chave de impacto pneum\u00e1tica de 1&quot; longa sistema pinless. \u00d3tima para ve\u00edculos pesados como caminh\u00f5es, \u00f4nibus e tratores. N\u00e3o pode faltar na sua oficina!\" \/>\n<meta property=\"og:url\" content=\"https:\/\/www.sigmatools.com.br\/site\/produto\/sgt-4502-220v-chave-de-impacto-eletrica-1-longa-5000nm\/\" \/>\n<meta property=\"og:site_name\" content=\"Sigma Tools\" \/>\n<meta property=\"article:publisher\" content=\"https:\/\/www.facebook.com\/sigmatools\" \/>\n<meta property=\"article:modified_time\" content=\"2025-08-08T13:11:40+00:00\" \/>\n<meta property=\"og:image\" content=\"https:\/\/www.sigmatools.com.br\/site\/wp-content\/uploads\/2025\/01\/1-7.jpg\" \/>\n\t<meta property=\"og:image:width\" content=\"1000\" \/>\n\t<meta property=\"og:image:height\" content=\"1000\" \/>\n\t<meta property=\"og:image:type\" content=\"image\/jpeg\" \/>\n<meta name=\"twitter:card\" content=\"summary_large_image\" \/>\n<meta name=\"twitter:label1\" content=\"Est. tempo de leitura\" \/>\n\t<meta name=\"twitter:data1\" content=\"1 minuto\" \/>\n<script type=\"application\/ld+json\" class=\"yoast-schema-graph\">{\"@context\":\"https:\/\/schema.org\",\"@graph\":[{\"@type\":\"WebPage\",\"@id\":\"https:\/\/www.sigmatools.com.br\/site\/produto\/sgt-4502-220v-chave-de-impacto-eletrica-1-longa-5000nm\/\",\"url\":\"https:\/\/www.sigmatools.com.br\/site\/produto\/sgt-4502-220v-chave-de-impacto-eletrica-1-longa-5000nm\/\",\"name\":\"SGT-4502 - 220V - CHAVE DE IMPACTO EL\u00c9TRICA 1\\\" LONGA - 5000NM - Sigma Tools\",\"isPartOf\":{\"@id\":\"https:\/\/www.sigmatools.com.br\/site\/#website\"},\"primaryImageOfPage\":{\"@id\":\"https:\/\/www.sigmatools.com.br\/site\/produto\/sgt-4502-220v-chave-de-impacto-eletrica-1-longa-5000nm\/#primaryimage\"},\"image\":{\"@id\":\"https:\/\/www.sigmatools.com.br\/site\/produto\/sgt-4502-220v-chave-de-impacto-eletrica-1-longa-5000nm\/#primaryimage\"},\"thumbnailUrl\":\"https:\/\/www.sigmatools.com.br\/site\/wp-content\/uploads\/2025\/01\/1-7.jpg\",\"datePublished\":\"2025-01-09T11:47:13+00:00\",\"dateModified\":\"2025-08-08T13:11:40+00:00\",\"description\":\"Chave de impacto pneum\u00e1tica de 1\\\" longa sistema pinless. \u00d3tima para ve\u00edculos pesados como caminh\u00f5es, \u00f4nibus e tratores. N\u00e3o pode faltar na sua oficina!\",\"breadcrumb\":{\"@id\":\"https:\/\/www.sigmatools.com.br\/site\/produto\/sgt-4502-220v-chave-de-impacto-eletrica-1-longa-5000nm\/#breadcrumb\"},\"inLanguage\":\"pt-BR\",\"potentialAction\":[{\"@type\":\"ReadAction\",\"target\":[\"https:\/\/www.sigmatools.com.br\/site\/produto\/sgt-4502-220v-chave-de-impacto-eletrica-1-longa-5000nm\/\"]}]},{\"@type\":\"ImageObject\",\"inLanguage\":\"pt-BR\",\"@id\":\"https:\/\/www.sigmatools.com.br\/site\/produto\/sgt-4502-220v-chave-de-impacto-eletrica-1-longa-5000nm\/#primaryimage\",\"url\":\"https:\/\/www.sigmatools.com.br\/site\/wp-content\/uploads\/2025\/01\/1-7.jpg\",\"contentUrl\":\"https:\/\/www.sigmatools.com.br\/site\/wp-content\/uploads\/2025\/01\/1-7.jpg\",\"width\":1000,\"height\":1000},{\"@type\":\"BreadcrumbList\",\"@id\":\"https:\/\/www.sigmatools.com.br\/site\/produto\/sgt-4502-220v-chave-de-impacto-eletrica-1-longa-5000nm\/#breadcrumb\",\"itemListElement\":[{\"@type\":\"ListItem\",\"position\":1,\"name\":\"In\u00edcio\",\"item\":\"https:\/\/www.sigmatools.com.br\/site\/\"},{\"@type\":\"ListItem\",\"position\":2,\"name\":\"SGT-4502 &#8211; 220V &#8211; CHAVE DE IMPACTO EL\u00c9TRICA 1&#8243; LONGA &#8211; 5000NM\"}]},{\"@type\":\"WebSite\",\"@id\":\"https:\/\/www.sigmatools.com.br\/site\/#website\",\"url\":\"https:\/\/www.sigmatools.com.br\/site\/\",\"name\":\"Sigma Tools\",\"description\":\"Equipamentos para Est\u00e9tica Automotiva e Oficina Mec\u00e2nica - Sigma Tools\",\"publisher\":{\"@id\":\"https:\/\/www.sigmatools.com.br\/site\/#organization\"},\"potentialAction\":[{\"@type\":\"SearchAction\",\"target\":{\"@type\":\"EntryPoint\",\"urlTemplate\":\"https:\/\/www.sigmatools.com.br\/site\/?s={search_term_string}\"},\"query-input\":{\"@type\":\"PropertyValueSpecification\",\"valueRequired\":true,\"valueName\":\"search_term_string\"}}],\"inLanguage\":\"pt-BR\"},{\"@type\":\"Organization\",\"@id\":\"https:\/\/www.sigmatools.com.br\/site\/#organization\",\"name\":\"SIGMA TOOLS\",\"url\":\"https:\/\/www.sigmatools.com.br\/site\/\",\"logo\":{\"@type\":\"ImageObject\",\"inLanguage\":\"pt-BR\",\"@id\":\"https:\/\/www.sigmatools.com.br\/site\/#\/schema\/logo\/image\/\",\"url\":\"https:\/\/www.sigmatools.com.br\/site\/wp-content\/uploads\/2020\/01\/logo-sigma.png\",\"contentUrl\":\"https:\/\/www.sigmatools.com.br\/site\/wp-content\/uploads\/2020\/01\/logo-sigma.png\",\"width\":152,\"height\":150,\"caption\":\"SIGMA TOOLS\"},\"image\":{\"@id\":\"https:\/\/www.sigmatools.com.br\/site\/#\/schema\/logo\/image\/\"},\"sameAs\":[\"https:\/\/www.facebook.com\/sigmatools\"]}]}<\/script>\n<!-- \/ Yoast SEO plugin. -->","yoast_head_json":{"title":"SGT-4502 - 220V - CHAVE DE IMPACTO EL\u00c9TRICA 1\" LONGA - 5000NM - Sigma Tools","description":"Chave de impacto pneum\u00e1tica de 1\" longa sistema pinless. \u00d3tima para ve\u00edculos pesados como caminh\u00f5es, \u00f4nibus e tratores. N\u00e3o pode faltar na sua oficina!","robots":{"index":"index","follow":"follow","max-snippet":"max-snippet:-1","max-image-preview":"max-image-preview:large","max-video-preview":"max-video-preview:-1"},"canonical":"https:\/\/www.sigmatools.com.br\/site\/produto\/sgt-4502-220v-chave-de-impacto-eletrica-1-longa-5000nm\/","og_locale":"pt_BR","og_type":"article","og_title":"SGT-4502 - 220V - CHAVE DE IMPACTO EL\u00c9TRICA 1\" LONGA - 5000NM - Sigma Tools","og_description":"Chave de impacto pneum\u00e1tica de 1\" longa sistema pinless. \u00d3tima para ve\u00edculos pesados como caminh\u00f5es, \u00f4nibus e tratores. N\u00e3o pode faltar na sua oficina!","og_url":"https:\/\/www.sigmatools.com.br\/site\/produto\/sgt-4502-220v-chave-de-impacto-eletrica-1-longa-5000nm\/","og_site_name":"Sigma Tools","article_publisher":"https:\/\/www.facebook.com\/sigmatools","article_modified_time":"2025-08-08T13:11:40+00:00","og_image":[{"width":1000,"height":1000,"url":"https:\/\/www.sigmatools.com.br\/site\/wp-content\/uploads\/2025\/01\/1-7.jpg","type":"image\/jpeg"}],"twitter_card":"summary_large_image","twitter_misc":{"Est. tempo de leitura":"1 minuto"},"schema":{"@context":"https:\/\/schema.org","@graph":[{"@type":"WebPage","@id":"https:\/\/www.sigmatools.com.br\/site\/produto\/sgt-4502-220v-chave-de-impacto-eletrica-1-longa-5000nm\/","url":"https:\/\/www.sigmatools.com.br\/site\/produto\/sgt-4502-220v-chave-de-impacto-eletrica-1-longa-5000nm\/","name":"SGT-4502 - 220V - CHAVE DE IMPACTO EL\u00c9TRICA 1\" LONGA - 5000NM - Sigma Tools","isPartOf":{"@id":"https:\/\/www.sigmatools.com.br\/site\/#website"},"primaryImageOfPage":{"@id":"https:\/\/www.sigmatools.com.br\/site\/produto\/sgt-4502-220v-chave-de-impacto-eletrica-1-longa-5000nm\/#primaryimage"},"image":{"@id":"https:\/\/www.sigmatools.com.br\/site\/produto\/sgt-4502-220v-chave-de-impacto-eletrica-1-longa-5000nm\/#primaryimage"},"thumbnailUrl":"https:\/\/www.sigmatools.com.br\/site\/wp-content\/uploads\/2025\/01\/1-7.jpg","datePublished":"2025-01-09T11:47:13+00:00","dateModified":"2025-08-08T13:11:40+00:00","description":"Chave de impacto pneum\u00e1tica de 1\" longa sistema pinless. \u00d3tima para ve\u00edculos pesados como caminh\u00f5es, \u00f4nibus e tratores. N\u00e3o pode faltar na sua oficina!","breadcrumb":{"@id":"https:\/\/www.sigmatools.com.br\/site\/produto\/sgt-4502-220v-chave-de-impacto-eletrica-1-longa-5000nm\/#breadcrumb"},"inLanguage":"pt-BR","potentialAction":[{"@type":"ReadAction","target":["https:\/\/www.sigmatools.com.br\/site\/produto\/sgt-4502-220v-chave-de-impacto-eletrica-1-longa-5000nm\/"]}]},{"@type":"ImageObject","inLanguage":"pt-BR","@id":"https:\/\/www.sigmatools.com.br\/site\/produto\/sgt-4502-220v-chave-de-impacto-eletrica-1-longa-5000nm\/#primaryimage","url":"https:\/\/www.sigmatools.com.br\/site\/wp-content\/uploads\/2025\/01\/1-7.jpg","contentUrl":"https:\/\/www.sigmatools.com.br\/site\/wp-content\/uploads\/2025\/01\/1-7.jpg","width":1000,"height":1000},{"@type":"BreadcrumbList","@id":"https:\/\/www.sigmatools.com.br\/site\/produto\/sgt-4502-220v-chave-de-impacto-eletrica-1-longa-5000nm\/#breadcrumb","itemListElement":[{"@type":"ListItem","position":1,"name":"In\u00edcio","item":"https:\/\/www.sigmatools.com.br\/site\/"},{"@type":"ListItem","position":2,"name":"SGT-4502 &#8211; 220V &#8211; CHAVE DE IMPACTO EL\u00c9TRICA 1&#8243; LONGA &#8211; 5000NM"}]},{"@type":"WebSite","@id":"https:\/\/www.sigmatools.com.br\/site\/#website","url":"https:\/\/www.sigmatools.com.br\/site\/","name":"Sigma Tools","description":"Equipamentos para Est\u00e9tica Automotiva e Oficina Mec\u00e2nica - Sigma Tools","publisher":{"@id":"https:\/\/www.sigmatools.com.br\/site\/#organization"},"potentialAction":[{"@type":"SearchAction","target":{"@type":"EntryPoint","urlTemplate":"https:\/\/www.sigmatools.com.br\/site\/?s={search_term_string}"},"query-input":{"@type":"PropertyValueSpecification","valueRequired":true,"valueName":"search_term_string"}}],"inLanguage":"pt-BR"},{"@type":"Organization","@id":"https:\/\/www.sigmatools.com.br\/site\/#organization","name":"SIGMA TOOLS","url":"https:\/\/www.sigmatools.com.br\/site\/","logo":{"@type":"ImageObject","inLanguage":"pt-BR","@id":"https:\/\/www.sigmatools.com.br\/site\/#\/schema\/logo\/image\/","url":"https:\/\/www.sigmatools.com.br\/site\/wp-content\/uploads\/2020\/01\/logo-sigma.png","contentUrl":"https:\/\/www.sigmatools.com.br\/site\/wp-content\/uploads\/2020\/01\/logo-sigma.png","width":152,"height":150,"caption":"SIGMA TOOLS"},"image":{"@id":"https:\/\/www.sigmatools.com.br\/site\/#\/schema\/logo\/image\/"},"sameAs":["https:\/\/www.facebook.com\/sigmatools"]}]}},"_links":{"self":[{"href":"https:\/\/www.sigmatools.com.br\/site\/wp-json\/wp\/v2\/product\/9335","targetHints":{"allow":["GET"]}}],"collection":[{"href":"https:\/\/www.sigmatools.com.br\/site\/wp-json\/wp\/v2\/product"}],"about":[{"href":"https:\/\/www.sigmatools.com.br\/site\/wp-json\/wp\/v2\/types\/product"}],"replies":[{"embeddable":true,"href":"https:\/\/www.sigmatools.com.br\/site\/wp-json\/wp\/v2\/comments?post=9335"}],"wp:featuredmedia":[{"embeddable":true,"href":"https:\/\/www.sigmatools.com.br\/site\/wp-json\/wp\/v2\/media\/9365"}],"wp:attachment":[{"href":"https:\/\/www.sigmatools.com.br\/site\/wp-json\/wp\/v2\/media?parent=9335"}],"wp:term":[{"taxonomy":"product_brand","embeddable":true,"href":"https:\/\/www.sigmatools.com.br\/site\/wp-json\/wp\/v2\/product_brand?post=9335"},{"taxonomy":"product_cat","embeddable":true,"href":"https:\/\/www.sigmatools.com.br\/site\/wp-json\/wp\/v2\/product_cat?post=9335"},{"taxonomy":"product_tag","embeddable":true,"href":"https:\/\/www.sigmatools.com.br\/site\/wp-json\/wp\/v2\/product_tag?post=9335"}],"curies":[{"name":"wp","href":"https:\/\/api.w.org\/{rel}","templated":true}]}}