{"id":9574,"date":"2025-01-21T13:58:09","date_gmt":"2025-01-21T16:58:09","guid":{"rendered":"https:\/\/www.sigmatools.com.br\/site\/?post_type=product&#038;p=9574"},"modified":"2025-01-22T14:24:10","modified_gmt":"2025-01-22T17:24:10","slug":"compressor-de-ar-direto-13-hp-para-poco-artesiano-isento-de-oleo-220v-60hz","status":"publish","type":"product","link":"https:\/\/www.sigmatools.com.br\/site\/produto\/compressor-de-ar-direto-13-hp-para-poco-artesiano-isento-de-oleo-220v-60hz\/","title":{"rendered":"COMPRESSOR DE AR DIRETO 1,3 HP PARA PO\u00c7O ARTESIANO ISENTO DE \u00d3LEO 220V\/60HZ"},"content":{"rendered":"<p>[vc_row css_animation=&#8221;&#8221; row_type=&#8221;row&#8221; use_row_as_full_screen_section=&#8221;no&#8221; type=&#8221;full_width&#8221; angled_section=&#8221;no&#8221; text_align=&#8221;left&#8221; background_image_as_pattern=&#8221;without_pattern&#8221;][vc_column][\/vc_column][\/vc_row]<\/p>","protected":false},"excerpt":{"rendered":"<p><strong>C\u00f3digo do produto:<\/strong> 0708010101<\/p>\n<p><strong>C\u00f3digo de barras:<\/strong> 7908276653209<\/p>\n<p>&nbsp;<\/p>\n<p>APLICA\u00c7\u00c3O<br \/>\nIdeal para extra\u00e7\u00e3o e capta\u00e7\u00e3o de \u00e1gua em len\u00e7\u00f3is<br \/>\nfre\u00e1ticos atrav\u00e9s de po\u00e7os artesianos e outras<br \/>\naplica\u00e7\u00f5es. Por ser isento de \u00f3leo, n\u00e3o h\u00e1 risco de<br \/>\ncontaminar a \u00e1gua pelo ar comprimido.<\/p>\n<p>VANTAGENS<br \/>\n\u2022 Motor de 1,3 hp para alta performance;<br \/>\n\u2022 Capacidade de deslocamento de 5 pcm para maior<br \/>\nefici\u00eancia;<br \/>\n\u2022 Opera com press\u00e3o m\u00e1xima de 120 libras;<br \/>\n\u2022 Isento de \u00f3leo, ideal para aplica\u00e7\u00f5es que exigem ar<br \/>\npuro;<br \/>\n\u2022 Compacto e vers\u00e1til, perfeito para diversas<br \/>\natividades.<\/p>\n<p>&nbsp;<\/p>\n[button size=\"small\" icon=\"\" target=\"_blank\" text_align=\"left\" text=\"Informativo\" link=\"http:\/\/www.sigmatools.com.br\/site\/arquivos\/informativos\/COMPRESSOR%20DE%20AR%20DIRETO%201%2C3HP%20-%20INFO.pdf\" color=\"#ffffff\" hover_color=\"#ffffff\" background_color=\"#353535\" hover_background_color=\"#dd3333\" border_color=\"#353535\" hover_border_color=\"#dd3333\"]\n<p>&nbsp;<\/p>\n<p>&nbsp;<\/p>\n<p>&nbsp;<\/p>","protected":false},"featured_media":9575,"comment_status":"open","ping_status":"closed","template":"","meta":{"_jet_sm_ready_style":"","_jet_sm_style":"","_jet_sm_controls_values":"","_jet_sm_fonts_collection":"","_jet_sm_fonts_links":""},"product_brand":[],"product_cat":[218,168,98,15],"product_tag":[],"class_list":{"0":"post-9574","1":"product","2":"type-product","3":"status-publish","4":"has-post-thumbnail","6":"product_cat-destaque","7":"product_cat-pistolas-bicos-de-ar","8":"product_cat-pintura","9":"product_cat-sigma-tools","11":"first","12":"instock","13":"shipping-taxable","14":"product-type-simple"},"yoast_head":"<!-- This site is optimized with the Yoast SEO plugin v27.1.1 - https:\/\/yoast.com\/product\/yoast-seo-wordpress\/ -->\n<title>COMPRESSOR DE AR DIRETO 1,3 HP PARA PO\u00c7O ARTESIANO ISENTO DE \u00d3LEO 220V\/60HZ - Sigma Tools<\/title>\n<meta name=\"robots\" content=\"index, follow, max-snippet:-1, max-image-preview:large, max-video-preview:-1\" \/>\n<link rel=\"canonical\" href=\"https:\/\/www.sigmatools.com.br\/site\/produto\/compressor-de-ar-direto-13-hp-para-poco-artesiano-isento-de-oleo-220v-60hz\/\" \/>\n<meta property=\"og:locale\" content=\"pt_BR\" \/>\n<meta property=\"og:type\" content=\"article\" \/>\n<meta property=\"og:title\" content=\"COMPRESSOR DE AR DIRETO 1,3 HP PARA PO\u00c7O ARTESIANO ISENTO DE \u00d3LEO 220V\/60HZ - Sigma Tools\" \/>\n<meta property=\"og:description\" content=\"C\u00f3digo do produto: 0708010101  C\u00f3digo de barras: 7908276653209  &nbsp;  APLICA\u00c7\u00c3O Ideal para extra\u00e7\u00e3o e capta\u00e7\u00e3o de \u00e1gua em len\u00e7\u00f3is fre\u00e1ticos atrav\u00e9s de po\u00e7os artesianos e outras aplica\u00e7\u00f5es. Por ser isento de \u00f3leo, n\u00e3o h\u00e1 risco de contaminar a \u00e1gua pelo ar comprimido.  VANTAGENS \u2022 Motor de 1,3 hp para alta performance; \u2022 Capacidade de deslocamento de 5 pcm para maior efici\u00eancia; \u2022 Opera com press\u00e3o m\u00e1xima de 120 libras; \u2022 Isento de \u00f3leo, ideal para aplica\u00e7\u00f5es que exigem ar puro; \u2022 Compacto e vers\u00e1til, perfeito para diversas atividades.  &nbsp;    &nbsp;  &nbsp;  &nbsp;\" \/>\n<meta property=\"og:url\" content=\"https:\/\/www.sigmatools.com.br\/site\/produto\/compressor-de-ar-direto-13-hp-para-poco-artesiano-isento-de-oleo-220v-60hz\/\" \/>\n<meta property=\"og:site_name\" content=\"Sigma Tools\" \/>\n<meta property=\"article:publisher\" content=\"https:\/\/www.facebook.com\/sigmatools\" \/>\n<meta property=\"article:modified_time\" content=\"2025-01-22T17:24:10+00:00\" \/>\n<meta property=\"og:image\" content=\"https:\/\/www.sigmatools.com.br\/site\/wp-content\/uploads\/2025\/01\/1-22.jpg\" \/>\n\t<meta property=\"og:image:width\" content=\"1000\" \/>\n\t<meta property=\"og:image:height\" content=\"1000\" \/>\n\t<meta property=\"og:image:type\" content=\"image\/jpeg\" \/>\n<meta name=\"twitter:card\" content=\"summary_large_image\" \/>\n<meta name=\"twitter:label1\" content=\"Est. tempo de leitura\" \/>\n\t<meta name=\"twitter:data1\" content=\"1 minuto\" \/>\n<script type=\"application\/ld+json\" class=\"yoast-schema-graph\">{\"@context\":\"https:\/\/schema.org\",\"@graph\":[{\"@type\":\"WebPage\",\"@id\":\"https:\/\/www.sigmatools.com.br\/site\/produto\/compressor-de-ar-direto-13-hp-para-poco-artesiano-isento-de-oleo-220v-60hz\/\",\"url\":\"https:\/\/www.sigmatools.com.br\/site\/produto\/compressor-de-ar-direto-13-hp-para-poco-artesiano-isento-de-oleo-220v-60hz\/\",\"name\":\"COMPRESSOR DE AR DIRETO 1,3 HP PARA PO\u00c7O ARTESIANO ISENTO DE \u00d3LEO 220V\/60HZ - Sigma Tools\",\"isPartOf\":{\"@id\":\"https:\/\/www.sigmatools.com.br\/site\/#website\"},\"primaryImageOfPage\":{\"@id\":\"https:\/\/www.sigmatools.com.br\/site\/produto\/compressor-de-ar-direto-13-hp-para-poco-artesiano-isento-de-oleo-220v-60hz\/#primaryimage\"},\"image\":{\"@id\":\"https:\/\/www.sigmatools.com.br\/site\/produto\/compressor-de-ar-direto-13-hp-para-poco-artesiano-isento-de-oleo-220v-60hz\/#primaryimage\"},\"thumbnailUrl\":\"https:\/\/www.sigmatools.com.br\/site\/wp-content\/uploads\/2025\/01\/1-22.jpg\",\"datePublished\":\"2025-01-21T16:58:09+00:00\",\"dateModified\":\"2025-01-22T17:24:10+00:00\",\"breadcrumb\":{\"@id\":\"https:\/\/www.sigmatools.com.br\/site\/produto\/compressor-de-ar-direto-13-hp-para-poco-artesiano-isento-de-oleo-220v-60hz\/#breadcrumb\"},\"inLanguage\":\"pt-BR\",\"potentialAction\":[{\"@type\":\"ReadAction\",\"target\":[\"https:\/\/www.sigmatools.com.br\/site\/produto\/compressor-de-ar-direto-13-hp-para-poco-artesiano-isento-de-oleo-220v-60hz\/\"]}]},{\"@type\":\"ImageObject\",\"inLanguage\":\"pt-BR\",\"@id\":\"https:\/\/www.sigmatools.com.br\/site\/produto\/compressor-de-ar-direto-13-hp-para-poco-artesiano-isento-de-oleo-220v-60hz\/#primaryimage\",\"url\":\"https:\/\/www.sigmatools.com.br\/site\/wp-content\/uploads\/2025\/01\/1-22.jpg\",\"contentUrl\":\"https:\/\/www.sigmatools.com.br\/site\/wp-content\/uploads\/2025\/01\/1-22.jpg\",\"width\":1000,\"height\":1000},{\"@type\":\"BreadcrumbList\",\"@id\":\"https:\/\/www.sigmatools.com.br\/site\/produto\/compressor-de-ar-direto-13-hp-para-poco-artesiano-isento-de-oleo-220v-60hz\/#breadcrumb\",\"itemListElement\":[{\"@type\":\"ListItem\",\"position\":1,\"name\":\"In\u00edcio\",\"item\":\"https:\/\/www.sigmatools.com.br\/site\/\"},{\"@type\":\"ListItem\",\"position\":2,\"name\":\"COMPRESSOR DE AR DIRETO 1,3 HP PARA PO\u00c7O ARTESIANO ISENTO DE \u00d3LEO 220V\/60HZ\"}]},{\"@type\":\"WebSite\",\"@id\":\"https:\/\/www.sigmatools.com.br\/site\/#website\",\"url\":\"https:\/\/www.sigmatools.com.br\/site\/\",\"name\":\"Sigma Tools\",\"description\":\"Equipamentos para Est\u00e9tica Automotiva e Oficina Mec\u00e2nica - Sigma Tools\",\"publisher\":{\"@id\":\"https:\/\/www.sigmatools.com.br\/site\/#organization\"},\"potentialAction\":[{\"@type\":\"SearchAction\",\"target\":{\"@type\":\"EntryPoint\",\"urlTemplate\":\"https:\/\/www.sigmatools.com.br\/site\/?s={search_term_string}\"},\"query-input\":{\"@type\":\"PropertyValueSpecification\",\"valueRequired\":true,\"valueName\":\"search_term_string\"}}],\"inLanguage\":\"pt-BR\"},{\"@type\":\"Organization\",\"@id\":\"https:\/\/www.sigmatools.com.br\/site\/#organization\",\"name\":\"SIGMA TOOLS\",\"url\":\"https:\/\/www.sigmatools.com.br\/site\/\",\"logo\":{\"@type\":\"ImageObject\",\"inLanguage\":\"pt-BR\",\"@id\":\"https:\/\/www.sigmatools.com.br\/site\/#\/schema\/logo\/image\/\",\"url\":\"https:\/\/www.sigmatools.com.br\/site\/wp-content\/uploads\/2020\/01\/logo-sigma.png\",\"contentUrl\":\"https:\/\/www.sigmatools.com.br\/site\/wp-content\/uploads\/2020\/01\/logo-sigma.png\",\"width\":152,\"height\":150,\"caption\":\"SIGMA TOOLS\"},\"image\":{\"@id\":\"https:\/\/www.sigmatools.com.br\/site\/#\/schema\/logo\/image\/\"},\"sameAs\":[\"https:\/\/www.facebook.com\/sigmatools\"]}]}<\/script>\n<!-- \/ Yoast SEO plugin. -->","yoast_head_json":{"title":"COMPRESSOR DE AR DIRETO 1,3 HP PARA PO\u00c7O ARTESIANO ISENTO DE \u00d3LEO 220V\/60HZ - Sigma Tools","robots":{"index":"index","follow":"follow","max-snippet":"max-snippet:-1","max-image-preview":"max-image-preview:large","max-video-preview":"max-video-preview:-1"},"canonical":"https:\/\/www.sigmatools.com.br\/site\/produto\/compressor-de-ar-direto-13-hp-para-poco-artesiano-isento-de-oleo-220v-60hz\/","og_locale":"pt_BR","og_type":"article","og_title":"COMPRESSOR DE AR DIRETO 1,3 HP PARA PO\u00c7O ARTESIANO ISENTO DE \u00d3LEO 220V\/60HZ - Sigma Tools","og_description":"C\u00f3digo do produto: 0708010101  C\u00f3digo de barras: 7908276653209  &nbsp;  APLICA\u00c7\u00c3O Ideal para extra\u00e7\u00e3o e capta\u00e7\u00e3o de \u00e1gua em len\u00e7\u00f3is fre\u00e1ticos atrav\u00e9s de po\u00e7os artesianos e outras aplica\u00e7\u00f5es. Por ser isento de \u00f3leo, n\u00e3o h\u00e1 risco de contaminar a \u00e1gua pelo ar comprimido.  VANTAGENS \u2022 Motor de 1,3 hp para alta performance; \u2022 Capacidade de deslocamento de 5 pcm para maior efici\u00eancia; \u2022 Opera com press\u00e3o m\u00e1xima de 120 libras; \u2022 Isento de \u00f3leo, ideal para aplica\u00e7\u00f5es que exigem ar puro; \u2022 Compacto e vers\u00e1til, perfeito para diversas atividades.  &nbsp;    &nbsp;  &nbsp;  &nbsp;","og_url":"https:\/\/www.sigmatools.com.br\/site\/produto\/compressor-de-ar-direto-13-hp-para-poco-artesiano-isento-de-oleo-220v-60hz\/","og_site_name":"Sigma Tools","article_publisher":"https:\/\/www.facebook.com\/sigmatools","article_modified_time":"2025-01-22T17:24:10+00:00","og_image":[{"width":1000,"height":1000,"url":"https:\/\/www.sigmatools.com.br\/site\/wp-content\/uploads\/2025\/01\/1-22.jpg","type":"image\/jpeg"}],"twitter_card":"summary_large_image","twitter_misc":{"Est. tempo de leitura":"1 minuto"},"schema":{"@context":"https:\/\/schema.org","@graph":[{"@type":"WebPage","@id":"https:\/\/www.sigmatools.com.br\/site\/produto\/compressor-de-ar-direto-13-hp-para-poco-artesiano-isento-de-oleo-220v-60hz\/","url":"https:\/\/www.sigmatools.com.br\/site\/produto\/compressor-de-ar-direto-13-hp-para-poco-artesiano-isento-de-oleo-220v-60hz\/","name":"COMPRESSOR DE AR DIRETO 1,3 HP PARA PO\u00c7O ARTESIANO ISENTO DE \u00d3LEO 220V\/60HZ - Sigma Tools","isPartOf":{"@id":"https:\/\/www.sigmatools.com.br\/site\/#website"},"primaryImageOfPage":{"@id":"https:\/\/www.sigmatools.com.br\/site\/produto\/compressor-de-ar-direto-13-hp-para-poco-artesiano-isento-de-oleo-220v-60hz\/#primaryimage"},"image":{"@id":"https:\/\/www.sigmatools.com.br\/site\/produto\/compressor-de-ar-direto-13-hp-para-poco-artesiano-isento-de-oleo-220v-60hz\/#primaryimage"},"thumbnailUrl":"https:\/\/www.sigmatools.com.br\/site\/wp-content\/uploads\/2025\/01\/1-22.jpg","datePublished":"2025-01-21T16:58:09+00:00","dateModified":"2025-01-22T17:24:10+00:00","breadcrumb":{"@id":"https:\/\/www.sigmatools.com.br\/site\/produto\/compressor-de-ar-direto-13-hp-para-poco-artesiano-isento-de-oleo-220v-60hz\/#breadcrumb"},"inLanguage":"pt-BR","potentialAction":[{"@type":"ReadAction","target":["https:\/\/www.sigmatools.com.br\/site\/produto\/compressor-de-ar-direto-13-hp-para-poco-artesiano-isento-de-oleo-220v-60hz\/"]}]},{"@type":"ImageObject","inLanguage":"pt-BR","@id":"https:\/\/www.sigmatools.com.br\/site\/produto\/compressor-de-ar-direto-13-hp-para-poco-artesiano-isento-de-oleo-220v-60hz\/#primaryimage","url":"https:\/\/www.sigmatools.com.br\/site\/wp-content\/uploads\/2025\/01\/1-22.jpg","contentUrl":"https:\/\/www.sigmatools.com.br\/site\/wp-content\/uploads\/2025\/01\/1-22.jpg","width":1000,"height":1000},{"@type":"BreadcrumbList","@id":"https:\/\/www.sigmatools.com.br\/site\/produto\/compressor-de-ar-direto-13-hp-para-poco-artesiano-isento-de-oleo-220v-60hz\/#breadcrumb","itemListElement":[{"@type":"ListItem","position":1,"name":"In\u00edcio","item":"https:\/\/www.sigmatools.com.br\/site\/"},{"@type":"ListItem","position":2,"name":"COMPRESSOR DE AR DIRETO 1,3 HP PARA PO\u00c7O ARTESIANO ISENTO DE \u00d3LEO 220V\/60HZ"}]},{"@type":"WebSite","@id":"https:\/\/www.sigmatools.com.br\/site\/#website","url":"https:\/\/www.sigmatools.com.br\/site\/","name":"Sigma Tools","description":"Equipamentos para Est\u00e9tica Automotiva e Oficina Mec\u00e2nica - Sigma Tools","publisher":{"@id":"https:\/\/www.sigmatools.com.br\/site\/#organization"},"potentialAction":[{"@type":"SearchAction","target":{"@type":"EntryPoint","urlTemplate":"https:\/\/www.sigmatools.com.br\/site\/?s={search_term_string}"},"query-input":{"@type":"PropertyValueSpecification","valueRequired":true,"valueName":"search_term_string"}}],"inLanguage":"pt-BR"},{"@type":"Organization","@id":"https:\/\/www.sigmatools.com.br\/site\/#organization","name":"SIGMA TOOLS","url":"https:\/\/www.sigmatools.com.br\/site\/","logo":{"@type":"ImageObject","inLanguage":"pt-BR","@id":"https:\/\/www.sigmatools.com.br\/site\/#\/schema\/logo\/image\/","url":"https:\/\/www.sigmatools.com.br\/site\/wp-content\/uploads\/2020\/01\/logo-sigma.png","contentUrl":"https:\/\/www.sigmatools.com.br\/site\/wp-content\/uploads\/2020\/01\/logo-sigma.png","width":152,"height":150,"caption":"SIGMA TOOLS"},"image":{"@id":"https:\/\/www.sigmatools.com.br\/site\/#\/schema\/logo\/image\/"},"sameAs":["https:\/\/www.facebook.com\/sigmatools"]}]}},"_links":{"self":[{"href":"https:\/\/www.sigmatools.com.br\/site\/wp-json\/wp\/v2\/product\/9574","targetHints":{"allow":["GET"]}}],"collection":[{"href":"https:\/\/www.sigmatools.com.br\/site\/wp-json\/wp\/v2\/product"}],"about":[{"href":"https:\/\/www.sigmatools.com.br\/site\/wp-json\/wp\/v2\/types\/product"}],"replies":[{"embeddable":true,"href":"https:\/\/www.sigmatools.com.br\/site\/wp-json\/wp\/v2\/comments?post=9574"}],"wp:featuredmedia":[{"embeddable":true,"href":"https:\/\/www.sigmatools.com.br\/site\/wp-json\/wp\/v2\/media\/9575"}],"wp:attachment":[{"href":"https:\/\/www.sigmatools.com.br\/site\/wp-json\/wp\/v2\/media?parent=9574"}],"wp:term":[{"taxonomy":"product_brand","embeddable":true,"href":"https:\/\/www.sigmatools.com.br\/site\/wp-json\/wp\/v2\/product_brand?post=9574"},{"taxonomy":"product_cat","embeddable":true,"href":"https:\/\/www.sigmatools.com.br\/site\/wp-json\/wp\/v2\/product_cat?post=9574"},{"taxonomy":"product_tag","embeddable":true,"href":"https:\/\/www.sigmatools.com.br\/site\/wp-json\/wp\/v2\/product_tag?post=9574"}],"curies":[{"name":"wp","href":"https:\/\/api.w.org\/{rel}","templated":true}]}}