{"id":9601,"date":"2025-01-22T14:11:51","date_gmt":"2025-01-22T17:11:51","guid":{"rendered":"https:\/\/www.sigmatools.com.br\/site\/?post_type=product&#038;p=9601"},"modified":"2025-01-22T16:51:34","modified_gmt":"2025-01-22T19:51:34","slug":"compressor-de-ar-direto-23-pes-40-psi-mono-bivolt-com-kit-pistola-e-mangueira","status":"publish","type":"product","link":"https:\/\/www.sigmatools.com.br\/site\/produto\/compressor-de-ar-direto-23-pes-40-psi-mono-bivolt-com-kit-pistola-e-mangueira\/","title":{"rendered":"COMPRESSOR DE AR DIRETO 2,3 P\u00c9S 40 PSI MONO BIVOLT COM KIT PISTOLA E MANGUEIRA"},"content":{"rendered":"<p>[vc_row css_animation=&#8221;&#8221; row_type=&#8221;row&#8221; use_row_as_full_screen_section=&#8221;no&#8221; type=&#8221;full_width&#8221; angled_section=&#8221;no&#8221; text_align=&#8221;left&#8221; background_image_as_pattern=&#8221;without_pattern&#8221;][vc_column][\/vc_column][\/vc_row]<\/p>","protected":false},"excerpt":{"rendered":"<p><strong>C\u00f3digo do produto:<\/strong> 0708010100<\/p>\n<p><strong>C\u00f3digo de barras:<\/strong> 7908276653193<\/p>\n<p>&nbsp;<\/p>\n<p><strong>APLICA\u00c7\u00c3O<\/strong><br \/>\nFerramenta essencial para trabalhos de pintura, inflagem de pneus, limpeza e outras atividades que requerem o uso de ar comprimido. Com uma pot\u00eancia de 2,3 PES ele \u00e9 capaz de produzir at\u00e9 40 libras de press\u00e3o por polegada quadrada (psi) de ar comprimido.<\/p>\n<p>&nbsp;<\/p>\n<p><strong>VANTAGENS<\/strong><br \/>\n\u2022 Acompanha pistola de pintura e mangueira;<br \/>\n\u2022 Bivolt com chave seletora;<br \/>\n\u2022 Possui al\u00e7a para transporte;<br \/>\n\u2022 Apoio emborrachado com ventosas para fixa\u00e7\u00e3o;<br \/>\n\u2022 Com protetor t\u00e9rmico, que evita queima do motor em caso de sobreaquecimento<\/p>\n<p>&nbsp;<\/p>\n[button size=\"small\" icon=\"\" target=\"_blank\" text_align=\"left\" text=\"Informativo\" link=\"http:\/\/www.sigmatools.com.br\/site\/arquivos\/informativos\/COMPRESSOR%20DE%20AR%20DIREITO%202%2C3PES%20-%20INFO.pdf\" color=\"#ffffff\" hover_color=\"#ffffff\" background_color=\"#353535\" hover_background_color=\"#dd3333\" border_color=\"#353535\" hover_border_color=\"#dd3333\"]\n[button size=\"small\" icon=\"\" target=\"_blank\" text_align=\"left\" text=\"Vista Explodida\" link=\"http:\/\/www.sigmatools.com.br\/site\/arquivos\/vista-explodida\/COMPRESSOR%20DE%20AR%20DIRETO%202%203%20PES%2040%20PSI%20MONO%20BIVOLT%20COM%20PISTOLA%20-%20VE.pdf\" color=\"#ffffff\" hover_color=\"#ffffff\" background_color=\"#353535\" hover_background_color=\"#dd3333\" border_color=\"#353535\" hover_border_color=\"#dd3333\"]","protected":false},"featured_media":9592,"comment_status":"open","ping_status":"closed","template":"","meta":{"_jet_sm_ready_style":"","_jet_sm_style":"","_jet_sm_controls_values":"","_jet_sm_fonts_collection":"","_jet_sm_fonts_links":""},"product_brand":[],"product_cat":[218,168,98,15],"product_tag":[],"class_list":{"0":"post-9601","1":"product","2":"type-product","3":"status-publish","4":"has-post-thumbnail","6":"product_cat-destaque","7":"product_cat-pistolas-bicos-de-ar","8":"product_cat-pintura","9":"product_cat-sigma-tools","11":"first","12":"instock","13":"shipping-taxable","14":"product-type-simple"},"yoast_head":"<!-- This site is optimized with the Yoast SEO plugin v27.1.1 - https:\/\/yoast.com\/product\/yoast-seo-wordpress\/ -->\n<title>COMPRESSOR DE AR DIRETO 2,3 P\u00c9S 40 PSI MONO BIVOLT COM KIT PISTOLA E MANGUEIRA - Sigma Tools<\/title>\n<meta name=\"robots\" content=\"index, follow, max-snippet:-1, max-image-preview:large, max-video-preview:-1\" \/>\n<link rel=\"canonical\" href=\"https:\/\/www.sigmatools.com.br\/site\/produto\/compressor-de-ar-direto-23-pes-40-psi-mono-bivolt-com-kit-pistola-e-mangueira\/\" \/>\n<meta property=\"og:locale\" content=\"pt_BR\" \/>\n<meta property=\"og:type\" content=\"article\" \/>\n<meta property=\"og:title\" content=\"COMPRESSOR DE AR DIRETO 2,3 P\u00c9S 40 PSI MONO BIVOLT COM KIT PISTOLA E MANGUEIRA - Sigma Tools\" \/>\n<meta property=\"og:description\" content=\"C\u00f3digo do produto: 0708010100  C\u00f3digo de barras: 7908276653193  &nbsp;  APLICA\u00c7\u00c3O Ferramenta essencial para trabalhos de pintura, inflagem de pneus, limpeza e outras atividades que requerem o uso de ar comprimido. Com uma pot\u00eancia de 2,3 PES ele \u00e9 capaz de produzir at\u00e9 40 libras de press\u00e3o por polegada quadrada (psi) de ar comprimido.  &nbsp;  VANTAGENS \u2022 Acompanha pistola de pintura e mangueira; \u2022 Bivolt com chave seletora; \u2022 Possui al\u00e7a para transporte; \u2022 Apoio emborrachado com ventosas para fixa\u00e7\u00e3o; \u2022 Com protetor t\u00e9rmico, que evita queima do motor em caso de sobreaquecimento  &nbsp;\" \/>\n<meta property=\"og:url\" content=\"https:\/\/www.sigmatools.com.br\/site\/produto\/compressor-de-ar-direto-23-pes-40-psi-mono-bivolt-com-kit-pistola-e-mangueira\/\" \/>\n<meta property=\"og:site_name\" content=\"Sigma Tools\" \/>\n<meta property=\"article:publisher\" content=\"https:\/\/www.facebook.com\/sigmatools\" \/>\n<meta property=\"article:modified_time\" content=\"2025-01-22T19:51:34+00:00\" \/>\n<meta property=\"og:image\" content=\"https:\/\/www.sigmatools.com.br\/site\/wp-content\/uploads\/2025\/01\/1-23.jpg\" \/>\n\t<meta property=\"og:image:width\" content=\"1000\" \/>\n\t<meta property=\"og:image:height\" content=\"1000\" \/>\n\t<meta property=\"og:image:type\" content=\"image\/jpeg\" \/>\n<meta name=\"twitter:card\" content=\"summary_large_image\" \/>\n<meta name=\"twitter:label1\" content=\"Est. tempo de leitura\" \/>\n\t<meta name=\"twitter:data1\" content=\"1 minuto\" \/>\n<script type=\"application\/ld+json\" class=\"yoast-schema-graph\">{\"@context\":\"https:\/\/schema.org\",\"@graph\":[{\"@type\":\"WebPage\",\"@id\":\"https:\/\/www.sigmatools.com.br\/site\/produto\/compressor-de-ar-direto-23-pes-40-psi-mono-bivolt-com-kit-pistola-e-mangueira\/\",\"url\":\"https:\/\/www.sigmatools.com.br\/site\/produto\/compressor-de-ar-direto-23-pes-40-psi-mono-bivolt-com-kit-pistola-e-mangueira\/\",\"name\":\"COMPRESSOR DE AR DIRETO 2,3 P\u00c9S 40 PSI MONO BIVOLT COM KIT PISTOLA E MANGUEIRA - Sigma Tools\",\"isPartOf\":{\"@id\":\"https:\/\/www.sigmatools.com.br\/site\/#website\"},\"primaryImageOfPage\":{\"@id\":\"https:\/\/www.sigmatools.com.br\/site\/produto\/compressor-de-ar-direto-23-pes-40-psi-mono-bivolt-com-kit-pistola-e-mangueira\/#primaryimage\"},\"image\":{\"@id\":\"https:\/\/www.sigmatools.com.br\/site\/produto\/compressor-de-ar-direto-23-pes-40-psi-mono-bivolt-com-kit-pistola-e-mangueira\/#primaryimage\"},\"thumbnailUrl\":\"https:\/\/www.sigmatools.com.br\/site\/wp-content\/uploads\/2025\/01\/1-23.jpg\",\"datePublished\":\"2025-01-22T17:11:51+00:00\",\"dateModified\":\"2025-01-22T19:51:34+00:00\",\"breadcrumb\":{\"@id\":\"https:\/\/www.sigmatools.com.br\/site\/produto\/compressor-de-ar-direto-23-pes-40-psi-mono-bivolt-com-kit-pistola-e-mangueira\/#breadcrumb\"},\"inLanguage\":\"pt-BR\",\"potentialAction\":[{\"@type\":\"ReadAction\",\"target\":[\"https:\/\/www.sigmatools.com.br\/site\/produto\/compressor-de-ar-direto-23-pes-40-psi-mono-bivolt-com-kit-pistola-e-mangueira\/\"]}]},{\"@type\":\"ImageObject\",\"inLanguage\":\"pt-BR\",\"@id\":\"https:\/\/www.sigmatools.com.br\/site\/produto\/compressor-de-ar-direto-23-pes-40-psi-mono-bivolt-com-kit-pistola-e-mangueira\/#primaryimage\",\"url\":\"https:\/\/www.sigmatools.com.br\/site\/wp-content\/uploads\/2025\/01\/1-23.jpg\",\"contentUrl\":\"https:\/\/www.sigmatools.com.br\/site\/wp-content\/uploads\/2025\/01\/1-23.jpg\",\"width\":1000,\"height\":1000},{\"@type\":\"BreadcrumbList\",\"@id\":\"https:\/\/www.sigmatools.com.br\/site\/produto\/compressor-de-ar-direto-23-pes-40-psi-mono-bivolt-com-kit-pistola-e-mangueira\/#breadcrumb\",\"itemListElement\":[{\"@type\":\"ListItem\",\"position\":1,\"name\":\"In\u00edcio\",\"item\":\"https:\/\/www.sigmatools.com.br\/site\/\"},{\"@type\":\"ListItem\",\"position\":2,\"name\":\"COMPRESSOR DE AR DIRETO 2,3 P\u00c9S 40 PSI MONO BIVOLT COM KIT PISTOLA E MANGUEIRA\"}]},{\"@type\":\"WebSite\",\"@id\":\"https:\/\/www.sigmatools.com.br\/site\/#website\",\"url\":\"https:\/\/www.sigmatools.com.br\/site\/\",\"name\":\"Sigma Tools\",\"description\":\"Equipamentos para Est\u00e9tica Automotiva e Oficina Mec\u00e2nica - Sigma Tools\",\"publisher\":{\"@id\":\"https:\/\/www.sigmatools.com.br\/site\/#organization\"},\"potentialAction\":[{\"@type\":\"SearchAction\",\"target\":{\"@type\":\"EntryPoint\",\"urlTemplate\":\"https:\/\/www.sigmatools.com.br\/site\/?s={search_term_string}\"},\"query-input\":{\"@type\":\"PropertyValueSpecification\",\"valueRequired\":true,\"valueName\":\"search_term_string\"}}],\"inLanguage\":\"pt-BR\"},{\"@type\":\"Organization\",\"@id\":\"https:\/\/www.sigmatools.com.br\/site\/#organization\",\"name\":\"SIGMA TOOLS\",\"url\":\"https:\/\/www.sigmatools.com.br\/site\/\",\"logo\":{\"@type\":\"ImageObject\",\"inLanguage\":\"pt-BR\",\"@id\":\"https:\/\/www.sigmatools.com.br\/site\/#\/schema\/logo\/image\/\",\"url\":\"https:\/\/www.sigmatools.com.br\/site\/wp-content\/uploads\/2020\/01\/logo-sigma.png\",\"contentUrl\":\"https:\/\/www.sigmatools.com.br\/site\/wp-content\/uploads\/2020\/01\/logo-sigma.png\",\"width\":152,\"height\":150,\"caption\":\"SIGMA TOOLS\"},\"image\":{\"@id\":\"https:\/\/www.sigmatools.com.br\/site\/#\/schema\/logo\/image\/\"},\"sameAs\":[\"https:\/\/www.facebook.com\/sigmatools\"]}]}<\/script>\n<!-- \/ Yoast SEO plugin. -->","yoast_head_json":{"title":"COMPRESSOR DE AR DIRETO 2,3 P\u00c9S 40 PSI MONO BIVOLT COM KIT PISTOLA E MANGUEIRA - Sigma Tools","robots":{"index":"index","follow":"follow","max-snippet":"max-snippet:-1","max-image-preview":"max-image-preview:large","max-video-preview":"max-video-preview:-1"},"canonical":"https:\/\/www.sigmatools.com.br\/site\/produto\/compressor-de-ar-direto-23-pes-40-psi-mono-bivolt-com-kit-pistola-e-mangueira\/","og_locale":"pt_BR","og_type":"article","og_title":"COMPRESSOR DE AR DIRETO 2,3 P\u00c9S 40 PSI MONO BIVOLT COM KIT PISTOLA E MANGUEIRA - Sigma Tools","og_description":"C\u00f3digo do produto: 0708010100  C\u00f3digo de barras: 7908276653193  &nbsp;  APLICA\u00c7\u00c3O Ferramenta essencial para trabalhos de pintura, inflagem de pneus, limpeza e outras atividades que requerem o uso de ar comprimido. Com uma pot\u00eancia de 2,3 PES ele \u00e9 capaz de produzir at\u00e9 40 libras de press\u00e3o por polegada quadrada (psi) de ar comprimido.  &nbsp;  VANTAGENS \u2022 Acompanha pistola de pintura e mangueira; \u2022 Bivolt com chave seletora; \u2022 Possui al\u00e7a para transporte; \u2022 Apoio emborrachado com ventosas para fixa\u00e7\u00e3o; \u2022 Com protetor t\u00e9rmico, que evita queima do motor em caso de sobreaquecimento  &nbsp;","og_url":"https:\/\/www.sigmatools.com.br\/site\/produto\/compressor-de-ar-direto-23-pes-40-psi-mono-bivolt-com-kit-pistola-e-mangueira\/","og_site_name":"Sigma Tools","article_publisher":"https:\/\/www.facebook.com\/sigmatools","article_modified_time":"2025-01-22T19:51:34+00:00","og_image":[{"width":1000,"height":1000,"url":"https:\/\/www.sigmatools.com.br\/site\/wp-content\/uploads\/2025\/01\/1-23.jpg","type":"image\/jpeg"}],"twitter_card":"summary_large_image","twitter_misc":{"Est. tempo de leitura":"1 minuto"},"schema":{"@context":"https:\/\/schema.org","@graph":[{"@type":"WebPage","@id":"https:\/\/www.sigmatools.com.br\/site\/produto\/compressor-de-ar-direto-23-pes-40-psi-mono-bivolt-com-kit-pistola-e-mangueira\/","url":"https:\/\/www.sigmatools.com.br\/site\/produto\/compressor-de-ar-direto-23-pes-40-psi-mono-bivolt-com-kit-pistola-e-mangueira\/","name":"COMPRESSOR DE AR DIRETO 2,3 P\u00c9S 40 PSI MONO BIVOLT COM KIT PISTOLA E MANGUEIRA - Sigma Tools","isPartOf":{"@id":"https:\/\/www.sigmatools.com.br\/site\/#website"},"primaryImageOfPage":{"@id":"https:\/\/www.sigmatools.com.br\/site\/produto\/compressor-de-ar-direto-23-pes-40-psi-mono-bivolt-com-kit-pistola-e-mangueira\/#primaryimage"},"image":{"@id":"https:\/\/www.sigmatools.com.br\/site\/produto\/compressor-de-ar-direto-23-pes-40-psi-mono-bivolt-com-kit-pistola-e-mangueira\/#primaryimage"},"thumbnailUrl":"https:\/\/www.sigmatools.com.br\/site\/wp-content\/uploads\/2025\/01\/1-23.jpg","datePublished":"2025-01-22T17:11:51+00:00","dateModified":"2025-01-22T19:51:34+00:00","breadcrumb":{"@id":"https:\/\/www.sigmatools.com.br\/site\/produto\/compressor-de-ar-direto-23-pes-40-psi-mono-bivolt-com-kit-pistola-e-mangueira\/#breadcrumb"},"inLanguage":"pt-BR","potentialAction":[{"@type":"ReadAction","target":["https:\/\/www.sigmatools.com.br\/site\/produto\/compressor-de-ar-direto-23-pes-40-psi-mono-bivolt-com-kit-pistola-e-mangueira\/"]}]},{"@type":"ImageObject","inLanguage":"pt-BR","@id":"https:\/\/www.sigmatools.com.br\/site\/produto\/compressor-de-ar-direto-23-pes-40-psi-mono-bivolt-com-kit-pistola-e-mangueira\/#primaryimage","url":"https:\/\/www.sigmatools.com.br\/site\/wp-content\/uploads\/2025\/01\/1-23.jpg","contentUrl":"https:\/\/www.sigmatools.com.br\/site\/wp-content\/uploads\/2025\/01\/1-23.jpg","width":1000,"height":1000},{"@type":"BreadcrumbList","@id":"https:\/\/www.sigmatools.com.br\/site\/produto\/compressor-de-ar-direto-23-pes-40-psi-mono-bivolt-com-kit-pistola-e-mangueira\/#breadcrumb","itemListElement":[{"@type":"ListItem","position":1,"name":"In\u00edcio","item":"https:\/\/www.sigmatools.com.br\/site\/"},{"@type":"ListItem","position":2,"name":"COMPRESSOR DE AR DIRETO 2,3 P\u00c9S 40 PSI MONO BIVOLT COM KIT PISTOLA E MANGUEIRA"}]},{"@type":"WebSite","@id":"https:\/\/www.sigmatools.com.br\/site\/#website","url":"https:\/\/www.sigmatools.com.br\/site\/","name":"Sigma Tools","description":"Equipamentos para Est\u00e9tica Automotiva e Oficina Mec\u00e2nica - Sigma Tools","publisher":{"@id":"https:\/\/www.sigmatools.com.br\/site\/#organization"},"potentialAction":[{"@type":"SearchAction","target":{"@type":"EntryPoint","urlTemplate":"https:\/\/www.sigmatools.com.br\/site\/?s={search_term_string}"},"query-input":{"@type":"PropertyValueSpecification","valueRequired":true,"valueName":"search_term_string"}}],"inLanguage":"pt-BR"},{"@type":"Organization","@id":"https:\/\/www.sigmatools.com.br\/site\/#organization","name":"SIGMA TOOLS","url":"https:\/\/www.sigmatools.com.br\/site\/","logo":{"@type":"ImageObject","inLanguage":"pt-BR","@id":"https:\/\/www.sigmatools.com.br\/site\/#\/schema\/logo\/image\/","url":"https:\/\/www.sigmatools.com.br\/site\/wp-content\/uploads\/2020\/01\/logo-sigma.png","contentUrl":"https:\/\/www.sigmatools.com.br\/site\/wp-content\/uploads\/2020\/01\/logo-sigma.png","width":152,"height":150,"caption":"SIGMA TOOLS"},"image":{"@id":"https:\/\/www.sigmatools.com.br\/site\/#\/schema\/logo\/image\/"},"sameAs":["https:\/\/www.facebook.com\/sigmatools"]}]}},"_links":{"self":[{"href":"https:\/\/www.sigmatools.com.br\/site\/wp-json\/wp\/v2\/product\/9601","targetHints":{"allow":["GET"]}}],"collection":[{"href":"https:\/\/www.sigmatools.com.br\/site\/wp-json\/wp\/v2\/product"}],"about":[{"href":"https:\/\/www.sigmatools.com.br\/site\/wp-json\/wp\/v2\/types\/product"}],"replies":[{"embeddable":true,"href":"https:\/\/www.sigmatools.com.br\/site\/wp-json\/wp\/v2\/comments?post=9601"}],"wp:featuredmedia":[{"embeddable":true,"href":"https:\/\/www.sigmatools.com.br\/site\/wp-json\/wp\/v2\/media\/9592"}],"wp:attachment":[{"href":"https:\/\/www.sigmatools.com.br\/site\/wp-json\/wp\/v2\/media?parent=9601"}],"wp:term":[{"taxonomy":"product_brand","embeddable":true,"href":"https:\/\/www.sigmatools.com.br\/site\/wp-json\/wp\/v2\/product_brand?post=9601"},{"taxonomy":"product_cat","embeddable":true,"href":"https:\/\/www.sigmatools.com.br\/site\/wp-json\/wp\/v2\/product_cat?post=9601"},{"taxonomy":"product_tag","embeddable":true,"href":"https:\/\/www.sigmatools.com.br\/site\/wp-json\/wp\/v2\/product_tag?post=9601"}],"curies":[{"name":"wp","href":"https:\/\/api.w.org\/{rel}","templated":true}]}}