{"id":9637,"date":"2025-02-03T09:25:07","date_gmt":"2025-02-03T12:25:07","guid":{"rendered":"https:\/\/www.sigmatools.com.br\/site\/?post_type=product&#038;p=9637"},"modified":"2025-08-07T11:20:16","modified_gmt":"2025-08-07T14:20:16","slug":"sgt-5139-pro-politriz-automotiva-6","status":"publish","type":"product","link":"https:\/\/www.sigmatools.com.br\/site\/produto\/sgt-5139-pro-politriz-automotiva-6\/","title":{"rendered":"SGT-5139 &#8211; PRO &#8211; POLITRIZ AUTOMOTIVA 6&#8243;"},"content":{"rendered":"","protected":false},"excerpt":{"rendered":"<p><strong>C\u00f3digo do produto: 127V<\/strong> &#8211; 0702513901 | <strong>220V<\/strong> &#8211; 0702513900<\/p>\n<p><strong>C\u00f3digo de barras: 127V<\/strong> &#8211; 7908276656163 | <strong>220V<\/strong> &#8211; 7908276656156<\/p>\n<p>&nbsp;<\/p>\n<iframe title=\"YouTube video player\" src=\"https:\/\/www.youtube.com\/embed\/MkEYpHoqRzY?si=bgU8g7hEZ_SIRx97\" width=\"560\" height=\"315\" frameborder=\"0\" allowfullscreen=\"allowfullscreen\"><\/iframe>\n<p>&nbsp;<\/p>\n<p>&nbsp;<\/p>\n<p>&nbsp;<\/p>\n<p>&nbsp;<\/p>\n<p><strong>CARACTER\u00cdSTICAS<\/strong><br \/>\n\u2022 Cabo de energia 3 metros;<br \/>\n\u2022 Compacto e ergon\u00f4mico;<br \/>\n\u2022 Cabo longo e emborrachado;<br \/>\n\u2022 Polimento r\u00e1pido.<\/p>\n<p>&nbsp;<\/p>\n<p><strong>APLICA\u00c7\u00d5ES<\/strong><br \/>\n\u2022 Desenvolvido para polimentos automotivos em geral;<br \/>\n\u2022 Sua rota\u00e7\u00e3o orbital permite polir e dar brilho na superf\u00edcie sem causar hologramas;<br \/>\n\u2022 Remo\u00e7\u00e3o de pequenos riscos.<\/p>\n<p>&nbsp;<\/p>\n[button size=\"small\" icon=\"\" target=\"_blank\" text_align=\"left\" text=\"Informativo\" link=\"http:\/\/www.sigmatools.com.br\/site\/arquivos\/informativos\/SGT-5139%20-%20POLITRIZ%20AUTOMOTIVA%206%20-%20INFO.pdf\" color=\"#ffffff\" hover_color=\"#ffffff\" background_color=\"#353535\" hover_background_color=\"#dd3333\" border_color=\"#353535\" hover_border_color=\"#dd3333\"]\n[button size=\"small\" icon=\"\" target=\"_blank\" text_align=\"left\" text=\"Vista Explodida\" link=\"http:\/\/www.sigmatools.com.br\/site\/arquivos\/vista-explodida\/SGT-5139%20-%20POLITRIZ%20AUTOMOTIVA%206%20-%20VE.pdf\" color=\"#ffffff\" hover_color=\"#ffffff\" background_color=\"#353535\" hover_background_color=\"#dd3333\" border_color=\"#353535\" hover_border_color=\"#dd3333\"]","protected":false},"featured_media":9638,"comment_status":"open","ping_status":"closed","template":"","meta":{"_jet_sm_ready_style":"","_jet_sm_style":"","_jet_sm_controls_values":"","_jet_sm_fonts_collection":"","_jet_sm_fonts_links":""},"product_brand":[],"product_cat":[218,100,15],"product_tag":[],"class_list":{"0":"post-9637","1":"product","2":"type-product","3":"status-publish","4":"has-post-thumbnail","6":"product_cat-destaque","7":"product_cat-hobby","8":"product_cat-sigma-tools","10":"first","11":"instock","12":"shipping-taxable","13":"product-type-simple"},"yoast_head":"<!-- This site is optimized with the Yoast SEO plugin v27.1.1 - https:\/\/yoast.com\/product\/yoast-seo-wordpress\/ -->\n<title>SGT-5139 - PRO - POLITRIZ AUTOMOTIVA 6&quot; - Sigma Tools<\/title>\n<meta name=\"robots\" content=\"index, follow, max-snippet:-1, max-image-preview:large, max-video-preview:-1\" \/>\n<link rel=\"canonical\" href=\"https:\/\/www.sigmatools.com.br\/site\/produto\/sgt-5139-pro-politriz-automotiva-6\/\" \/>\n<meta property=\"og:locale\" content=\"pt_BR\" \/>\n<meta property=\"og:type\" content=\"article\" \/>\n<meta property=\"og:title\" content=\"SGT-5139 - PRO - POLITRIZ AUTOMOTIVA 6&quot; - Sigma Tools\" \/>\n<meta property=\"og:description\" content=\"C\u00f3digo do produto: 127V - 0702513901 | 220V - 0702513900  C\u00f3digo de barras: 127V - 7908276656163 | 220V - 7908276656156  &nbsp;    &nbsp;  &nbsp;  &nbsp;  &nbsp;  CARACTER\u00cdSTICAS \u2022 Cabo de energia 3 metros; \u2022 Compacto e ergon\u00f4mico; \u2022 Cabo longo e emborrachado; \u2022 Polimento r\u00e1pido.  &nbsp;  APLICA\u00c7\u00d5ES \u2022 Desenvolvido para polimentos automotivos em geral; \u2022 Sua rota\u00e7\u00e3o orbital permite polir e dar brilho na superf\u00edcie sem causar hologramas; \u2022 Remo\u00e7\u00e3o de pequenos riscos.  &nbsp;\" \/>\n<meta property=\"og:url\" content=\"https:\/\/www.sigmatools.com.br\/site\/produto\/sgt-5139-pro-politriz-automotiva-6\/\" \/>\n<meta property=\"og:site_name\" content=\"Sigma Tools\" \/>\n<meta property=\"article:publisher\" content=\"https:\/\/www.facebook.com\/sigmatools\" \/>\n<meta property=\"article:modified_time\" content=\"2025-08-07T14:20:16+00:00\" \/>\n<meta property=\"og:image\" content=\"https:\/\/www.sigmatools.com.br\/site\/wp-content\/uploads\/2025\/02\/6.jpg\" \/>\n\t<meta property=\"og:image:width\" content=\"1000\" \/>\n\t<meta property=\"og:image:height\" content=\"1000\" \/>\n\t<meta property=\"og:image:type\" content=\"image\/jpeg\" \/>\n<meta name=\"twitter:card\" content=\"summary_large_image\" \/>\n<meta name=\"twitter:label1\" content=\"Est. tempo de leitura\" \/>\n\t<meta name=\"twitter:data1\" content=\"1 minuto\" \/>\n<script type=\"application\/ld+json\" class=\"yoast-schema-graph\">{\"@context\":\"https:\/\/schema.org\",\"@graph\":[{\"@type\":\"WebPage\",\"@id\":\"https:\/\/www.sigmatools.com.br\/site\/produto\/sgt-5139-pro-politriz-automotiva-6\/\",\"url\":\"https:\/\/www.sigmatools.com.br\/site\/produto\/sgt-5139-pro-politriz-automotiva-6\/\",\"name\":\"SGT-5139 - PRO - POLITRIZ AUTOMOTIVA 6\\\" - Sigma Tools\",\"isPartOf\":{\"@id\":\"https:\/\/www.sigmatools.com.br\/site\/#website\"},\"primaryImageOfPage\":{\"@id\":\"https:\/\/www.sigmatools.com.br\/site\/produto\/sgt-5139-pro-politriz-automotiva-6\/#primaryimage\"},\"image\":{\"@id\":\"https:\/\/www.sigmatools.com.br\/site\/produto\/sgt-5139-pro-politriz-automotiva-6\/#primaryimage\"},\"thumbnailUrl\":\"https:\/\/www.sigmatools.com.br\/site\/wp-content\/uploads\/2025\/02\/6.jpg\",\"datePublished\":\"2025-02-03T12:25:07+00:00\",\"dateModified\":\"2025-08-07T14:20:16+00:00\",\"breadcrumb\":{\"@id\":\"https:\/\/www.sigmatools.com.br\/site\/produto\/sgt-5139-pro-politriz-automotiva-6\/#breadcrumb\"},\"inLanguage\":\"pt-BR\",\"potentialAction\":[{\"@type\":\"ReadAction\",\"target\":[\"https:\/\/www.sigmatools.com.br\/site\/produto\/sgt-5139-pro-politriz-automotiva-6\/\"]}]},{\"@type\":\"ImageObject\",\"inLanguage\":\"pt-BR\",\"@id\":\"https:\/\/www.sigmatools.com.br\/site\/produto\/sgt-5139-pro-politriz-automotiva-6\/#primaryimage\",\"url\":\"https:\/\/www.sigmatools.com.br\/site\/wp-content\/uploads\/2025\/02\/6.jpg\",\"contentUrl\":\"https:\/\/www.sigmatools.com.br\/site\/wp-content\/uploads\/2025\/02\/6.jpg\",\"width\":1000,\"height\":1000},{\"@type\":\"BreadcrumbList\",\"@id\":\"https:\/\/www.sigmatools.com.br\/site\/produto\/sgt-5139-pro-politriz-automotiva-6\/#breadcrumb\",\"itemListElement\":[{\"@type\":\"ListItem\",\"position\":1,\"name\":\"In\u00edcio\",\"item\":\"https:\/\/www.sigmatools.com.br\/site\/\"},{\"@type\":\"ListItem\",\"position\":2,\"name\":\"SGT-5139 &#8211; PRO &#8211; POLITRIZ AUTOMOTIVA 6&#8243;\"}]},{\"@type\":\"WebSite\",\"@id\":\"https:\/\/www.sigmatools.com.br\/site\/#website\",\"url\":\"https:\/\/www.sigmatools.com.br\/site\/\",\"name\":\"Sigma Tools\",\"description\":\"Equipamentos para Est\u00e9tica Automotiva e Oficina Mec\u00e2nica - Sigma Tools\",\"publisher\":{\"@id\":\"https:\/\/www.sigmatools.com.br\/site\/#organization\"},\"potentialAction\":[{\"@type\":\"SearchAction\",\"target\":{\"@type\":\"EntryPoint\",\"urlTemplate\":\"https:\/\/www.sigmatools.com.br\/site\/?s={search_term_string}\"},\"query-input\":{\"@type\":\"PropertyValueSpecification\",\"valueRequired\":true,\"valueName\":\"search_term_string\"}}],\"inLanguage\":\"pt-BR\"},{\"@type\":\"Organization\",\"@id\":\"https:\/\/www.sigmatools.com.br\/site\/#organization\",\"name\":\"SIGMA TOOLS\",\"url\":\"https:\/\/www.sigmatools.com.br\/site\/\",\"logo\":{\"@type\":\"ImageObject\",\"inLanguage\":\"pt-BR\",\"@id\":\"https:\/\/www.sigmatools.com.br\/site\/#\/schema\/logo\/image\/\",\"url\":\"https:\/\/www.sigmatools.com.br\/site\/wp-content\/uploads\/2020\/01\/logo-sigma.png\",\"contentUrl\":\"https:\/\/www.sigmatools.com.br\/site\/wp-content\/uploads\/2020\/01\/logo-sigma.png\",\"width\":152,\"height\":150,\"caption\":\"SIGMA TOOLS\"},\"image\":{\"@id\":\"https:\/\/www.sigmatools.com.br\/site\/#\/schema\/logo\/image\/\"},\"sameAs\":[\"https:\/\/www.facebook.com\/sigmatools\"]}]}<\/script>\n<!-- \/ Yoast SEO plugin. -->","yoast_head_json":{"title":"SGT-5139 - PRO - POLITRIZ AUTOMOTIVA 6\" - Sigma Tools","robots":{"index":"index","follow":"follow","max-snippet":"max-snippet:-1","max-image-preview":"max-image-preview:large","max-video-preview":"max-video-preview:-1"},"canonical":"https:\/\/www.sigmatools.com.br\/site\/produto\/sgt-5139-pro-politriz-automotiva-6\/","og_locale":"pt_BR","og_type":"article","og_title":"SGT-5139 - PRO - POLITRIZ AUTOMOTIVA 6\" - Sigma Tools","og_description":"C\u00f3digo do produto: 127V - 0702513901 | 220V - 0702513900  C\u00f3digo de barras: 127V - 7908276656163 | 220V - 7908276656156  &nbsp;    &nbsp;  &nbsp;  &nbsp;  &nbsp;  CARACTER\u00cdSTICAS \u2022 Cabo de energia 3 metros; \u2022 Compacto e ergon\u00f4mico; \u2022 Cabo longo e emborrachado; \u2022 Polimento r\u00e1pido.  &nbsp;  APLICA\u00c7\u00d5ES \u2022 Desenvolvido para polimentos automotivos em geral; \u2022 Sua rota\u00e7\u00e3o orbital permite polir e dar brilho na superf\u00edcie sem causar hologramas; \u2022 Remo\u00e7\u00e3o de pequenos riscos.  &nbsp;","og_url":"https:\/\/www.sigmatools.com.br\/site\/produto\/sgt-5139-pro-politriz-automotiva-6\/","og_site_name":"Sigma Tools","article_publisher":"https:\/\/www.facebook.com\/sigmatools","article_modified_time":"2025-08-07T14:20:16+00:00","og_image":[{"width":1000,"height":1000,"url":"https:\/\/www.sigmatools.com.br\/site\/wp-content\/uploads\/2025\/02\/6.jpg","type":"image\/jpeg"}],"twitter_card":"summary_large_image","twitter_misc":{"Est. tempo de leitura":"1 minuto"},"schema":{"@context":"https:\/\/schema.org","@graph":[{"@type":"WebPage","@id":"https:\/\/www.sigmatools.com.br\/site\/produto\/sgt-5139-pro-politriz-automotiva-6\/","url":"https:\/\/www.sigmatools.com.br\/site\/produto\/sgt-5139-pro-politriz-automotiva-6\/","name":"SGT-5139 - PRO - POLITRIZ AUTOMOTIVA 6\" - Sigma Tools","isPartOf":{"@id":"https:\/\/www.sigmatools.com.br\/site\/#website"},"primaryImageOfPage":{"@id":"https:\/\/www.sigmatools.com.br\/site\/produto\/sgt-5139-pro-politriz-automotiva-6\/#primaryimage"},"image":{"@id":"https:\/\/www.sigmatools.com.br\/site\/produto\/sgt-5139-pro-politriz-automotiva-6\/#primaryimage"},"thumbnailUrl":"https:\/\/www.sigmatools.com.br\/site\/wp-content\/uploads\/2025\/02\/6.jpg","datePublished":"2025-02-03T12:25:07+00:00","dateModified":"2025-08-07T14:20:16+00:00","breadcrumb":{"@id":"https:\/\/www.sigmatools.com.br\/site\/produto\/sgt-5139-pro-politriz-automotiva-6\/#breadcrumb"},"inLanguage":"pt-BR","potentialAction":[{"@type":"ReadAction","target":["https:\/\/www.sigmatools.com.br\/site\/produto\/sgt-5139-pro-politriz-automotiva-6\/"]}]},{"@type":"ImageObject","inLanguage":"pt-BR","@id":"https:\/\/www.sigmatools.com.br\/site\/produto\/sgt-5139-pro-politriz-automotiva-6\/#primaryimage","url":"https:\/\/www.sigmatools.com.br\/site\/wp-content\/uploads\/2025\/02\/6.jpg","contentUrl":"https:\/\/www.sigmatools.com.br\/site\/wp-content\/uploads\/2025\/02\/6.jpg","width":1000,"height":1000},{"@type":"BreadcrumbList","@id":"https:\/\/www.sigmatools.com.br\/site\/produto\/sgt-5139-pro-politriz-automotiva-6\/#breadcrumb","itemListElement":[{"@type":"ListItem","position":1,"name":"In\u00edcio","item":"https:\/\/www.sigmatools.com.br\/site\/"},{"@type":"ListItem","position":2,"name":"SGT-5139 &#8211; PRO &#8211; POLITRIZ AUTOMOTIVA 6&#8243;"}]},{"@type":"WebSite","@id":"https:\/\/www.sigmatools.com.br\/site\/#website","url":"https:\/\/www.sigmatools.com.br\/site\/","name":"Sigma Tools","description":"Equipamentos para Est\u00e9tica Automotiva e Oficina Mec\u00e2nica - Sigma Tools","publisher":{"@id":"https:\/\/www.sigmatools.com.br\/site\/#organization"},"potentialAction":[{"@type":"SearchAction","target":{"@type":"EntryPoint","urlTemplate":"https:\/\/www.sigmatools.com.br\/site\/?s={search_term_string}"},"query-input":{"@type":"PropertyValueSpecification","valueRequired":true,"valueName":"search_term_string"}}],"inLanguage":"pt-BR"},{"@type":"Organization","@id":"https:\/\/www.sigmatools.com.br\/site\/#organization","name":"SIGMA TOOLS","url":"https:\/\/www.sigmatools.com.br\/site\/","logo":{"@type":"ImageObject","inLanguage":"pt-BR","@id":"https:\/\/www.sigmatools.com.br\/site\/#\/schema\/logo\/image\/","url":"https:\/\/www.sigmatools.com.br\/site\/wp-content\/uploads\/2020\/01\/logo-sigma.png","contentUrl":"https:\/\/www.sigmatools.com.br\/site\/wp-content\/uploads\/2020\/01\/logo-sigma.png","width":152,"height":150,"caption":"SIGMA TOOLS"},"image":{"@id":"https:\/\/www.sigmatools.com.br\/site\/#\/schema\/logo\/image\/"},"sameAs":["https:\/\/www.facebook.com\/sigmatools"]}]}},"_links":{"self":[{"href":"https:\/\/www.sigmatools.com.br\/site\/wp-json\/wp\/v2\/product\/9637","targetHints":{"allow":["GET"]}}],"collection":[{"href":"https:\/\/www.sigmatools.com.br\/site\/wp-json\/wp\/v2\/product"}],"about":[{"href":"https:\/\/www.sigmatools.com.br\/site\/wp-json\/wp\/v2\/types\/product"}],"replies":[{"embeddable":true,"href":"https:\/\/www.sigmatools.com.br\/site\/wp-json\/wp\/v2\/comments?post=9637"}],"wp:featuredmedia":[{"embeddable":true,"href":"https:\/\/www.sigmatools.com.br\/site\/wp-json\/wp\/v2\/media\/9638"}],"wp:attachment":[{"href":"https:\/\/www.sigmatools.com.br\/site\/wp-json\/wp\/v2\/media?parent=9637"}],"wp:term":[{"taxonomy":"product_brand","embeddable":true,"href":"https:\/\/www.sigmatools.com.br\/site\/wp-json\/wp\/v2\/product_brand?post=9637"},{"taxonomy":"product_cat","embeddable":true,"href":"https:\/\/www.sigmatools.com.br\/site\/wp-json\/wp\/v2\/product_cat?post=9637"},{"taxonomy":"product_tag","embeddable":true,"href":"https:\/\/www.sigmatools.com.br\/site\/wp-json\/wp\/v2\/product_tag?post=9637"}],"curies":[{"name":"wp","href":"https:\/\/api.w.org\/{rel}","templated":true}]}}